{"id":7682,"date":"2024-12-09T14:07:23","date_gmt":"2024-12-09T13:07:23","guid":{"rendered":"https:\/\/voltmax.lu\/?page_id=7682"},"modified":"2026-02-16T14:13:51","modified_gmt":"2026-02-16T13:13:51","slug":"subventions","status":"publish","type":"page","link":"https:\/\/voltmax.lu\/fr\/subsidies\/","title":{"rendered":"Subventions"},"content":{"rendered":"<div data-elementor-type=\"wp-page\" data-elementor-id=\"7682\" class=\"elementor elementor-7682\">\n\t\t\t\t<div class=\"elementor-element elementor-element-c7c685f e-flex e-con-boxed e-con e-parent\" data-id=\"c7c685f\" data-element_type=\"container\" data-settings=\"{&quot;background_background&quot;:&quot;classic&quot;}\">\n\t\t\t\t\t<div class=\"e-con-inner\">\n\t\t\t\t<div class=\"elementor-element elementor-element-b23ad93 elementor-widget elementor-widget-spacer\" data-id=\"b23ad93\" data-element_type=\"widget\" data-widget_type=\"spacer.default\">\n\t\t\t\t<div class=\"elementor-widget-container\">\n\t\t\t\t\t<div class=\"elementor-spacer\">\n\t\t\t<div class=\"elementor-spacer-inner\"><\/div>\n\t\t<\/div>\n\t\t\t\t<\/div>\n\t\t\t\t<\/div>\n\t\t\t\t<div class=\"elementor-element elementor-element-007588e elementor-widget elementor-widget-heading\" data-id=\"007588e\" data-element_type=\"widget\" data-widget_type=\"heading.default\">\n\t\t\t\t<div class=\"elementor-widget-container\">\n\t\t\t<div class=\"elementor-heading-title elementor-size-default\">Subventions<\/div>\t\t<\/div>\n\t\t\t\t<\/div>\n\t\t\t\t<div class=\"elementor-element elementor-element-0b34857 elementor-widget-divider--view-line elementor-widget elementor-widget-divider\" data-id=\"0b34857\" data-element_type=\"widget\" data-widget_type=\"divider.default\">\n\t\t\t\t<div class=\"elementor-widget-container\">\n\t\t\t\t\t<div class=\"elementor-divider\">\n\t\t\t<div class=\"elementor-divider-separator\">\n\t\t\t\t\t\t<\/div>\n\t\t<\/div>\n\t\t\t\t<\/div>\n\t\t\t\t<\/div>\n\t\t\t\t<div class=\"elementor-element elementor-element-8fabf50 elementor-widget elementor-widget-heading\" data-id=\"8fabf50\" data-element_type=\"widget\" data-widget_type=\"heading.default\">\n\t\t\t\t<div class=\"elementor-widget-container\">\n\t\t\t<h1 class=\"elementor-heading-title elementor-size-default\">Subsidies in Luxembourg<\/h1>\t\t<\/div>\n\t\t\t\t<\/div>\n\t\t\t\t<div class=\"elementor-element elementor-element-6ff539d elementor-widget elementor-widget-spacer\" data-id=\"6ff539d\" data-element_type=\"widget\" data-widget_type=\"spacer.default\">\n\t\t\t\t<div class=\"elementor-widget-container\">\n\t\t\t\t\t<div class=\"elementor-spacer\">\n\t\t\t<div class=\"elementor-spacer-inner\"><\/div>\n\t\t<\/div>\n\t\t\t\t<\/div>\n\t\t\t\t<\/div>\n\t\t\t\t\t<\/div>\n\t\t\t\t<\/div>\n\t\t<div class=\"elementor-element elementor-element-0546d7c e-flex e-con-boxed e-con e-parent\" data-id=\"0546d7c\" data-element_type=\"container\">\n\t\t\t\t\t<div class=\"e-con-inner\">\n\t\t\t\t<div class=\"elementor-element elementor-element-d381091 elementor-widget elementor-widget-heading\" data-id=\"d381091\" data-element_type=\"widget\" data-widget_type=\"heading.default\">\n\t\t\t\t<div class=\"elementor-widget-container\">\n\t\t\t<h2 class=\"elementor-heading-title elementor-size-default\">Au Luxembourg, des subventions sont disponibles pour les syst\u00e8mes solaires photovolta\u00efques.<\/h2>\t\t<\/div>\n\t\t\t\t<\/div>\n\t\t\t\t<div class=\"elementor-element elementor-element-347f0ee elementor-widget elementor-widget-text-editor\" data-id=\"347f0ee\" data-element_type=\"widget\" data-widget_type=\"text-editor.default\">\n\t\t\t\t<div class=\"elementor-widget-container\">\n\t\t\t\t\t\t\t<p class=\"translation-block\">\u00c0 compter du 5 janvier, les subventions d'\u00c9tat Klimabonus seront modifi\u00e9es avec la mise en \u0153uvre de la nouvelle l\u00e9gislation (sous r\u00e9serve de l'adoption d\u00e9finitive de la loi).<\/p><p class=\"translation-block\">Ce <strong>prolonge le programme actuel<\/strong> d'un an et <strong>introduit de nouvelles subventions<\/strong> pour les installations photovolta\u00efques et les batteries domestiques, en accordant une plus grande importance \u00e0 la taille et \u00e0 la puissance des installations.<\/p>\t\t\t\t\t\t<\/div>\n\t\t\t\t<\/div>\n\t\t\t\t<div class=\"elementor-element elementor-element-0fbbb9d elementor-widget elementor-widget-text-editor\" data-id=\"0fbbb9d\" data-element_type=\"widget\" data-widget_type=\"text-editor.default\">\n\t\t\t\t<div class=\"elementor-widget-container\">\n\t\t\t\t\t\t\t<p class=\"translation-block\">Pour les offres sign\u00e9es entre le 1er octobre 2024 et le 4 mars 2026 et pour lesquelles la facture finale doit \u00eatre \u00e9mise au plus tard le 31 d\u00e9cembre 2026, une phase transitoire s'applique durant laquelle deux options sont disponibles\u00a0:<\/p><ul><li class=\"translation-block\">l'ancien syst\u00e8me de subventions, avec une <strong>subvention de 50%<\/strong> et un maximum de 1 250 \u20ac\/kWc (autoconsommation\/communaut\u00e9 \u00e9nerg\u00e9tique).<\/li><\/ul><p>OU<\/p><ul><li class=\"translation-block\">le <strong>nouveau programme de subventions Klimabonus<\/strong>, dont l\u2019application compl\u00e8te est d\u00e9taill\u00e9e dans la section ci-dessous \u00ab \u00c0 partir du 5 janvier 2026 \u00bb.<\/li><\/ul><p>Ce cadre applique une nouvelle formule de calcul bas\u00e9e sur la puissance install\u00e9e et, le cas \u00e9ch\u00e9ant, sur la capacit\u00e9 de la batterie install\u00e9e, et vous offre le choix entre\u00a0:<\/p><ul><li>soumettre la demande d'assistance de mani\u00e8re traditionnelle \u00e0 l'Administration de l'environnement<\/li><li>pr\u00e9financement utilisant la m\u00eame nouvelle formule de calcul, sous r\u00e9serve du respect des conditions de pr\u00e9financement.<\/li><\/ul><p><em>Il convient de noter qu'\u00e0 compter de cette p\u00e9riode, les installations associ\u00e9es \u00e0 un tarif de rachat garanti ne seront plus \u00e9ligibles \u00e0 une subvention.<\/em><\/p><p>Enfin, ce dispositif pr\u00e9voit \u00e9galement une subvention pour l'installation d'une batterie apr\u00e8s l'installation d'un syst\u00e8me photovolta\u00efque.<\/p>\t\t\t\t\t\t<\/div>\n\t\t\t\t<\/div>\n\t\t\t\t<div class=\"elementor-element elementor-element-c4b7f34 elementor-widget elementor-widget-heading\" data-id=\"c4b7f34\" data-element_type=\"widget\" data-widget_type=\"heading.default\">\n\t\t\t\t<div class=\"elementor-widget-container\">\n\t\t\t<h2 class=\"elementor-heading-title elementor-size-default\">Programmes d'aide financi\u00e8re pour le logement et la mobilit\u00e9 durables<\/h2>\t\t<\/div>\n\t\t\t\t<\/div>\n\t\t\t\t<div class=\"elementor-element elementor-element-6bd00e9 elementor-widget elementor-widget-text-editor\" data-id=\"6bd00e9\" data-element_type=\"widget\" data-widget_type=\"text-editor.default\">\n\t\t\t\t<div class=\"elementor-widget-container\">\n\t\t\t\t\t\t\t<h3>Photovolta\u00efque<\/h3><h3><a href=\"https:\/\/voltmax.lu\/fr\/klimabonus-522\/\">KLIMABONUS 522<\/a><\/h3><p>Le programme \"KLIMABONUS 522\" au Luxembourg offre une subvention de 500 \u20ac par kWp pour les syst\u00e8mes solaires photovolta\u00efques d'une puissance maximale de 50 kWp. Le programme est accessible aux particuliers et aux entreprises.<\/p><p>En savoir plus :\u00a0<a href=\"https:\/\/voltmax.lu\/fr\/klimabonus-522\/\">https:\/\/voltmax.lu\/klimabonus-522\/<\/a><\/p><hr \/><h3>Pompe \u00e0 chaleur air\/eau<\/h3><h3 class=\"mb-none mt-base\"><a href=\"https:\/\/voltmax.lu\/fr\/klimabonus-511\/\">KLIMABONUS 511<\/a><\/h3><p>Le programme \"KLIMABONUS 511\" est une initiative du gouvernement luxembourgeois qui offre des incitations financi\u00e8res pour l'installation de pompes \u00e0 chaleur. Le programme offre une subvention de 511 euros par kilowatt (kW) de capacit\u00e9 install\u00e9e, jusqu'\u00e0 un maximum de 10 kW. Cette subvention s'adresse aussi bien aux particuliers qu'aux entreprises.<\/p><p>En savoir plus :\u00a0<a href=\"https:\/\/voltmax.lu\/fr\/klimabonus-511\/\">https:\/\/voltmax.lu\/klimabonus-511\/<\/a><\/p><hr \/><h3>Station de charge intelligente<\/h3><h3><a href=\"https:\/\/voltmax.lu\/fr\/klimabonus-151\/\">KLIMABONUS 151<\/a><\/h3><p>Le programme \"KLIMABONUS 151\" est une initiative du gouvernement luxembourgeois qui offre des incitations financi\u00e8res pour l'installation de chargeurs de v\u00e9hicules \u00e9lectriques. Le programme offre une subvention de 151 \u20ac par kilowatt (kW) de capacit\u00e9 install\u00e9e, jusqu'\u00e0 un maximum de 22 kW. Cette subvention s'adresse aussi bien aux particuliers qu'aux entreprises.<\/p><p>En savoir plus :\u00a0<a href=\"https:\/\/voltmax.lu\/fr\/klimabonus-151\/\">https:\/\/voltmax.lu\/klimabonus-151\/<\/a><\/p>\t\t\t\t\t\t<\/div>\n\t\t\t\t<\/div>\n\t\t\t\t\t<\/div>\n\t\t\t\t<\/div>\n\t\t\t\t<\/div>","protected":false},"excerpt":{"rendered":"<p>Subsidies Subsidies in Luxembourg In Luxembourg, there are subsidies available for solar photovoltaic systems. From the 5th of January, the Klimabonus state subsidies will change with the implementation of the new legislation (subject to final adoption of the law).\u00a0 This extends the current scheme by one year and introduces new subsidies for photovoltaic installations and [&hellip;]<\/p>\n","protected":false},"author":1,"featured_media":0,"parent":0,"menu_order":0,"comment_status":"closed","ping_status":"closed","template":"elementor_header_footer","meta":{"inline_featured_image":false,"footnotes":""},"class_list":["post-7682","page","type-page","status-publish","hentry"],"_links":{"self":[{"href":"https:\/\/voltmax.lu\/fr\/wp-json\/wp\/v2\/pages\/7682","targetHints":{"allow":["GET"]}}],"collection":[{"href":"https:\/\/voltmax.lu\/fr\/wp-json\/wp\/v2\/pages"}],"about":[{"href":"https:\/\/voltmax.lu\/fr\/wp-json\/wp\/v2\/types\/page"}],"author":[{"embeddable":true,"href":"https:\/\/voltmax.lu\/fr\/wp-json\/wp\/v2\/users\/1"}],"replies":[{"embeddable":true,"href":"https:\/\/voltmax.lu\/fr\/wp-json\/wp\/v2\/comments?post=7682"}],"version-history":[{"count":13,"href":"https:\/\/voltmax.lu\/fr\/wp-json\/wp\/v2\/pages\/7682\/revisions"}],"predecessor-version":[{"id":18632,"href":"https:\/\/voltmax.lu\/fr\/wp-json\/wp\/v2\/pages\/7682\/revisions\/18632"}],"wp:attachment":[{"href":"https:\/\/voltmax.lu\/fr\/wp-json\/wp\/v2\/media?parent=7682"}],"curies":[{"name":"wp","href":"https:\/\/api.w.org\/{rel}","templated":true}]}}