{"id":13776,"date":"2025-04-18T13:43:34","date_gmt":"2025-04-18T11:43:34","guid":{"rendered":"https:\/\/voltmax.lu\/?page_id=13776"},"modified":"2025-12-16T11:50:32","modified_gmt":"2025-12-16T10:50:32","slug":"school","status":"publish","type":"page","link":"https:\/\/voltmax.lu\/fr\/school\/","title":{"rendered":"School"},"content":{"rendered":"<div data-elementor-type=\"wp-page\" data-elementor-id=\"13776\" class=\"elementor elementor-13776\">\n\t\t\t\t<div class=\"elementor-element elementor-element-62b6596 e-flex e-con-boxed e-con e-parent\" data-id=\"62b6596\" data-element_type=\"container\" data-settings=\"{&quot;background_background&quot;:&quot;classic&quot;}\">\n\t\t\t\t\t<div class=\"e-con-inner\">\n\t\t\t\t<div class=\"elementor-element elementor-element-75868fb elementor-widget elementor-widget-spacer\" data-id=\"75868fb\" data-element_type=\"widget\" data-widget_type=\"spacer.default\">\n\t\t\t\t<div class=\"elementor-widget-container\">\n\t\t\t\t\t<div class=\"elementor-spacer\">\n\t\t\t<div class=\"elementor-spacer-inner\"><\/div>\n\t\t<\/div>\n\t\t\t\t<\/div>\n\t\t\t\t<\/div>\n\t\t\t\t<div class=\"elementor-element elementor-element-f99e2dd elementor-widget elementor-widget-heading\" data-id=\"f99e2dd\" data-element_type=\"widget\" data-widget_type=\"heading.default\">\n\t\t\t\t<div class=\"elementor-widget-container\">\n\t\t\t<h1 class=\"elementor-heading-title elementor-size-default\">CONCOURS D'ART<\/h1>\t\t<\/div>\n\t\t\t\t<\/div>\n\t\t\t\t<div class=\"elementor-element elementor-element-f9e1dce elementor-widget-divider--view-line elementor-widget elementor-widget-divider\" data-id=\"f9e1dce\" data-element_type=\"widget\" data-widget_type=\"divider.default\">\n\t\t\t\t<div class=\"elementor-widget-container\">\n\t\t\t\t\t<div class=\"elementor-divider\">\n\t\t\t<div class=\"elementor-divider-separator\">\n\t\t\t\t\t\t<\/div>\n\t\t<\/div>\n\t\t\t\t<\/div>\n\t\t\t\t<\/div>\n\t\t\t\t<div class=\"elementor-element elementor-element-ab620f5 elementor-widget elementor-widget-heading\" data-id=\"ab620f5\" data-element_type=\"widget\" data-widget_type=\"heading.default\">\n\t\t\t\t<div class=\"elementor-widget-container\">\n\t\t\t<h2 class=\"elementor-heading-title elementor-size-default\">\u00c9nergies renouvelables, photovolta\u00efque, protection de l'environnement et \u00e9cologie.<\/h2>\t\t<\/div>\n\t\t\t\t<\/div>\n\t\t\t\t<div class=\"elementor-element elementor-element-7c1c485 elementor-widget elementor-widget-spacer\" data-id=\"7c1c485\" data-element_type=\"widget\" data-widget_type=\"spacer.default\">\n\t\t\t\t<div class=\"elementor-widget-container\">\n\t\t\t\t\t<div class=\"elementor-spacer\">\n\t\t\t<div class=\"elementor-spacer-inner\"><\/div>\n\t\t<\/div>\n\t\t\t\t<\/div>\n\t\t\t\t<\/div>\n\t\t\t\t\t<\/div>\n\t\t\t\t<\/div>\n\t\t<div class=\"elementor-element elementor-element-b7a60c2 e-flex e-con-boxed e-con e-parent\" data-id=\"b7a60c2\" data-element_type=\"container\">\n\t\t\t\t\t<div class=\"e-con-inner\">\n\t\t\t\t<div class=\"elementor-element elementor-element-a99ac56 elementor-widget elementor-widget-spacer\" data-id=\"a99ac56\" data-element_type=\"widget\" data-widget_type=\"spacer.default\">\n\t\t\t\t<div class=\"elementor-widget-container\">\n\t\t\t\t\t<div class=\"elementor-spacer\">\n\t\t\t<div class=\"elementor-spacer-inner\"><\/div>\n\t\t<\/div>\n\t\t\t\t<\/div>\n\t\t\t\t<\/div>\n\t\t\t\t<div class=\"elementor-element elementor-element-501b347 elementor-widget elementor-widget-heading\" data-id=\"501b347\" data-element_type=\"widget\" data-widget_type=\"heading.default\">\n\t\t\t\t<div class=\"elementor-widget-container\">\n\t\t\t<h2 class=\"elementor-heading-title elementor-size-default\">Shaping a Greener Future for Luxembourg<\/h2>\t\t<\/div>\n\t\t\t\t<\/div>\n\t\t\t\t<div class=\"elementor-element elementor-element-6fea24c elementor-widget elementor-widget-text-editor\" data-id=\"6fea24c\" data-element_type=\"widget\" data-widget_type=\"text-editor.default\">\n\t\t\t\t<div class=\"elementor-widget-container\">\n\t\t\t\t\t\t\t<p data-start=\"98\" data-end=\"675\">At Voltmax, we actively engage in educational initiatives because we believe that raising awareness about renewable energy and the use of solar power is key to strengthening Luxembourg\u2019s energy security. By helping people understand the importance of moving away from pollution caused by fossil fuels and toward clean, locally produced energy, we contribute to a more sustainable future for everyone. Each person has the power to become part of a greater mission &#8211; one that ensures Luxembourg will rely on safe, ecological, and reliable sources of energy for generations to come.<\/p>\t\t\t\t\t\t<\/div>\n\t\t\t\t<\/div>\n\t\t\t\t<div class=\"elementor-element elementor-element-25ba812 elementor-widget elementor-widget-text-editor\" data-id=\"25ba812\" data-element_type=\"widget\" data-widget_type=\"text-editor.default\">\n\t\t\t\t<div class=\"elementor-widget-container\">\n\t\t\t\t\t\t\t<p>Our projects in Luxembourg schools:<\/p>\t\t\t\t\t\t<\/div>\n\t\t\t\t<\/div>\n\t\t\t\t<div class=\"elementor-element elementor-element-f725bc9 elementor-widget elementor-widget-progress\" data-id=\"f725bc9\" data-element_type=\"widget\" data-widget_type=\"progress.default\">\n\t\t\t\t<div class=\"elementor-widget-container\">\n\t\t\t\t\t\t<span class=\"elementor-title\" id=\"elementor-progress-bar-f725bc9\">\n\t\t\t\tThematic classes and an art competition\t\t\t<\/span>\n\t\t\n\t\t<div aria-labelledby=\"elementor-progress-bar-f725bc9\" class=\"elementor-progress-wrapper\" role=\"progressbar\" aria-valuemin=\"0\" aria-valuemax=\"100\" aria-valuenow=\"20\" aria-valuetext=\"20% (St George&#039;s International School, Luxembourg)\">\n\t\t\t<div class=\"elementor-progress-bar\" data-max=\"20\">\n\t\t\t\t<span class=\"elementor-progress-text\">St George's International School, Luxembourg<\/span>\n\t\t\t\t\t\t\t\t\t<span class=\"elementor-progress-percentage\">20%<\/span>\n\t\t\t\t\t\t\t<\/div>\n\t\t<\/div>\n\t\t\t\t<\/div>\n\t\t\t\t<\/div>\n\t\t\t\t<div class=\"elementor-element elementor-element-79d51a4 elementor-widget elementor-widget-progress\" data-id=\"79d51a4\" data-element_type=\"widget\" data-widget_type=\"progress.default\">\n\t\t\t\t<div class=\"elementor-widget-container\">\n\t\t\t\t\t\t<span class=\"elementor-title\" id=\"elementor-progress-bar-79d51a4\">\n\t\t\t\tThematic classes and an art competition\t\t\t<\/span>\n\t\t\n\t\t<div aria-labelledby=\"elementor-progress-bar-79d51a4\" class=\"elementor-progress-wrapper\" role=\"progressbar\" aria-valuemin=\"0\" aria-valuemax=\"100\" aria-valuenow=\"100\" aria-valuetext=\"100% (Ecole Priv\u00e9e Notre-Dame Sainte-Sophie)\">\n\t\t\t<div class=\"elementor-progress-bar\" data-max=\"100\">\n\t\t\t\t<span class=\"elementor-progress-text\">Ecole Priv\u00e9e Notre-Dame Sainte-Sophie<\/span>\n\t\t\t\t\t\t\t\t\t<span class=\"elementor-progress-percentage\">100%<\/span>\n\t\t\t\t\t\t\t<\/div>\n\t\t<\/div>\n\t\t\t\t<\/div>\n\t\t\t\t<\/div>\n\t\t\t\t<div class=\"elementor-element elementor-element-bc71942 elementor-widget-divider--view-line elementor-widget elementor-widget-divider\" data-id=\"bc71942\" data-element_type=\"widget\" data-widget_type=\"divider.default\">\n\t\t\t\t<div class=\"elementor-widget-container\">\n\t\t\t\t\t<div class=\"elementor-divider\">\n\t\t\t<div class=\"elementor-divider-separator\">\n\t\t\t\t\t\t<\/div>\n\t\t<\/div>\n\t\t\t\t<\/div>\n\t\t\t\t<\/div>\n\t\t\t\t<div class=\"elementor-element elementor-element-d3494b5 elementor-tabs-view-horizontal elementor-widget elementor-widget-tabs\" data-id=\"d3494b5\" data-element_type=\"widget\" data-widget_type=\"tabs.default\">\n\t\t\t\t<div class=\"elementor-widget-container\">\n\t\t\t\t\t<div class=\"elementor-tabs\">\n\t\t\t<div class=\"elementor-tabs-wrapper\" role=\"tablist\" >\n\t\t\t\t\t\t\t\t\t<div id=\"elementor-tab-title-2211\" class=\"elementor-tab-title elementor-tab-desktop-title\" aria-selected=\"true\" data-tab=\"1\" role=\"tab\" tabindex=\"0\" aria-controls=\"elementor-tab-content-2211\" aria-expanded=\"false\">St George's International School, Luxembourg<\/div>\n\t\t\t\t\t\t\t\t\t<div id=\"elementor-tab-title-2212\" class=\"elementor-tab-title elementor-tab-desktop-title\" aria-selected=\"false\" data-tab=\"2\" role=\"tab\" tabindex=\"-1\" aria-controls=\"elementor-tab-content-2212\" aria-expanded=\"false\">Ecole Priv\u00e9e Notre-Dame Sainte-Sophie\u200b<\/div>\n\t\t\t\t\t\t\t<\/div>\n\t\t\t<div class=\"elementor-tabs-content-wrapper\" role=\"tablist\" aria-orientation=\"vertical\">\n\t\t\t\t\t\t\t\t\t<div class=\"elementor-tab-title elementor-tab-mobile-title\" aria-selected=\"true\" data-tab=\"1\" role=\"tab\" tabindex=\"0\" aria-controls=\"elementor-tab-content-2211\" aria-expanded=\"false\">St George's International School, Luxembourg<\/div>\n\t\t\t\t\t<div id=\"elementor-tab-content-2211\" class=\"elementor-tab-content elementor-clearfix\" data-tab=\"1\" role=\"tabpanel\" aria-labelledby=\"elementor-tab-title-2211\" tabindex=\"0\" hidden=\"false\"><h2 style=\"text-align: center;\"><span style=\"color: #0000ff;\">ART COMPETITION<\/span><\/h2>\n<h3 style=\"text-align: center;\"><span style=\"color: #339966;\">Renewable energy, photovoltaics, environmental protection, and ecology.<\/span><\/h3>\n<p>Creative Project Themes<\/p>\n<ol>\n<li>My favorite renewable energy source and how we use it every day<\/li>\n<li>My dream house powered by solar energy. Present a house powered by renewable energy.<\/li>\n<li>Design a poster to show HOW solar energy can change Luxembourg<\/li>\n<li>Invent and draw a solar energy superhero \u2013 give them a name, powers, and show how they help the planet with their abilities<\/li>\n<\/ol>\n<p><strong>How to prepare your project?<\/strong><\/p>\n<p>The image or poster can be painted, drawn, or glued (collage). Computer-generated graphics are not acceptable!<\/p>\n<p style=\"text-align: center;\"><!-- \/wp:paragraph --><!-- wp:paragraph --><\/p>\n<p style=\"text-align: center;\"><!-- \/wp:paragraph --><!-- wp:heading {\"level\":3} --><\/p>\n<h3 class=\"wp-block-heading\" style=\"text-align: center;\">Participants will be divided into three age categories:<\/h3>\n<p style=\"text-align: center;\"><!-- \/wp:heading --><!-- wp:paragraph --><\/p>\n<ul>\n<li style=\"text-align: center;\">Younger group : 8-11 years old<!-- \/wp:paragraph --><!-- wp:paragraph --><\/li>\n<li style=\"text-align: center;\">Older Group: 12-15 years old<\/li>\n<\/ul>\n<p>\u00a0<\/p>\n<p style=\"text-align: center;\"><!-- \/wp:paragraph --><!-- wp:heading {\"level\":3} --><\/p>\n<p><strong>How to participate?<\/strong><\/p>\n<p>Prepare your work and submit it<\/p>\n<p>to the school<\/p>\n<p>Include a signed parent\/guardian statement of participation with your work.<\/p>\n<p>Submission deadline:\u00a0 &#8211;\u00a0<\/p>\n<p><strong>Prizes for winning entries<\/strong><\/p>\n<p>2 x <strong>\u20ac300<\/strong> main prizes in the form of vouchers for bicycles and accessories from the renowned Andy Schleck bicycle shop and Educational game<\/p>\n<p>2 x <strong>\u20ac200<\/strong> prizes in the form of vouchers for bicycles and accessories from the renowned Andy Schleck bicycle shop and Educational game<\/p>\n<p>2 x <strong>\u20ac100<\/strong> prizes in the form of vouchers for bicycles and accessories from the renowned Andy Schleck bicycle shop and Educational game<\/p>\n<p>Special certificates of recognition for participants<\/p>\n<h3>We look forward to seeing your artwork!<\/h3>\n<p>Declaration available at:<\/p>\n<ul>\n<li><a href=\"https:\/\/voltmax.lu\/wp-content\/uploads\/2025\/12\/St-Georges-FORM.pdf\">St Georges &#8211; FORM<\/a><\/li>\n<\/ul>\n<p><strong>The awards ceremony and presentation of the winning works will take place in the school auditorium in March.<\/strong><\/p><\/div>\n\t\t\t\t\t\t\t\t\t<div class=\"elementor-tab-title elementor-tab-mobile-title\" aria-selected=\"false\" data-tab=\"2\" role=\"tab\" tabindex=\"-1\" aria-controls=\"elementor-tab-content-2212\" aria-expanded=\"false\">Ecole Priv\u00e9e Notre-Dame Sainte-Sophie\u200b<\/div>\n\t\t\t\t\t<div id=\"elementor-tab-content-2212\" class=\"elementor-tab-content elementor-clearfix\" data-tab=\"2\" role=\"tabpanel\" aria-labelledby=\"elementor-tab-title-2212\" tabindex=\"0\" hidden=\"hidden\"><h2 style=\"text-align: center;\">CONCOURS D&#8217;ART\u200b<\/h2>\n<h4 style=\"text-align: center;\">\u00c9nergies renouvelables, photovolta\u00efque, protection de l&#8217;environnement et \u00e9cologie.\u200b<\/h4>\n<p style=\"text-align: center;\"><img fetchpriority=\"high\" decoding=\"async\" class=\"aligncenter wp-image-13777 size-full\" title=\"PLAKAT SAINT SOPHIE\" src=\"https:\/\/voltmax.lu\/wp-content\/uploads\/2025\/04\/PLAKAT-SAINT-SOPHIE-1.jpg\" alt=\"PLAKAT SAINT SOPHIE (1)\" width=\"794\" height=\"1123\" srcset=\"https:\/\/voltmax.lu\/wp-content\/uploads\/2025\/04\/PLAKAT-SAINT-SOPHIE-1.jpg 794w, https:\/\/voltmax.lu\/wp-content\/uploads\/2025\/04\/PLAKAT-SAINT-SOPHIE-1-212x300.webp 212w, https:\/\/voltmax.lu\/wp-content\/uploads\/2025\/04\/PLAKAT-SAINT-SOPHIE-1-724x1024.webp 724w, https:\/\/voltmax.lu\/wp-content\/uploads\/2025\/04\/PLAKAT-SAINT-SOPHIE-1-768x1086.webp 768w, https:\/\/voltmax.lu\/wp-content\/uploads\/2025\/04\/PLAKAT-SAINT-SOPHIE-1-8x12.webp 8w\" sizes=\"(max-width: 794px) 100vw, 794px\" \/><\/p>\n<h3 class=\"wp-block-heading\" style=\"text-align: center;\"><span style=\"color: #008000;\">Th\u00e8mes des travaux cr\u00e9atifs<\/span><\/h3>\n<p style=\"text-align: center;\"><!-- \/wp:heading --><!-- wp:paragraph --><\/p>\n<p style=\"text-align: center;\"><strong>1. Mon \u00e9nergie renouvelable pr\u00e9f\u00e9r\u00e9e et comment on l\u2019utilise tous les jours<\/strong><\/p>\n<p style=\"text-align: center;\"><!-- \/wp:paragraph --><!-- wp:paragraph --><\/p>\n<p style=\"text-align: center;\"><strong>2.<\/strong> <strong>Ma maison de r\u00eave avec l\u2019\u00e9nergie solaire. Pr\u00e9sentez une maison aliment\u00e9e par des \u00e9nergies renouvelables.<\/strong><\/p>\n<p style=\"text-align: center;\"><!-- \/wp:paragraph --><!-- wp:paragraph --><\/p>\n<p style=\"text-align: center;\"><strong>3. Dessine une affiche pour montrer COMMENT l\u2019\u00e9nergie du soleil peut changer le Luxembourg<\/strong><\/p>\n<p style=\"text-align: center;\"><!-- \/wp:paragraph --><!-- wp:paragraph --><\/p>\n<p style=\"text-align: center;\"><strong>4. Invente et dessine un super-h\u00e9ros de l\u2019\u00e9nergie solaire \u2013 donne-lui un nom, des pouvoirs et montre comment il aide la plan\u00e8te gr\u00e2ce aux ses pouvoirs<\/strong><\/p>\n<p style=\"text-align: center;\"><!-- \/wp:paragraph --><!-- wp:paragraph --><\/p>\n<p style=\"text-align: center;\">\u00a0<\/p>\n<p style=\"text-align: center;\"><!-- \/wp:paragraph --><!-- wp:paragraph --><\/p>\n<p style=\"text-align: center;\"><span style=\"color: #008000;\"><strong>Comment pr\u00e9parer le travail ?<\/strong><\/span><\/p>\n<p style=\"text-align: center;\"><!-- \/wp:paragraph --><!-- wp:paragraph --><\/p>\n<p style=\"text-align: center;\"><strong>L&#8217;image ou l&#8217;affiche peut \u00eatre peinte, dessin\u00e9e ou coll\u00e9e (collage). Les graphiques g\u00e9n\u00e9r\u00e9s par ordinateur ne sont pas admissibles !<\/strong><\/p>\n<p style=\"text-align: center;\"><!-- \/wp:paragraph --><!-- wp:paragraph --><\/p>\n<p style=\"text-align: center;\">\u00a0<\/p>\n<p style=\"text-align: center;\"><!-- \/wp:paragraph --><!-- wp:heading {\"level\":3} --><\/p>\n<h3 class=\"wp-block-heading\" style=\"text-align: center;\">\u00a0<\/h3>\n<h3 class=\"wp-block-heading\" style=\"text-align: center;\">Les participants seront distingu\u00e9s en trois cat\u00e9gories d&#8217;\u00e2ge :<\/h3>\n<p style=\"text-align: center;\"><!-- \/wp:heading --><!-- wp:paragraph --><\/p>\n<p style=\"text-align: center;\"><strong>Groupe junior : <\/strong><strong>6-10<\/strong><strong> ans<\/strong><\/p>\n<p style=\"text-align: center;\"><!-- \/wp:paragraph --><!-- wp:paragraph --><\/p>\n<p style=\"text-align: center;\"><strong>Groupe interm\u00e9diaire\u00a0:<\/strong> <strong>11-14<\/strong><strong>\u00a0ans<\/strong><\/p>\n<p style=\"text-align: center;\"><!-- \/wp:paragraph --><!-- wp:paragraph --><\/p>\n<p style=\"text-align: center;\"><strong>Groupe s\u00e9nior : <\/strong><strong>15-18 <\/strong><strong>ans<\/strong><\/p>\n<p style=\"text-align: center;\"><!-- \/wp:paragraph --><!-- wp:heading {\"level\":3} --><\/p>\n<h3 class=\"wp-block-heading\" style=\"text-align: center;\">Comment participer ?<\/h3>\n<p style=\"text-align: center;\"><!-- \/wp:heading --><!-- wp:paragraph --><\/p>\n<p style=\"text-align: center;\">Pr\u00e9pare ton travail et passe-le<\/p>\n<p style=\"text-align: center;\"><!-- \/wp:paragraph --><!-- wp:paragraph --><\/p>\n<p style=\"text-align: center;\">au Coordinateur communication et d\u00e9veloppement durable : Lucas LIEGEOIS<\/p>\n<p style=\"text-align: center;\"><!-- \/wp:paragraph --><!-- wp:paragraph --><\/p>\n<p style=\"text-align: center;\">Ajoute \u00e0 ton travail une d\u00e9claration de participation sign\u00e9e par un parent.<\/p>\n<p style=\"text-align: center;\"><!-- \/wp:paragraph --><!-- wp:paragraph --><\/p>\n<p style=\"text-align: center;\">\u00a0<\/p>\n<p style=\"text-align: center;\"><!-- \/wp:paragraph --><!-- wp:heading --><\/p>\n<h2 class=\"wp-block-heading\" style=\"text-align: center;\">Rendu des \u0153uvres : <span style=\"color: #008000;\">22 avril au 16 mai 2025<\/span><\/h2>\n<p style=\"text-align: center;\"><!-- \/wp:heading --><!-- wp:paragraph --><\/p>\n<p style=\"text-align: center;\">\u00a0<\/p>\n<p style=\"text-align: center;\"><!-- \/wp:paragraph --><!-- wp:paragraph --><\/p>\n<p style=\"text-align: center;\">Prix pour les \u0153uvres gagnantes<\/p>\n<p style=\"text-align: center;\"><!-- \/wp:paragraph --><!-- wp:paragraph --><\/p>\n<p style=\"text-align: center;\"><strong>3 x 500 \u20ac<\/strong><strong> de prix principal sous forme de bon d&#8217;achat pour des v\u00e9los et des accessoires du c\u00e9l\u00e8bre magasin de v\u00e9los Andy Schleck<\/strong><\/p>\n<p style=\"text-align: center;\"><!-- \/wp:paragraph --><!-- wp:paragraph --><\/p>\n<p style=\"text-align: center;\"><strong>6 x 150 \u20ac<\/strong><strong> de prix sous forme de bon d&#8217;achat pour des v\u00e9los et accessoires du c\u00e9l\u00e8bre magasin de v\u00e9los Andy Schleck<\/strong><\/p>\n<p style=\"text-align: center;\"><!-- \/wp:paragraph --><!-- wp:paragraph --><\/p>\n<p style=\"text-align: center;\"><strong>Jeux \u00e9ducatifs pour les participants<\/strong><\/p>\n<p style=\"text-align: center;\"><!-- \/wp:paragraph --><!-- wp:paragraph --><\/p>\n<p style=\"text-align: center;\"><strong>Bonbons et gadgets de la marque Voltmax<\/strong><\/p>\n<p style=\"text-align: center;\"><!-- \/wp:paragraph --><!-- wp:paragraph --><\/p>\n<p style=\"text-align: center;\"><strong>Certificats sp\u00e9ciaux de reconnaissance pour les participants<\/strong><\/p>\n<p style=\"text-align: center;\"><!-- \/wp:paragraph --><!-- wp:paragraph --><\/p>\n<p style=\"text-align: center;\"><!-- \/wp:paragraph --><!-- wp:image --><\/p>\n<figure class=\"wp-block-image\"><img alt=\"\" \/><\/figure>\n<p style=\"text-align: center;\"><!-- \/wp:image --><!-- wp:paragraph --><\/p>\n<p style=\"text-align: center;\"><strong>M. Andy Schleck, vainqueur du Tour de France 2010, remettra personnellement les prix aux vainqueurs !<\/strong><\/p>\n<p style=\"text-align: center;\"><!-- \/wp:paragraph --><!-- wp:paragraph --><\/p>\n<p style=\"text-align: center;\"><!-- \/wp:paragraph --><!-- wp:paragraph --><\/p>\n<p style=\"text-align: center;\"><strong>\u00a0<\/strong><\/p>\n<p style=\"text-align: center;\"><!-- \/wp:paragraph --><!-- wp:paragraph --><\/p>\n<p style=\"text-align: center;\">\u00a0<\/p>\n<p style=\"text-align: center;\"><!-- \/wp:paragraph --><!-- wp:paragraph --><\/p>\n<p style=\"text-align: center;\">Nous attendons tes oeuvres !<\/p>\n<p style=\"text-align: center;\"><!-- \/wp:paragraph --><!-- wp:heading --><\/p>\n<h2 class=\"wp-block-heading\" style=\"text-align: center;\">D\u00e9claration disponible sur:<\/h2>\n<p style=\"text-align: center;\"><!-- \/wp:heading --><!-- wp:paragraph --><\/p>\n<p style=\"text-align: center;\">\u00a0<\/p>\n<p style=\"text-align: center;\"><strong>Les \u0153uvres gagnantes seront pr\u00e9sent\u00e9es lors de l&#8217;\u00e9v\u00e9nement <a href=\"https:\/\/luga.lu\/en\/site\/petrusse-valley\/living-spaces\/le-science-hub\/#map-element\" target=\"_blank\" rel=\"noopener\">LUGA au Sience HUB<\/a>,\u00a0<\/strong><\/p>\n<p style=\"text-align: center;\"><span style=\"color: #008000;\"><strong>le mardi 10 juin 2025,\u00a0<\/strong><\/span><\/p>\n<p style=\"text-align: center;\"><span style=\"color: #008000;\"><strong>\u00e0 partir de 16h00 !<\/strong><\/span><\/p>\n<p style=\"text-align: center;\">\u00a0<\/p>\n<p style=\"text-align: center;\">\u00a0<\/p><\/div>\n\t\t\t\t\t\t\t<\/div>\n\t\t<\/div>\n\t\t\t\t<\/div>\n\t\t\t\t<\/div>\n\t\t\t\t\t<\/div>\n\t\t\t\t<\/div>\n\t\t\t\t<\/div>","protected":false},"excerpt":{"rendered":"<p>CONCOURS D&#8217;ART \u00c9nergies renouvelables, photovolta\u00efque, protection de l&#8217;environnement et \u00e9cologie. Shaping a Greener Future for Luxembourg At Voltmax, we actively engage in educational initiatives because we believe that raising awareness about renewable energy and the use of solar power is key to strengthening Luxembourg\u2019s energy security. By helping people understand the importance of moving away [&hellip;]<\/p>\n","protected":false},"author":5,"featured_media":0,"parent":0,"menu_order":0,"comment_status":"closed","ping_status":"closed","template":"elementor_header_footer","meta":{"inline_featured_image":false,"footnotes":""},"class_list":["post-13776","page","type-page","status-publish","hentry"],"_links":{"self":[{"href":"https:\/\/voltmax.lu\/fr\/wp-json\/wp\/v2\/pages\/13776","targetHints":{"allow":["GET"]}}],"collection":[{"href":"https:\/\/voltmax.lu\/fr\/wp-json\/wp\/v2\/pages"}],"about":[{"href":"https:\/\/voltmax.lu\/fr\/wp-json\/wp\/v2\/types\/page"}],"author":[{"embeddable":true,"href":"https:\/\/voltmax.lu\/fr\/wp-json\/wp\/v2\/users\/5"}],"replies":[{"embeddable":true,"href":"https:\/\/voltmax.lu\/fr\/wp-json\/wp\/v2\/comments?post=13776"}],"version-history":[{"count":34,"href":"https:\/\/voltmax.lu\/fr\/wp-json\/wp\/v2\/pages\/13776\/revisions"}],"predecessor-version":[{"id":17858,"href":"https:\/\/voltmax.lu\/fr\/wp-json\/wp\/v2\/pages\/13776\/revisions\/17858"}],"wp:attachment":[{"href":"https:\/\/voltmax.lu\/fr\/wp-json\/wp\/v2\/media?parent=13776"}],"curies":[{"name":"wp","href":"https:\/\/api.w.org\/{rel}","templated":true}]}}