{"id":13187,"date":"2025-02-28T23:33:02","date_gmt":"2025-02-28T22:33:02","guid":{"rendered":"https:\/\/voltmax.lu\/?page_id=13187"},"modified":"2025-03-20T11:05:05","modified_gmt":"2025-03-20T10:05:05","slug":"declaration-d-accessibilite-du-site-web-voltmax-lu","status":"publish","type":"page","link":"https:\/\/voltmax.lu\/fr\/accessibility-statement-of-the-voltmax-lu-website\/","title":{"rendered":"D\u00e9claration d'accessibilit\u00e9 du site voltmax.lu"},"content":{"rendered":"<div data-elementor-type=\"wp-page\" data-elementor-id=\"13187\" class=\"elementor elementor-13187\">\n\t\t\t\t<div class=\"elementor-element elementor-element-b0336a1 e-flex e-con-boxed e-con e-parent\" data-id=\"b0336a1\" data-element_type=\"container\" data-settings=\"{&quot;background_background&quot;:&quot;classic&quot;}\">\n\t\t\t\t\t<div class=\"e-con-inner\">\n\t\t\t\t<div class=\"elementor-element elementor-element-30ce5af elementor-widget elementor-widget-spacer\" data-id=\"30ce5af\" data-element_type=\"widget\" data-widget_type=\"spacer.default\">\n\t\t\t\t<div class=\"elementor-widget-container\">\n\t\t\t\t\t<div class=\"elementor-spacer\">\n\t\t\t<div class=\"elementor-spacer-inner\"><\/div>\n\t\t<\/div>\n\t\t\t\t<\/div>\n\t\t\t\t<\/div>\n\t\t\t\t<div class=\"elementor-element elementor-element-853ba00 elementor-widget elementor-widget-heading\" data-id=\"853ba00\" data-element_type=\"widget\" data-widget_type=\"heading.default\">\n\t\t\t\t<div class=\"elementor-widget-container\">\n\t\t\t<div class=\"elementor-heading-title elementor-size-default\">Date de la derni\u00e8re mise \u00e0 jour : 2025-02-28<\/div>\t\t<\/div>\n\t\t\t\t<\/div>\n\t\t\t\t<div class=\"elementor-element elementor-element-c6bb24e elementor-widget-divider--view-line elementor-widget elementor-widget-divider\" data-id=\"c6bb24e\" data-element_type=\"widget\" data-widget_type=\"divider.default\">\n\t\t\t\t<div class=\"elementor-widget-container\">\n\t\t\t\t\t<div class=\"elementor-divider\">\n\t\t\t<div class=\"elementor-divider-separator\">\n\t\t\t\t\t\t<\/div>\n\t\t<\/div>\n\t\t\t\t<\/div>\n\t\t\t\t<\/div>\n\t\t\t\t<div class=\"elementor-element elementor-element-3737d2e elementor-widget elementor-widget-heading\" data-id=\"3737d2e\" data-element_type=\"widget\" data-widget_type=\"heading.default\">\n\t\t\t\t<div class=\"elementor-widget-container\">\n\t\t\t<h1 class=\"elementor-heading-title elementor-size-default\">D\u00e9claration d'accessibilit\u00e9 du site voltmax.lu<\/h1>\t\t<\/div>\n\t\t\t\t<\/div>\n\t\t\t\t<div class=\"elementor-element elementor-element-a98cf6b elementor-widget elementor-widget-spacer\" data-id=\"a98cf6b\" data-element_type=\"widget\" data-widget_type=\"spacer.default\">\n\t\t\t\t<div class=\"elementor-widget-container\">\n\t\t\t\t\t<div class=\"elementor-spacer\">\n\t\t\t<div class=\"elementor-spacer-inner\"><\/div>\n\t\t<\/div>\n\t\t\t\t<\/div>\n\t\t\t\t<\/div>\n\t\t\t\t\t<\/div>\n\t\t\t\t<\/div>\n\t\t<div class=\"elementor-element elementor-element-750c71d e-flex e-con-boxed e-con e-parent\" data-id=\"750c71d\" data-element_type=\"container\">\n\t\t\t\t\t<div class=\"e-con-inner\">\n\t\t\t\t<div class=\"elementor-element elementor-element-d9065bb elementor-widget elementor-widget-spacer\" data-id=\"d9065bb\" data-element_type=\"widget\" data-widget_type=\"spacer.default\">\n\t\t\t\t<div class=\"elementor-widget-container\">\n\t\t\t\t\t<div class=\"elementor-spacer\">\n\t\t\t<div class=\"elementor-spacer-inner\"><\/div>\n\t\t<\/div>\n\t\t\t\t<\/div>\n\t\t\t\t<\/div>\n\t\t\t\t<div class=\"elementor-element elementor-element-4f13fa2 elementor-widget elementor-widget-heading\" data-id=\"4f13fa2\" data-element_type=\"widget\" data-widget_type=\"heading.default\">\n\t\t\t\t<div class=\"elementor-widget-container\">\n\t\t\t<h2 class=\"elementor-heading-title elementor-size-default\">Situation en termes de conformit\u00e9 avec la loi polonaise<\/h2>\t\t<\/div>\n\t\t\t\t<\/div>\n\t\t\t\t<div class=\"elementor-element elementor-element-32a7133 elementor-widget elementor-widget-text-editor\" data-id=\"32a7133\" data-element_type=\"widget\" data-widget_type=\"text-editor.default\">\n\t\t\t\t<div class=\"elementor-widget-container\">\n\t\t\t\t\t\t\t<p>Le site Web est conforme \u00e0 la norme WCAG 2.1 au niveau AA. Le site Web est enti\u00e8rement compatible avec les logiciels d'assistance aux personnes handicap\u00e9es, tels que les lecteurs d'\u00e9cran. Le site Web est enti\u00e8rement exploit\u00e9 \u00e0 l'aide du clavier et de la souris, ainsi que du clavier lui-m\u00eame. Le site Web r\u00e9pond aux exigences de la loi du 4 avril 2019 relative \u00e0 l'accessibilit\u00e9 num\u00e9rique des sites Web et des applications mobiles des entit\u00e9s publiques et de la loi du 26 avril 2024 visant \u00e0 garantir le respect des exigences d'accessibilit\u00e9 de certains produits et services par les entit\u00e9s commerciales.<\/p>\t\t\t\t\t\t<\/div>\n\t\t\t\t<\/div>\n\t\t\t\t<div class=\"elementor-element elementor-element-e9e8c7a elementor-widget elementor-widget-heading\" data-id=\"e9e8c7a\" data-element_type=\"widget\" data-widget_type=\"heading.default\">\n\t\t\t\t<div class=\"elementor-widget-container\">\n\t\t\t<h2 class=\"elementor-heading-title elementor-size-default\">Pr\u00e9paration d'une d\u00e9claration d'accessibilit\u00e9<\/h2>\t\t<\/div>\n\t\t\t\t<\/div>\n\t\t\t\t<div class=\"elementor-element elementor-element-d55056c elementor-widget elementor-widget-text-editor\" data-id=\"d55056c\" data-element_type=\"widget\" data-widget_type=\"text-editor.default\">\n\t\t\t\t<div class=\"elementor-widget-container\">\n\t\t\t\t\t\t\t<p>La d\u00e9claration a \u00e9t\u00e9 pr\u00e9par\u00e9e le : 2025-02-28<\/p><p>The statement was prepared on the basis of an external entity&#8217;s assessment carried out by: <a href=\"https:\/\/accessibility.com.pl\" target=\"_blank\" rel=\"noopener\">accessibility.com.pl<\/a><\/p>\t\t\t\t\t\t<\/div>\n\t\t\t\t<\/div>\n\t\t\t\t<div class=\"elementor-element elementor-element-9d20e51 elementor-widget elementor-widget-spacer\" data-id=\"9d20e51\" data-element_type=\"widget\" data-widget_type=\"spacer.default\">\n\t\t\t\t<div class=\"elementor-widget-container\">\n\t\t\t\t\t<div class=\"elementor-spacer\">\n\t\t\t<div class=\"elementor-spacer-inner\"><\/div>\n\t\t<\/div>\n\t\t\t\t<\/div>\n\t\t\t\t<\/div>\n\t\t\t\t\t<\/div>\n\t\t\t\t<\/div>\n\t\t<div class=\"elementor-element elementor-element-2711999 e-flex e-con-boxed e-con e-parent\" data-id=\"2711999\" data-element_type=\"container\">\n\t\t\t\t\t<div class=\"e-con-inner\">\n\t\t\t\t<div class=\"elementor-element elementor-element-e3edd03 elementor-widget elementor-widget-image\" data-id=\"e3edd03\" data-element_type=\"widget\" data-widget_type=\"image.default\">\n\t\t\t\t<div class=\"elementor-widget-container\">\n\t\t\t\t\t\t\t\t\t\t\t\t\t<img decoding=\"async\" src=\"https:\/\/voltmax.lu\/wp-content\/uploads\/2024\/12\/Znak_jakosci_accessibility_2025-1-kopia.png\" title=\"\" alt=\"accessibility\" loading=\"lazy\">\t\t\t\t\t\t\t\t\t\t\t\t\t<\/div>\n\t\t\t\t<\/div>\n\t\t\t\t\t<\/div>\n\t\t\t\t<\/div>\n\t\t\t\t<\/div>","protected":false},"excerpt":{"rendered":"<p>Date of last update: 2025-02-28 Accessibility statement of the voltmax.lu website Status in terms of compliance with the Polish Act The website complies with the WCAG 2.1 standard at AA level. The website is fully compatible with software that assists disabled people, such as screen readers. The website is fully operated using both the keyboard [&hellip;]<\/p>\n","protected":false},"author":1,"featured_media":0,"parent":0,"menu_order":0,"comment_status":"closed","ping_status":"closed","template":"elementor_header_footer","meta":{"inline_featured_image":false,"footnotes":""},"class_list":["post-13187","page","type-page","status-publish","hentry"],"_links":{"self":[{"href":"https:\/\/voltmax.lu\/fr\/wp-json\/wp\/v2\/pages\/13187","targetHints":{"allow":["GET"]}}],"collection":[{"href":"https:\/\/voltmax.lu\/fr\/wp-json\/wp\/v2\/pages"}],"about":[{"href":"https:\/\/voltmax.lu\/fr\/wp-json\/wp\/v2\/types\/page"}],"author":[{"embeddable":true,"href":"https:\/\/voltmax.lu\/fr\/wp-json\/wp\/v2\/users\/1"}],"replies":[{"embeddable":true,"href":"https:\/\/voltmax.lu\/fr\/wp-json\/wp\/v2\/comments?post=13187"}],"version-history":[{"count":0,"href":"https:\/\/voltmax.lu\/fr\/wp-json\/wp\/v2\/pages\/13187\/revisions"}],"wp:attachment":[{"href":"https:\/\/voltmax.lu\/fr\/wp-json\/wp\/v2\/media?parent=13187"}],"curies":[{"name":"wp","href":"https:\/\/api.w.org\/{rel}","templated":true}]}}