{"id":12638,"date":"2025-02-14T09:40:18","date_gmt":"2025-02-14T08:40:18","guid":{"rendered":"https:\/\/voltmax.lu\/?page_id=12638"},"modified":"2025-09-16T11:36:13","modified_gmt":"2025-09-16T09:36:13","slug":"conseiller-technico-commercial-2","status":"publish","type":"page","link":"https:\/\/voltmax.lu\/fr\/technical-sales-advisor\/","title":{"rendered":"Job &#8211; Technical Sales Advisor"},"content":{"rendered":"<div data-elementor-type=\"wp-page\" data-elementor-id=\"12638\" class=\"elementor elementor-12638\">\n\t\t\t\t<div class=\"elementor-element elementor-element-2dae31c e-flex e-con-boxed e-con e-parent\" data-id=\"2dae31c\" data-element_type=\"container\" data-e-type=\"container\" data-settings=\"{&quot;background_background&quot;:&quot;classic&quot;}\">\n\t\t\t\t\t<div class=\"e-con-inner\">\n\t\t\t\t<div class=\"elementor-element elementor-element-6ed4fac elementor-widget elementor-widget-spacer\" data-id=\"6ed4fac\" data-element_type=\"widget\" data-e-type=\"widget\" data-widget_type=\"spacer.default\">\n\t\t\t\t<div class=\"elementor-widget-container\">\n\t\t\t\t\t\t\t<div class=\"elementor-spacer\">\n\t\t\t<div class=\"elementor-spacer-inner\"><\/div>\n\t\t<\/div>\n\t\t\t\t\t\t<\/div>\n\t\t\t\t<\/div>\n\t\t\t\t<div class=\"elementor-element elementor-element-ed4b1f5 elementor-widget elementor-widget-heading\" data-id=\"ed4b1f5\" data-element_type=\"widget\" data-e-type=\"widget\" data-widget_type=\"heading.default\">\n\t\t\t\t<div class=\"elementor-widget-container\">\n\t\t\t\t\t<h2 class=\"elementor-heading-title elementor-size-default\">Travailler et coop\u00e9rer avec Voltmax<\/h2>\t\t\t\t<\/div>\n\t\t\t\t<\/div>\n\t\t\t\t<div class=\"elementor-element elementor-element-b63f3e6 elementor-widget-divider--view-line elementor-widget elementor-widget-divider\" data-id=\"b63f3e6\" data-element_type=\"widget\" data-e-type=\"widget\" data-widget_type=\"divider.default\">\n\t\t\t\t<div class=\"elementor-widget-container\">\n\t\t\t\t\t\t\t<div class=\"elementor-divider\">\n\t\t\t<div class=\"elementor-divider-separator\">\n\t\t\t\t\t\t<\/div>\n\t\t<\/div>\n\t\t\t\t\t\t<\/div>\n\t\t\t\t<\/div>\n\t\t\t\t<div class=\"elementor-element elementor-element-01cd6cb elementor-widget elementor-widget-heading\" data-id=\"01cd6cb\" data-element_type=\"widget\" data-e-type=\"widget\" data-widget_type=\"heading.default\">\n\t\t\t\t<div class=\"elementor-widget-container\">\n\t\t\t\t\t<h3 class=\"elementor-heading-title elementor-size-default\">Opportunit\u00e9s de carri\u00e8re et partenariats commerciaux<\/h3>\t\t\t\t<\/div>\n\t\t\t\t<\/div>\n\t\t\t\t<div class=\"elementor-element elementor-element-0ee6977 elementor-widget elementor-widget-spacer\" data-id=\"0ee6977\" data-element_type=\"widget\" data-e-type=\"widget\" data-widget_type=\"spacer.default\">\n\t\t\t\t<div class=\"elementor-widget-container\">\n\t\t\t\t\t\t\t<div class=\"elementor-spacer\">\n\t\t\t<div class=\"elementor-spacer-inner\"><\/div>\n\t\t<\/div>\n\t\t\t\t\t\t<\/div>\n\t\t\t\t<\/div>\n\t\t\t\t\t<\/div>\n\t\t\t\t<\/div>\n\t\t<div class=\"elementor-element elementor-element-133c0ab e-flex e-con-boxed e-con e-parent\" data-id=\"133c0ab\" data-element_type=\"container\" data-e-type=\"container\">\n\t\t\t\t\t<div class=\"e-con-inner\">\n\t\t\t\t<div class=\"elementor-element elementor-element-0b582b7 elementor-widget elementor-widget-heading\" data-id=\"0b582b7\" data-element_type=\"widget\" data-e-type=\"widget\" data-widget_type=\"heading.default\">\n\t\t\t\t<div class=\"elementor-widget-container\">\n\t\t\t\t\t<h1 class=\"elementor-heading-title elementor-size-default\">Poste : Conseiller commercial \/ technico-commercial<\/h1>\t\t\t\t<\/div>\n\t\t\t\t<\/div>\n\t\t\t\t\t<\/div>\n\t\t\t\t<\/div>\n\t\t<div class=\"elementor-element elementor-element-5d8ef05d e-flex e-con-boxed e-con e-parent\" data-id=\"5d8ef05d\" data-element_type=\"container\" data-e-type=\"container\">\n\t\t\t\t\t<div class=\"e-con-inner\">\n\t\t\t\t<div class=\"elementor-element elementor-element-6c71556f elementor-widget elementor-widget-text-editor\" data-id=\"6c71556f\" data-element_type=\"widget\" data-e-type=\"widget\" data-widget_type=\"text-editor.default\">\n\t\t\t\t<div class=\"elementor-widget-container\">\n\t\t\t\t\t\t\t\t\t<p class=\"translation-block\">Poste : Poste : Conseiller commercial \/ technico-commercial<br>Lieu de travail : <strong>Grand-Duch\u00e9 de Luxembourg<\/strong> ainsi que t\u00e9l\u00e9travail<br>Date de d\u00e9but : (\u00e0 d\u00e9finir)<br>Nombre d'heures de travail par semaine : <strong>40<\/strong><br>Contrat : <strong>CDI<\/strong> ou <strong>Freelance<\/strong> (\u00e0 d\u00e9finir)<br>Langues : Bonne connaissance du <strong>fran\u00e7ais<\/strong>, de l'<strong>anglais<\/strong> (le luxembourgeois, l'allemand et le polonais seraient un avantage)<\/p>\n<p><!-- \/wp:paragraph --><!-- wp:paragraph --><\/p>\n<p>Voltmax est une entreprise bien \u00e9tablie sur le march\u00e9 des \u00e9nergies renouvelables et investit constamment dans son d\u00e9veloppement. Nous d\u00e9veloppons actuellement un r\u00e9seau commercial en Europe occidentale et recherchons donc des commerciaux pour collaborer avec nous en B2B et soutenir le d\u00e9veloppement commercial de nos services au Luxembourg.<\/p>\n<p><!-- \/wp:paragraph --><!-- wp:heading {\"level\":3} --><\/p>\n<h3 class=\"wp-block-heading\"><strong>Responsabilit\u00e9s:<\/strong><\/h3>\n<p><!-- \/wp:heading --><!-- wp:paragraph --><\/p>\n<p class=\"translation-block\">\u2013 Assistance directe et t\u00e9l\u00e9phonique pour les clients particuliers et entreprises<br>\u2013 Conseil en installations photovolta\u00efques et pompes \u00e0 chaleur suite \u00e0 une formation sp\u00e9cifique<br>\u2013 Recherche active de clients pour les installations photovolta\u00efques, pompes \u00e0 chaleur, bornes de recharge pour voitures \u00e9lectriques et climatisation<br>\u2013 Soigner l'image de l'entreprise et d\u00e9velopper la relation client<\/p>\n<p><!-- \/wp:paragraph --><!-- wp:heading {\"level\":3} --><\/p>\n<h3 class=\"wp-block-heading\"><strong>Nos exigences :<\/strong><\/h3>\n<p><!-- \/wp:heading --><!-- wp:paragraph --><\/p>\n<p class=\"translation-block\">\u2013 Bonnes connaissances du fran\u00e7ais et de l'anglais (le luxembourgeois, l'allemand et le polonais seraient un atout)<br>\u2013 Minimum 3 ans d'exp\u00e9rience en tant que commercial<br>\u2013 Permis de conduire B actif<br>\u2013 Exp\u00e9rience en acquisition de clients individuels<br>\u2013 Utilisation judicieuse de bases de donn\u00e9es clients existantes ou propres<br>\u2013 Excellentes comp\u00e9tences informatiques<br>\u2013 Disponibilit\u00e9 \u00e0 voyager \u00e0 l'\u00e9tranger<br>\u2013 La connaissance du secteur photovolta\u00efque serait un atout suppl\u00e9mentaire (ce n'est pas un pr\u00e9requis)<\/p>\n<p><!-- \/wp:paragraph --><!-- wp:heading {\"level\":3} --><\/p>\n<h3 class=\"wp-block-heading\"><strong>Nous offrons :<\/strong><\/h3>\n<p><!-- \/wp:heading --><!-- wp:paragraph --><\/p>\n<p class=\"translation-block\">\u2013 R\u00e9mun\u00e9ration attractive<br>\u2013 Formation initiale et continue<br>\u2013 Accompagnement \u00e0 la mise en \u0153uvre \u00e0 chaque \u00e9tape<br>\u2013 Nous vous aidons \u00e0 contacter de nouveaux clients potentiels<br>\u2013 Une personne d\u00e9di\u00e9e pour travailler en \u00e9troite collaboration avec vous \u2013 CC, Superviseur, Conseiller commercial<br>\u2013 Collaboration avec une \u00e9quipe cr\u00e9ative et exp\u00e9riment\u00e9e<br>\u2013 Travailler dans un secteur en plein essor<br>\u2013 Avantages sociaux : t\u00e9l\u00e9phone professionnel, soins m\u00e9dicaux, assurance collective,<\/p>\n<p><!-- \/wp:paragraph --><!-- wp:paragraph --><\/p>\n<p>Si vous correspondez \u00e0 la description ci-dessus du poste de conseiller commercial, veuillez envoyer votre CV \u00e0 l'adresse : <strong><a href=\"mailto:hr@voltmax.lu\">hr@voltmax.lu<\/a><\/strong><\/p>\n<p><!-- \/wp:paragraph --><!-- wp:paragraph --><\/p>\n<p>Nous tenons \u00e0 vous informer que nous contacterons uniquement les personnes r\u00e9pondant aux crit\u00e8res d\u00e9crits dans l'annonce.<\/p>\n<p><!-- \/wp:paragraph --><\/p>\t\t\t\t\t\t\t\t<\/div>\n\t\t\t\t<\/div>\n\t\t\t\t\t<\/div>\n\t\t\t\t<\/div>\n\t\t<div class=\"elementor-element elementor-element-76c782b e-flex e-con-boxed e-con e-parent\" data-id=\"76c782b\" data-element_type=\"container\" data-e-type=\"container\">\n\t\t\t\t\t<div class=\"e-con-inner\">\n\t\t\t\t<div class=\"elementor-element elementor-element-d47e78b elementor-widget elementor-widget-image\" data-id=\"d47e78b\" data-element_type=\"widget\" data-e-type=\"widget\" data-widget_type=\"image.default\">\n\t\t\t\t<div class=\"elementor-widget-container\">\n\t\t\t\t\t\t\t\t\t\t\t\t\t\t\t<img fetchpriority=\"high\" decoding=\"async\" width=\"1400\" height=\"500\" src=\"https:\/\/voltmax.lu\/wp-content\/uploads\/2025\/03\/job.webp\" class=\"attachment-full size-full wp-image-13588\" alt=\"job\" srcset=\"https:\/\/voltmax.lu\/wp-content\/uploads\/2025\/03\/job.webp 1400w, https:\/\/voltmax.lu\/wp-content\/uploads\/2025\/03\/job-300x107.webp 300w, https:\/\/voltmax.lu\/wp-content\/uploads\/2025\/03\/job-1024x366.webp 1024w, https:\/\/voltmax.lu\/wp-content\/uploads\/2025\/03\/job-768x274.webp 768w, https:\/\/voltmax.lu\/wp-content\/uploads\/2025\/03\/job-18x6.webp 18w\" sizes=\"(max-width: 1400px) 100vw, 1400px\" title=\"\">\t\t\t\t\t\t\t\t\t\t\t\t\t\t\t<\/div>\n\t\t\t\t<\/div>\n\t\t\t\t<div class=\"elementor-element elementor-element-e7b3984 elementor-widget elementor-widget-heading\" data-id=\"e7b3984\" data-element_type=\"widget\" data-e-type=\"widget\" data-widget_type=\"heading.default\">\n\t\t\t\t<div class=\"elementor-widget-container\">\n\t\t\t\t\t<h2 class=\"elementor-heading-title elementor-size-default\">Pourquoi travailler comme consultant technico-commercial chez Voltmax ?<\/h2>\t\t\t\t<\/div>\n\t\t\t\t<\/div>\n\t\t\t\t<div class=\"elementor-element elementor-element-b3203b1 elementor-widget elementor-widget-text-editor\" data-id=\"b3203b1\" data-element_type=\"widget\" data-e-type=\"widget\" data-widget_type=\"text-editor.default\">\n\t\t\t\t<div class=\"elementor-widget-container\">\n\t\t\t\t\t\t\t\t\t<p data-start=\"64\" data-end=\"411\" class=\"translation-block\">Chez <a href=\"https:\/\/voltmax.lu\/fr\/\" target=\"_self\"><strong data-start=\"67\" data-end=\"78\">Voltmax<\/strong><\/a>, \u00eatre <strong data-start=\"88\" data-end=\"118\">Conseiller technico-commercial<\/strong> ne se r\u00e9sume pas \u00e0 vendre\u00a0: il s\u2019agit d\u2019accompagner les clients vers l\u2019<strong data-start=\"181\" data-end=\"204\">ind\u00e9pendance \u00e9nerg\u00e9tique<\/strong> et un avenir plus <strong data-start=\"216\" data-end=\"238\">durable<\/strong>. Au sein de notre \u00e9quipe commerciale, vous accompagnerez les particuliers et les entreprises dans leur transition vers les <strong data-start=\"315\" data-end=\"359\">solutions d\u2019\u00e9nergie solaire et de stockage d\u2019\u00e9nergie<\/strong>, en leur fournissant des conseils d\u2019expert adapt\u00e9s \u00e0 leurs besoins.<\/p>\n<p data-start=\"413\" data-end=\"780\" class=\"translation-block\">Ce poste est id\u00e9al pour une personne qui aime <strong data-start=\"457\" data-end=\"556\">travailler avec les gens, nouer des relations et proposer des solutions concr\u00e8tes qui font la diff\u00e9rence<\/strong>. Vous aurez l'occasion de sensibiliser les clients \u00e0 la mani\u00e8re dont les <strong data-start=\"614\" data-end=\"682\">syst\u00e8mes photovolta\u00efques, le stockage sur batterie et les solutions de recharge pour v\u00e9hicules \u00e9lectriques<\/strong> peuvent r\u00e9duire leurs factures d'\u00e9nergie et leur permettre de mieux ma\u00eetriser leur consommation d'\u00e9lectricit\u00e9.<\/p>\n<p data-start=\"782\" data-end=\"1105\">We offer <strong data-start=\"791\" data-end=\"817\">comprehensive training<\/strong>, so even if you\u2019re new to the renewable energy sector, you\u2019ll quickly gain expertise in <strong data-start=\"906\" data-end=\"998\">photovoltaic technology, financing options, and subsidy programs available in Luxembourg<\/strong>. Our support ensures that you can confidently advise customers and present them with the best solutions.<\/p>\n<p data-start=\"1107\" data-end=\"1374\" class=\"translation-block\">Chez <a href=\"https:\/\/g.co\/kgs\/tY3gXko\" target=\"_blank\" rel=\"noopener\">Voltmax<\/a>, nous sommes convaincus que la r\u00e9ussite repose sur <strong data-start=\"1154\" data-end=\"1199\">les connaissances, le d\u00e9vouement et la confiance de nos clients<\/strong>. C'est pourquoi nous proposons non seulement un <strong data-start=\"1234\" data-end=\"1256\">salaire comp\u00e9titif<\/strong>, mais aussi une <strong data-start=\"1268\" data-end=\"1302\">structure de commissions gratifiante<\/strong>, garantissant que vos revenus refl\u00e8tent votre travail acharn\u00e9 et vos r\u00e9alisations.<\/p>\n<p data-start=\"1376\" data-end=\"1635\" data-is-last-node=\"\" data-is-only-node=\"\" class=\"translation-block\">Si vous recherchez une <strong data-start=\"1400\" data-end=\"1448\">carri\u00e8re enrichissante dans un secteur en pleine croissance<\/strong>, o\u00f9 vous pourrez combiner <strong data-start=\"1472\" data-end=\"1528\">expertise technique et conseil ax\u00e9 sur le client<\/strong>, Voltmax est l'endroit id\u00e9al pour vous. <strong data-start=\"1565\" data-end=\"1628\">Rejoignez-nous et participez \u00e0 la transformation des \u00e9nergies renouvelables\u00a0!<\/strong><\/p>\t\t\t\t\t\t\t\t<\/div>\n\t\t\t\t<\/div>\n\t\t\t\t\t<\/div>\n\t\t\t\t<\/div>\n\t\t\t\t<\/div>","protected":false},"excerpt":{"rendered":"<p>Work &amp; Cooperate with Voltmax Career Opportunities and Business Partnerships Position: Sales \/ Technical Sales Advisor Position: Position: Sales \/ Technical Sales Advisor\u200bPlace of work: Grand-Duchy of Luxembourg as well as home-officeStarting period: (to be defined)Number of working hours per week: 40Contract: Permanent or Freelance (to be defined)Languages: Good knowledge of French, English (Luxemburgish, German [&hellip;]<\/p>\n","protected":false},"author":5,"featured_media":0,"parent":0,"menu_order":0,"comment_status":"closed","ping_status":"closed","template":"elementor_header_footer","meta":{"inline_featured_image":false,"footnotes":""},"class_list":["post-12638","page","type-page","status-publish","hentry"],"_links":{"self":[{"href":"https:\/\/voltmax.lu\/fr\/wp-json\/wp\/v2\/pages\/12638","targetHints":{"allow":["GET"]}}],"collection":[{"href":"https:\/\/voltmax.lu\/fr\/wp-json\/wp\/v2\/pages"}],"about":[{"href":"https:\/\/voltmax.lu\/fr\/wp-json\/wp\/v2\/types\/page"}],"author":[{"embeddable":true,"href":"https:\/\/voltmax.lu\/fr\/wp-json\/wp\/v2\/users\/5"}],"replies":[{"embeddable":true,"href":"https:\/\/voltmax.lu\/fr\/wp-json\/wp\/v2\/comments?post=12638"}],"version-history":[{"count":0,"href":"https:\/\/voltmax.lu\/fr\/wp-json\/wp\/v2\/pages\/12638\/revisions"}],"wp:attachment":[{"href":"https:\/\/voltmax.lu\/fr\/wp-json\/wp\/v2\/media?parent=12638"}],"curies":[{"name":"wp","href":"https:\/\/api.w.org\/{rel}","templated":true}]}}