{"id":12625,"date":"2025-02-14T09:28:46","date_gmt":"2025-02-14T08:28:46","guid":{"rendered":"https:\/\/voltmax.lu\/?page_id=12625"},"modified":"2025-02-18T14:27:59","modified_gmt":"2025-02-18T13:27:59","slug":"klimabonus-522","status":"publish","type":"page","link":"https:\/\/voltmax.lu\/fr\/klimabonus-522\/","title":{"rendered":"Klimabonus 522"},"content":{"rendered":"<div data-elementor-type=\"wp-page\" data-elementor-id=\"12625\" class=\"elementor elementor-12625\">\n\t\t\t\t<div class=\"elementor-element elementor-element-fdfee49 e-flex e-con-boxed e-con e-parent\" data-id=\"fdfee49\" data-element_type=\"container\" data-e-type=\"container\" data-settings=\"{&quot;background_background&quot;:&quot;classic&quot;}\">\n\t\t\t\t\t<div class=\"e-con-inner\">\n\t\t\t\t<div class=\"elementor-element elementor-element-46eabea elementor-widget elementor-widget-spacer\" data-id=\"46eabea\" data-element_type=\"widget\" data-e-type=\"widget\" data-widget_type=\"spacer.default\">\n\t\t\t\t<div class=\"elementor-widget-container\">\n\t\t\t\t\t\t\t<div class=\"elementor-spacer\">\n\t\t\t<div class=\"elementor-spacer-inner\"><\/div>\n\t\t<\/div>\n\t\t\t\t\t\t<\/div>\n\t\t\t\t<\/div>\n\t\t\t\t<div class=\"elementor-element elementor-element-c8c596e elementor-widget elementor-widget-heading\" data-id=\"c8c596e\" data-element_type=\"widget\" data-e-type=\"widget\" data-widget_type=\"heading.default\">\n\t\t\t\t<div class=\"elementor-widget-container\">\n\t\t\t\t\t<h1 class=\"elementor-heading-title elementor-size-default\">Klimabonus 522<\/h1>\t\t\t\t<\/div>\n\t\t\t\t<\/div>\n\t\t\t\t<div class=\"elementor-element elementor-element-cb4b688 elementor-widget elementor-widget-spacer\" data-id=\"cb4b688\" data-element_type=\"widget\" data-e-type=\"widget\" data-widget_type=\"spacer.default\">\n\t\t\t\t<div class=\"elementor-widget-container\">\n\t\t\t\t\t\t\t<div class=\"elementor-spacer\">\n\t\t\t<div class=\"elementor-spacer-inner\"><\/div>\n\t\t<\/div>\n\t\t\t\t\t\t<\/div>\n\t\t\t\t<\/div>\n\t\t\t\t\t<\/div>\n\t\t\t\t<\/div>\n\t\t<div class=\"elementor-element elementor-element-6bdfa63 e-flex e-con-boxed e-con e-parent\" data-id=\"6bdfa63\" data-element_type=\"container\" data-e-type=\"container\">\n\t\t\t\t\t<div class=\"e-con-inner\">\n\t\t\t\t<div class=\"elementor-element elementor-element-3863aaa elementor-widget elementor-widget-spacer\" data-id=\"3863aaa\" data-element_type=\"widget\" data-e-type=\"widget\" data-widget_type=\"spacer.default\">\n\t\t\t\t<div class=\"elementor-widget-container\">\n\t\t\t\t\t\t\t<div class=\"elementor-spacer\">\n\t\t\t<div class=\"elementor-spacer-inner\"><\/div>\n\t\t<\/div>\n\t\t\t\t\t\t<\/div>\n\t\t\t\t<\/div>\n\t\t\t\t\t<\/div>\n\t\t\t\t<\/div>\n\t\t<div class=\"elementor-element elementor-element-0e8567a e-flex e-con-boxed e-con e-parent\" data-id=\"0e8567a\" data-element_type=\"container\" data-e-type=\"container\">\n\t\t\t\t\t<div class=\"e-con-inner\">\n\t\t\t\t<div class=\"elementor-element elementor-element-f772fad elementor-widget elementor-widget-heading\" data-id=\"f772fad\" data-element_type=\"widget\" data-e-type=\"widget\" data-widget_type=\"heading.default\">\n\t\t\t\t<div class=\"elementor-widget-container\">\n\t\t\t\t\t<h2 class=\"elementor-heading-title elementor-size-default\">The \"KLIMABONUS 522\" program is a Luxembourgish government initiative that provides financial incentives for the installation of solar photovoltaic (PV) systems. The program offers a flat-rate subsidy of \u20ac500 per kilowatt-peak (kWp) of installed capacity, up to a maximum of 50 kWp. The subsidy is available to both individuals and businesses.<\/h2>\t\t\t\t<\/div>\n\t\t\t\t<\/div>\n\t\t\t\t\t<\/div>\n\t\t\t\t<\/div>\n\t\t<div class=\"elementor-element elementor-element-0f4d621 e-flex e-con-boxed e-con e-parent\" data-id=\"0f4d621\" data-element_type=\"container\" data-e-type=\"container\">\n\t\t\t\t\t<div class=\"e-con-inner\">\n\t\t\t\t<div class=\"elementor-element elementor-element-8dfa0cd elementor-widget elementor-widget-text-editor\" data-id=\"8dfa0cd\" data-element_type=\"widget\" data-e-type=\"widget\" data-widget_type=\"text-editor.default\">\n\t\t\t\t<div class=\"elementor-widget-container\">\n\t\t\t\t\t\t\t\t\t<h4><strong>Photovoltaics &#8211; Producing electricity with solar energy and taking climate action.<\/strong><\/h4>\n<h2>Quelles sont les conditions pour b\u00e9n\u00e9ficier des subventions Klimabonus ?<\/h2>\n<p>Deux options sont disponibles pour cette subvention Klimabonus.<\/p>\n<ul>\n<li style=\"list-style-type: none;\">\n<ul>\n<li>Aide \u00e0 l'investissement de 20 % pour l'installation de panneaux photovolta\u00efques fonctionnant en mode \u00ab\u00a0injection directe\u00a0\u00bb et b\u00e9n\u00e9ficiant d'un tarif de rachat garanti. L'autoconsommation est possible dans ce cadre.\n<ul>\n<li>Cette subvention est plafonn\u00e9e \u00e0 500 \u20ac\/kW\u00a0<sub>p<\/sub>.<\/li>\n<li>Valable pour les factures dat\u00e9es du 01\/01\/2022 au 31\/12\/2025.<\/li>\n<li>Je b\u00e9n\u00e9ficie d'un tarif de rachat garanti par l'\u00c9tat pour une dur\u00e9e de 15 ans.<\/li>\n<li>Mon tarif de rachat d\u00e9pend de la date de raccordement de l'installation, pour plus de d\u00e9tails voir la page \u00ab Programmes de subventions financi\u00e8res pour le logement et la mobilit\u00e9 durables \u00bb dans la section \u00ab Tarifs de rachat \u00bb\u00a0<a href=\"https:\/\/www.klima-agence.lu\/en\/financial-aid-programmes\" target=\"_blank\" rel=\"noopener\">de la page \u00ab Programmes de subventions pour le logement et la mobilit\u00e9 durables \u00bb<\/a>.<\/li>\n<\/ul>\n<\/li>\n<li>Aide \u00e0 l\u2019investissement de 50% pour l\u2019installation de panneaux photovolta\u00efques exploit\u00e9s en \u00ab mode autoconsommation \u00bb et renonciation au tarif de rachat garanti.\n<ul>\n<li>Cette subvention est plafonn\u00e9e \u00e0 1.250 \u20ac\/kW<sub>p<\/sub>.<\/li>\n<li>Valable pour les commandes dat\u00e9es du 01\/01\/2022 au 31\/12\/2025.<\/li>\n<li>Mon stockage d'\u00e9lectricit\u00e9 (capacit\u00e9 nette) est subventionn\u00e9 si :<\/li>\n<\/ul>\n<\/li>\n<\/ul>\n<\/li>\n<\/ul>\n<p>pour une maison unifamiliale<\/p>\n<ul>\n<li style=\"list-style-type: none;\">\n<ul>\n<li style=\"list-style-type: none;\">\n<ul>\n<li style=\"list-style-type: none;\">\n<ul>\n<li class=\"translation-block\">la puissance de mon syst\u00e8me est &gt; 4 kW<sub>p<\/sub>\u00a0et<\/li>\n<li class=\"translation-block\">ma capacit\u00e9 de stockage est \u2264 1,5 kWh\/kW<sub>p<\/sub>\u00a0avec un max. de 12 kWh.<\/li>\n<\/ul>\n<\/li>\n<\/ul>\n<\/li>\n<\/ul>\n<\/li>\n<\/ul>\n<p>pour un immeuble d'appartements<\/p>\n<ul>\n<li style=\"list-style-type: none;\">\n<ul>\n<li style=\"list-style-type: none;\">\n<ul>\n<li style=\"list-style-type: none;\">\n<ul>\n<li class=\"translation-block\">la puissance de mon syst\u00e8me est &gt; 1,5 kW<sub>p<\/sub>\u00a0par unit\u00e9 r\u00e9sidentielle et<\/li>\n<li class=\"translation-block\">ma capacit\u00e9 de stockage est \u2264 1,5 kWh\/kW<sub>p<\/sub>\u00a0avec un max. de 9 kWh par unit\u00e9 r\u00e9sidentielle.<\/li>\n<\/ul>\n<\/li>\n<\/ul>\n<\/li>\n<\/ul>\n<\/li>\n<\/ul>\n<p>pour un b\u00e2timent qui n'est pas utilis\u00e9 \u00e0 des fins r\u00e9sidentielles<\/p>\n<ul>\n<li style=\"list-style-type: none;\">\n<ul>\n<li style=\"list-style-type: none;\">\n<ul>\n<li>ma capacit\u00e9 de stockage est \u2264 1 kWh\/kW<sub>p<\/sub>.<\/li>\n<\/ul>\n<\/li>\n<li>Je renonce au tarif de rachat garanti pendant toute la dur\u00e9e de vie de l'installation. Cette option constitue un engagement ferme et irr\u00e9vocable.<\/li>\n<li>Je dois conclure un contrat de rachat avec un fournisseur pour l'\u00e9lectricit\u00e9 exc\u00e9dentaire. Dans la plupart des cas, une autoconsommation individuelle ou collective ou une communaut\u00e9 \u00e9nerg\u00e9tique est mise en place.<\/li>\n<li class=\"translation-block\">Pour une installation photovolta\u00efque dont la date de commande est comprise entre le 01\/01\/2023 et le 30\/09\/2024 et dont la facture est \u00e9mise avant le 31\/12\/2025, une subvention \u00e0 l'investissement major\u00e9e de 62,5 % est accord\u00e9e pour l'installation des panneaux solaires, sous r\u00e9serve de renonciation au tarif de rachat garanti. Cette subvention est plafonn\u00e9e \u00e0 1\u00a0562,5 \u20ac\/kWc.<\/li>\n<\/ul>\n<\/li>\n<li class=\"translation-block\">Pour l'ann\u00e9e d'imposition 2022, les revenus des installations &gt; 10 kW<sub>p<\/sub>\u00a0sont imposables.<\/li>\n<li class=\"translation-block\">Pour l'ann\u00e9e d'imposition 2023, les revenus des installations &gt; 30 kW<sub>p<\/sub>\u00a0sont imposables.<\/li>\n<li>Une installation photovolta\u00efque compl\u00e9mentaire (sur la m\u00eame toiture, fa\u00e7ade ou int\u00e9gr\u00e9e \u00e0 l'enveloppe du b\u00e2timent) est \u00e9ligible si son injection au r\u00e9seau intervient au moins 2 ans apr\u00e8s la premi\u00e8re injection de l'installation pr\u00e9c\u00e9dente.<\/li>\n<\/ul>\n<p class=\"translation-block\">Pour en savoir plus, je peux consulter\u00a0<a href=\"https:\/\/legilux.public.lu\/eli\/etat\/leg\/rgd\/2022\/04\/07\/a180\/jo#paragraph_8\" target=\"_blank\" rel=\"nofollow noopener\" aria-label=\"le r\u00e8glement correspondant, ouvre une nouvelle fen\u00eatre\" data-nww-processed=\"true\">le r\u00e8glement correspondant<\/a>.<\/p>\n<h2>Comment demander les subventions Klimabonus ?<\/h2>\n<ul>\n<li>\n<div class=\"text\">\n<p>Pour demander les subventions Klimabonus :<\/p>\n<ul>\n<li>La demande de subvention peut \u00eatre effectu\u00e9e une fois l'installation termin\u00e9e.<\/li>\n<\/ul>\n<p>Pour demander les subventions compl\u00e9mentaires du Klimabonus social :<\/p>\n<ul>\n<li>La demande doit \u00eatre d\u00e9pos\u00e9e aupr\u00e8s du guichet unique d'aide au logement apr\u00e8s avoir re\u00e7u la d\u00e9cision de b\u00e9n\u00e9ficier des subventions Klimabonus.<\/li>\n<\/ul>\n<p><b>Point de contact pour les subventions Klimabonus et les subventions sociales Topup Klimabonus<\/b><\/p>\n<p>Guichet unique pour l'aide au logement<br \/>11, rue de Hollerich<br \/>L-1741 Luxembourg<br \/>Grand-Duch\u00e9 de Luxembourg<br \/>Mail: guichet@ml.etat.lu<br \/>Tel: (+352) 8002 10 10<\/p>\n<p class=\"translation-block\">Pour d\u00e9poser ma demande Klimabonus, je remplis\u00a0<a href=\"https:\/\/guichet.public.lu\/en\/citoyens\/aides\/logement-construction\/klimabonus\/aide-installations-techniques-regime-2022.html\" target=\"_blank\" rel=\"nofollow noopener\" aria-label=\"the following form, opens a new window\" data-nww-processed=\"true\">les formulaires suivants<\/a>\u00a0:<\/p>\n<ul>\n<li>&#8220;Demande d\u2019une aide dans le cadre du PAQUET BANQUE CLIMATIQUE ET LOGEMENT DURABLE &#8211; DEPA-2022 &#8211; Personne physique&#8221; or the form for &#8220;Personnes morales&#8221;<\/li>\n<li>&#8220;Installation photovolta\u00efque &#8211; Fiche annexe : PHOT-2022&#8221;.<\/li>\n<\/ul>\n<p class=\"translation-block\">Pour plus d'informations, je peux consulter\u00a0<a href=\"https:\/\/legilux.public.lu\/eli\/etat\/leg\/rgd\/2022\/04\/07\/a180\/jo#paragraph_34\" target=\"_blank\" rel=\"nofollow noopener\" aria-label=\"le r\u00e8glement correspondant, ouvre une nouvelle fen\u00eatre\" data-nww-processed=\"true\">le r\u00e8glement correspondant<\/a>.<\/p>\n<p class=\"translation-block\">Pour d\u00e9poser ma demande de Topup social Klimabonus, je remplis\u00a0<a href=\"https:\/\/logement.public.lu\/fr\/proprietaire\/renovation-amenagements-speciaux\/topup-klimabonus.html\" target=\"_blank\" rel=\"nofollow noopener\" aria-label=\"the following form, opens a new window\" data-nww-processed=\"true\">les formulaires suivants<\/a>\u00a0:<\/p>\n<ul>\n<li>\u00ab Demande en obtention d\u2019une aide \u00e0 l\u2019assainissement \u00e9nerg\u00e9tique (F3) \u00bb<\/li>\n<li>\u00ab D\u00e9claration relative \u00e0 la composition de la communaut\u00e9 domestique L\/A21 \u00bb<\/li>\n<li>\u00ab D\u00e9claration sur l\u2019honneur \u2013 Aquisition A92 \u00bb<\/li>\n<\/ul>\n<p>Pour plus d'informations, je peux consulter\u00a0<a href=\"https:\/\/legilux.public.lu\/eli\/etat\/leg\/loi\/2023\/08\/07\/a554\/jo#subsection_4\" target=\"_blank\" rel=\"noopener\">la loi correspondante<\/a>.<\/p>\n<\/div>\n<div class=\"text\">\n<p><b>L'augmentation de la subvention simul\u00e9e sans tarif de rachat garanti est prolong\u00e9e jusqu'au 30 septembre 2024*. La subvention de base Klimabonus est valable pour les factures dat\u00e9es du 1er janvier 2022 au 31 d\u00e9cembre 2025.<\/b><\/p>\n<\/div>\n<div class=\"text translation-block\">* Sous r\u00e9serve de la finalisation des proc\u00e9dures l\u00e9gislatives et r\u00e9glementaires. Un projet de r\u00e8glement grand-ducal est actuellement \u00e0 l\u2019\u00e9tude. Pour plus d\u2019informations, consultez\u00a0<a href=\"https:\/\/www.klima-agence.lu\/fr\/programme-de-subventions-klimabonus-nouvelle-utilisation-votre-projet-de-renovation-pompe-a-chaleur-ou-systeme-photovolta\u00efque\" target=\"_blank\" rel=\"nofollow noopener\" aria-label=\"l\u2019actualit\u00e9 Klima-Agence, ouvre une nouvelle fen\u00eatre\" data-nww-processed=\"true\">l\u2019actualit\u00e9 Klima-Agence<\/a>.<\/div>\n<\/li>\n<\/ul>\n<h2>Quelles sont les exigences techniques pour les subventions Klimabonus ?<\/h2>\n<ul>\n<li>La puissance de cr\u00eate doit \u00eatre \u2264 30 kWc.<\/li>\n<li>Les panneaux photovolta\u00efques peuvent \u00eatre mont\u00e9s sur le toit, en fa\u00e7ade ou int\u00e9gr\u00e9s \u00e0 l\u2019enveloppe du b\u00e2timent.<\/li>\n<li>Les panneaux photovolta\u00efques peuvent \u00eatre mont\u00e9s sur des b\u00e2timents r\u00e9sidentiels et des b\u00e2timents qui ne sont pas utilis\u00e9s \u00e0 des fins r\u00e9sidentielles.<\/li>\n<li>Les capteurs solaires hybrides produisant de l\u2019eau chaude et de l\u2019\u00e9lectricit\u00e9 sont \u00e9galement \u00e9ligibles.<\/li>\n<\/ul>\n<p><strong><em>Les demandes de subvention doivent \u00eatre d\u00e9pos\u00e9es aupr\u00e8s du minist\u00e8re luxembourgeois de l'Environnement. La date limite de d\u00e9p\u00f4t des demandes est fix\u00e9e au 31 d\u00e9cembre 2023.<\/em><\/strong><\/p>\n<p>The &#8220;KLIMABONUS 522&#8221; program is designed to promote the use of renewable energy in Luxembourg and to help reduce the country&#8217;s reliance on fossil fuels. The program is expected to generate approximately 100 megawatts of new solar capacity in Luxembourg.<\/p>\n<h3>MISE \u00c0 JOUR<\/h3>\n<p>L'abattement d'aide financi\u00e8re de 25 % pour les installations photovolta\u00efques fonctionnant en mode autoconsommation ou au sein d'une communaut\u00e9 \u00e9nerg\u00e9tique est prolong\u00e9 pour une p\u00e9riode transitoire de 3 mois (commandes pass\u00e9es au plus tard le 30 septembre 2024), Actuellement, le niveau d'aide est de 62,5 % des co\u00fbts r\u00e9els, avec un plafond de 1 562,5 EUR par kW cr\u00eate.<\/p>\n<p>A partir du 1er octobre 2024, le r\u00e9gime actuel concernant les mesures d'assainissement \u00e9nerg\u00e9tique et les pompes \u00e0 chaleur et chaudi\u00e8res \u00e0 bois sera maintenu, tandis qu'au niveau des modules photovolta\u00efques, l'aide financi\u00e8re sera r\u00e9duite \u00e0 50% des co\u00fbts r\u00e9els des installations command\u00e9es \u00e0 partir du 1er octobre 2024, avec un plafond de 1.250 EUR par kW.<\/p>\n<p>\u00a0<\/p>\t\t\t\t\t\t\t\t<\/div>\n\t\t\t\t<\/div>\n\t\t\t\t\t<\/div>\n\t\t\t\t<\/div>\n\t\t<div class=\"elementor-element elementor-element-abffaca e-flex e-con-boxed e-con e-parent\" data-id=\"abffaca\" data-element_type=\"container\" data-e-type=\"container\">\n\t\t\t\t\t<div class=\"e-con-inner\">\n\t\t\t\t<div class=\"elementor-element elementor-element-d9b74df elementor-widget elementor-widget-text-editor\" data-id=\"d9b74df\" data-element_type=\"widget\" data-e-type=\"widget\" data-widget_type=\"text-editor.default\">\n\t\t\t\t<div class=\"elementor-widget-container\">\n\t\t\t\t\t\t\t\t\t<p style=\"text-align: center;\"><strong>Toutes les informations proviennent de <a href=\"https:\/\/www.klima-agence.lu\/\" target=\"_blank\" rel=\"noopener\">Klima Agence<\/a> and you will always get the latest and most up-to-date information about available subsidies from them. Contact their representative at: <a href=\"https:\/\/www.klima-agence.lu\" target=\"_blank\" rel=\"noopener\">https:\/\/www.klima-agence.lu<\/a><\/strong><\/p>\t\t\t\t\t\t\t\t<\/div>\n\t\t\t\t<\/div>\n\t\t\t\t\t<\/div>\n\t\t\t\t<\/div>\n\t\t\t\t<\/div>","protected":false},"excerpt":{"rendered":"<p>Klimabonus 522 The &#8220;KLIMABONUS 522&#8221; program is a Luxembourgish government initiative that provides financial incentives for the installation of solar photovoltaic (PV) systems. The program offers a flat-rate subsidy of \u20ac500 per kilowatt-peak (kWp) of installed capacity, up to a maximum of 50 kWp. The subsidy is available to both individuals and businesses. Photovoltaics &#8211; [&hellip;]<\/p>\n","protected":false},"author":5,"featured_media":0,"parent":0,"menu_order":0,"comment_status":"closed","ping_status":"closed","template":"elementor_header_footer","meta":{"inline_featured_image":false,"footnotes":""},"class_list":["post-12625","page","type-page","status-publish","hentry"],"_links":{"self":[{"href":"https:\/\/voltmax.lu\/fr\/wp-json\/wp\/v2\/pages\/12625","targetHints":{"allow":["GET"]}}],"collection":[{"href":"https:\/\/voltmax.lu\/fr\/wp-json\/wp\/v2\/pages"}],"about":[{"href":"https:\/\/voltmax.lu\/fr\/wp-json\/wp\/v2\/types\/page"}],"author":[{"embeddable":true,"href":"https:\/\/voltmax.lu\/fr\/wp-json\/wp\/v2\/users\/5"}],"replies":[{"embeddable":true,"href":"https:\/\/voltmax.lu\/fr\/wp-json\/wp\/v2\/comments?post=12625"}],"version-history":[{"count":0,"href":"https:\/\/voltmax.lu\/fr\/wp-json\/wp\/v2\/pages\/12625\/revisions"}],"wp:attachment":[{"href":"https:\/\/voltmax.lu\/fr\/wp-json\/wp\/v2\/media?parent=12625"}],"curies":[{"name":"wp","href":"https:\/\/api.w.org\/{rel}","templated":true}]}}