{"id":12620,"date":"2025-02-14T09:19:23","date_gmt":"2025-02-14T08:19:23","guid":{"rendered":"https:\/\/voltmax.lu\/?page_id=12620"},"modified":"2025-02-18T14:29:01","modified_gmt":"2025-02-18T13:29:01","slug":"klimabonus-511","status":"publish","type":"page","link":"https:\/\/voltmax.lu\/fr\/klimabonus-511\/","title":{"rendered":"Klimabonus 511"},"content":{"rendered":"<div data-elementor-type=\"wp-page\" data-elementor-id=\"12620\" class=\"elementor elementor-12620\">\n\t\t\t\t<div class=\"elementor-element elementor-element-fdfee49 e-flex e-con-boxed e-con e-parent\" data-id=\"fdfee49\" data-element_type=\"container\" data-e-type=\"container\" data-settings=\"{&quot;background_background&quot;:&quot;classic&quot;}\">\n\t\t\t\t\t<div class=\"e-con-inner\">\n\t\t\t\t<div class=\"elementor-element elementor-element-46eabea elementor-widget elementor-widget-spacer\" data-id=\"46eabea\" data-element_type=\"widget\" data-e-type=\"widget\" data-widget_type=\"spacer.default\">\n\t\t\t\t<div class=\"elementor-widget-container\">\n\t\t\t\t\t\t\t<div class=\"elementor-spacer\">\n\t\t\t<div class=\"elementor-spacer-inner\"><\/div>\n\t\t<\/div>\n\t\t\t\t\t\t<\/div>\n\t\t\t\t<\/div>\n\t\t\t\t<div class=\"elementor-element elementor-element-c8c596e elementor-widget elementor-widget-heading\" data-id=\"c8c596e\" data-element_type=\"widget\" data-e-type=\"widget\" data-widget_type=\"heading.default\">\n\t\t\t\t<div class=\"elementor-widget-container\">\n\t\t\t\t\t<h1 class=\"elementor-heading-title elementor-size-default\">Klimabonus 511<\/h1>\t\t\t\t<\/div>\n\t\t\t\t<\/div>\n\t\t\t\t<div class=\"elementor-element elementor-element-cb4b688 elementor-widget elementor-widget-spacer\" data-id=\"cb4b688\" data-element_type=\"widget\" data-e-type=\"widget\" data-widget_type=\"spacer.default\">\n\t\t\t\t<div class=\"elementor-widget-container\">\n\t\t\t\t\t\t\t<div class=\"elementor-spacer\">\n\t\t\t<div class=\"elementor-spacer-inner\"><\/div>\n\t\t<\/div>\n\t\t\t\t\t\t<\/div>\n\t\t\t\t<\/div>\n\t\t\t\t\t<\/div>\n\t\t\t\t<\/div>\n\t\t<div class=\"elementor-element elementor-element-f4edebd e-flex e-con-boxed e-con e-parent\" data-id=\"f4edebd\" data-element_type=\"container\" data-e-type=\"container\">\n\t\t\t\t\t<div class=\"e-con-inner\">\n\t\t<div class=\"elementor-element elementor-element-45bd06c e-con-full e-flex e-con e-child\" data-id=\"45bd06c\" data-element_type=\"container\" data-e-type=\"container\">\n\t\t\t\t<div class=\"elementor-element elementor-element-fcf3aed elementor-widget elementor-widget-heading\" data-id=\"fcf3aed\" data-element_type=\"widget\" data-e-type=\"widget\" data-widget_type=\"heading.default\">\n\t\t\t\t<div class=\"elementor-widget-container\">\n\t\t\t\t\t<h2 class=\"elementor-heading-title elementor-size-default\"><p style=\"font-family: Roboto;font-size: 16px;font-weight: 400\"><span style=\"font-family: Inter;font-size: 25px;font-weight: 700;letter-spacing: 0px;text-align: var(--text-align)\">The \"KLIMABONUS 511\" program is a Luxembourgish government initiative that provides financial incentives for the installation of heat pumps. The program offers a subsidy of \u20ac511 per kilowatt (kW) of installed capacity, up to a maximum of 10 kW. The subsidy is available to both individuals and businesses.<\/span><span style=\"font-family: Inter;font-size: 25px;font-weight: 700;letter-spacing: 0px;text-align: var(--text-align)\"><\/span><span style=\"font-family: Inter;font-size: 25px;font-weight: 700;letter-spacing: 0px;text-align: var(--text-align)\"><\/span><\/p><\/h2>\t\t\t\t<\/div>\n\t\t\t\t<\/div>\n\t\t\t\t<\/div>\n\t\t\t\t\t<\/div>\n\t\t\t\t<\/div>\n\t\t<div class=\"elementor-element elementor-element-0f4d621 e-flex e-con-boxed e-con e-parent\" data-id=\"0f4d621\" data-element_type=\"container\" data-e-type=\"container\">\n\t\t\t\t\t<div class=\"e-con-inner\">\n\t\t\t\t<div class=\"elementor-element elementor-element-8dfa0cd elementor-widget elementor-widget-text-editor\" data-id=\"8dfa0cd\" data-element_type=\"widget\" data-e-type=\"widget\" data-widget_type=\"text-editor.default\">\n\t\t\t\t<div class=\"elementor-widget-container\">\n\t\t\t\t\t\t\t\t\t<p class=\"translation-block\">Pompe \u00e0 chaleur air-eau \u2013 <b>Chauffer avec des \u00e9nergies renouvelables et agir pour le climat.<\/b><\/p><h2>Quelles sont les conditions pour b\u00e9n\u00e9ficier des subventions Klimabonus ?<\/h2><ul><li>La subvention Klimabonus n'est disponible que pour les syst\u00e8mes de chauffage des b\u00e2timents r\u00e9sidentiels.<\/li><li>Un seul des syst\u00e8mes de chauffage suivants peut \u00eatre subventionn\u00e9 par b\u00e2timent d'habitation : pompe \u00e0 chaleur, syst\u00e8me de chauffage au bois ou raccordement au chauffage urbain.<\/li><li>Aucune subvention de l'\u00c9tat ne doit avoir \u00e9t\u00e9 demand\u00e9e pour une installation technique dans le cadre du programme de subvention 2012 ou 2016.<\/li><li>Valable pour les factures dat\u00e9es jusqu'au 31\/12\/2025.<\/li><li>Dans le cas d\u2019un syst\u00e8me hybride, au moins 70 % des besoins annuels en chaleur doivent \u00eatre couverts par la pompe \u00e0 chaleur.<\/li><\/ul><p class=\"translation-block\">Pour en savoir plus, vous pouvez consulter <a href=\"https:\/\/legilux.public.lu\/eli\/etat\/leg\/rgd\/2022\/04\/07\/a180\/jo#paragraph_12\" target=\"_blank\" rel=\"nofollow noopener\" aria-label=\"le r\u00e8glement correspondant, ouvre une nouvelle fen\u00eatre\" data-nww-processed=\"true\">le r\u00e8glement correspondant<\/a>.<\/p><h2>Comment demander les subventions Klimabonus ?<\/h2><ul><li><div><p>Pour demander les subventions Klimabonus :<\/p><ul><li>La demande de subvention peut \u00eatre effectu\u00e9e une fois l'installation termin\u00e9e.<\/li><\/ul><p>Pour demander les subventions compl\u00e9mentaires du Klimabonus social :<\/p><ul><li>La demande doit \u00eatre d\u00e9pos\u00e9e aupr\u00e8s du guichet unique d'aide au logement apr\u00e8s avoir re\u00e7u la d\u00e9cision de b\u00e9n\u00e9ficier des subventions Klimabonus.<\/li><\/ul><p><b>Point de contact pour les subventions Klimabonus et les subventions sociales Topup Klimabonus<\/b><\/p><p>Guichet unique pour l'aide au logement<br \/>11, rue de Hollerich<br \/>L-1741 Luxembourg<br \/>Grand-Duch\u00e9 de Luxembourg<br \/>Mail: guichet@ml.etat.lu<br \/>Tel: (+352) 8002 10 10<\/p><p class=\"translation-block\">Pour d\u00e9poser ma demande Klimabonus, je remplis\u00a0<a href=\"https:\/\/guichet.public.lu\/en\/citoyens\/aides\/logement-construction\/klimabonus\/aide-installations-techniques-regime-2022.html\" target=\"_blank\" rel=\"nofollow noopener\" aria-label=\"the follwing form, opens a new window\" data-nww-processed=\"true\">les formulaires suivants<\/a>\u00a0:<\/p><ul><li>&#8220;Demande d\u2019une aide dans le cadre du PAQUET BANQUE CLIMATIQUE ET LOGEMENT DURABLE &#8211; DEPA-2022 &#8211; Personne physique&#8221; or the form for &#8220;Personnes morales&#8221;<\/li><li>&#8220;Pompe \u00e0 chaleur &#8211; Fiche annexe : POCH-2022&#8221;<\/li><\/ul><p class=\"translation-block\">Pour plus d'informations, je peux consulter\u00a0<a href=\"https:\/\/legilux.public.lu\/eli\/etat\/leg\/rgd\/2022\/04\/07\/a180\/jo#paragraph_34\" target=\"_blank\" rel=\"nofollow noopener\" aria-label=\"le r\u00e8glement correspondant, ouvre une nouvelle fen\u00eatre\" data-nww-processed=\"true\">le r\u00e8glement correspondant<\/a>.<\/p><p class=\"translation-block\">Pour d\u00e9poser ma demande de Topup social Klimabonus, je remplis\u00a0<a href=\"https:\/\/logement.public.lu\/fr\/proprietaire\/renovation-amenagements-speciaux\/topup-klimabonus.html\" target=\"_blank\" rel=\"nofollow noopener\" aria-label=\"the following form, opens a new window\" data-nww-processed=\"true\">les formulaires suivants<\/a>\u00a0:<\/p><ul><li>\u00ab Demande en obtention d\u2019une aide \u00e0 l\u2019assainissement \u00e9nerg\u00e9tique (F3) \u00bb<\/li><li>\u00ab D\u00e9claration relative \u00e0 la composition de la communaut\u00e9 domestique L\/A21 \u00bb<\/li><li>\u00ab D\u00e9claration sur l\u2019honneur \u2013 Aquisition A92 \u00bb<\/li><\/ul><p>Pour plus d'informations, je peux consulter\u00a0<a href=\"https:\/\/legilux.public.lu\/eli\/etat\/leg\/loi\/2023\/08\/07\/a554\/jo#subsection_4\" target=\"_blank\" rel=\"noopener\">la loi correspondante<\/a>.<\/p><\/div><div><p><b>L'augmentation de la prime d'\u00e9change de 30 % \u00e0 50 % de la subvention simul\u00e9e est prolong\u00e9e jusqu'au 31 d\u00e9cembre 2025*. La subvention de base du Klimabonus est valable pour les factures dat\u00e9es du 1er janvier 2022 au 31 d\u00e9cembre 2025*.<\/b><\/p><\/div><div class=\"translation-block\">* Sous r\u00e9serve de la finalisation des proc\u00e9dures l\u00e9gislatives et r\u00e9glementaires. Un projet de r\u00e8glement grand-ducal est actuellement \u00e0 l\u2019\u00e9tude. Pour plus d\u2019informations, consultez\u00a0<a href=\"https:\/\/www.klima-agence.lu\/fr\/programme-de-subventions-klimabonus-nouvelle-utilisation-votre-projet-de-renovation-pompe-a-chaleur-ou-systeme-photovolta\u00efque\" target=\"_blank\" rel=\"nofollow noopener\" aria-label=\"l\u2019actualit\u00e9 Klima-Agence, ouvre une nouvelle fen\u00eatre\" data-nww-processed=\"true\">l\u2019actualit\u00e9 Klima-Agence<\/a>.<\/div><\/li><\/ul><h2>Quelles sont les exigences techniques pour les subventions Klimabonus ?<\/h2><ul><li>L'\u00e9quilibrage hydraulique apr\u00e8s l'installation doit \u00eatre effectu\u00e9.<\/li><li>Installation d'un compteur \u00e9lectrique s\u00e9par\u00e9 ou int\u00e9gr\u00e9 \u00e0 la pompe \u00e0 chaleur.<\/li><li>Les pompes \u00e0 chaleur dont la facture est \u00e9tablie \u00e0 compter du 1er janvier 2024 doivent \u00eatre \u00e9quip\u00e9es d'un compteur de chaleur.<\/li><li class=\"translation-block\">Uniquement pour les b\u00e2timents existants\u00a0: Installation d\u2019un ballon tampon (chaudi\u00e8re) d\u2019au moins 30\u00a0l\/kW<sub>th<\/sub> de chaleur. \u00c0 l\u2019exception des pompes \u00e0 chaleur et des pompes \u00e0 chaleur hybrides \u00e9quip\u00e9es d\u2019un variateur de fr\u00e9quence avec modulation de vitesse et de puissance.<\/li><\/ul><h3>MISE \u00c0 JOUR<\/h3><p>L'abattement d'aide financi\u00e8re de 25 % pour les installations photovolta\u00efques fonctionnant en mode autoconsommation ou au sein d'une communaut\u00e9 \u00e9nerg\u00e9tique est prolong\u00e9 pour une p\u00e9riode transitoire de 3 mois (commandes pass\u00e9es au plus tard le 30 septembre 2024), Actuellement, le niveau d'aide est de 62,5 % des co\u00fbts r\u00e9els, avec un plafond de 1 562,5 EUR par kW-cr\u00eate.<\/p><p>A partir du 1er octobre 2024, le r\u00e9gime actuel concernant les mesures d'assainissement \u00e9nerg\u00e9tique et les pompes \u00e0 chaleur et chaudi\u00e8res \u00e0 bois sera maintenu, tandis qu'au niveau des modules photovolta\u00efques, l'aide financi\u00e8re sera r\u00e9duite \u00e0 50% des co\u00fbts r\u00e9els des installations command\u00e9es \u00e0 partir du 1er octobre 2024, avec un plafond de 1.250 EUR par kW.<span style=\"color: var(--text-color); letter-spacing: 0px; text-align: var(--text-align);\">\u00a0<\/span><\/p>\t\t\t\t\t\t\t\t<\/div>\n\t\t\t\t<\/div>\n\t\t\t\t\t<\/div>\n\t\t\t\t<\/div>\n\t\t<div class=\"elementor-element elementor-element-d26166c e-flex e-con-boxed e-con e-parent\" data-id=\"d26166c\" data-element_type=\"container\" data-e-type=\"container\">\n\t\t\t\t\t<div class=\"e-con-inner\">\n\t\t\t\t<div class=\"elementor-element elementor-element-2a2ee85 elementor-widget elementor-widget-text-editor\" data-id=\"2a2ee85\" data-element_type=\"widget\" data-e-type=\"widget\" data-widget_type=\"text-editor.default\">\n\t\t\t\t<div class=\"elementor-widget-container\">\n\t\t\t\t\t\t\t\t\t<p style=\"text-align: center;\"><strong>All information comes from Klima Agence and you will always get the latest and most up-to-date information about available subsidies from them. Contact their representative at: <\/strong><a href=\"https:\/\/www.klima-agence.lu\" target=\"_blank\" rel=\"noopener\"><strong>https:\/\/www.klima-agence.lu<\/strong><\/a><\/p>\t\t\t\t\t\t\t\t<\/div>\n\t\t\t\t<\/div>\n\t\t\t\t\t<\/div>\n\t\t\t\t<\/div>\n\t\t\t\t<\/div>","protected":false},"excerpt":{"rendered":"<p>Klimabonus 511 The &#8220;KLIMABONUS 511&#8221; program is a Luxembourgish government initiative that provides financial incentives for the installation of heat pumps. The program offers a subsidy of \u20ac511 per kilowatt (kW) of installed capacity, up to a maximum of 10 kW. The subsidy is available to both individuals and businesses. Air-to-water heat pump &#8211; Heating [&hellip;]<\/p>\n","protected":false},"author":5,"featured_media":0,"parent":0,"menu_order":0,"comment_status":"closed","ping_status":"closed","template":"elementor_header_footer","meta":{"inline_featured_image":false,"footnotes":""},"class_list":["post-12620","page","type-page","status-publish","hentry"],"_links":{"self":[{"href":"https:\/\/voltmax.lu\/fr\/wp-json\/wp\/v2\/pages\/12620","targetHints":{"allow":["GET"]}}],"collection":[{"href":"https:\/\/voltmax.lu\/fr\/wp-json\/wp\/v2\/pages"}],"about":[{"href":"https:\/\/voltmax.lu\/fr\/wp-json\/wp\/v2\/types\/page"}],"author":[{"embeddable":true,"href":"https:\/\/voltmax.lu\/fr\/wp-json\/wp\/v2\/users\/5"}],"replies":[{"embeddable":true,"href":"https:\/\/voltmax.lu\/fr\/wp-json\/wp\/v2\/comments?post=12620"}],"version-history":[{"count":0,"href":"https:\/\/voltmax.lu\/fr\/wp-json\/wp\/v2\/pages\/12620\/revisions"}],"wp:attachment":[{"href":"https:\/\/voltmax.lu\/fr\/wp-json\/wp\/v2\/media?parent=12620"}],"curies":[{"name":"wp","href":"https:\/\/api.w.org\/{rel}","templated":true}]}}