{"id":11029,"date":"2024-12-22T01:16:23","date_gmt":"2024-12-22T00:16:23","guid":{"rendered":"https:\/\/voltmax.lu\/?page_id=11029"},"modified":"2025-02-18T14:30:45","modified_gmt":"2025-02-18T13:30:45","slug":"klimabonus-151","status":"publish","type":"page","link":"https:\/\/voltmax.lu\/fr\/klimabonus-151\/","title":{"rendered":"Klimabonus 151"},"content":{"rendered":"<div data-elementor-type=\"wp-page\" data-elementor-id=\"11029\" class=\"elementor elementor-11029\">\n\t\t\t\t<div class=\"elementor-element elementor-element-fdfee49 e-flex e-con-boxed e-con e-parent\" data-id=\"fdfee49\" data-element_type=\"container\" data-e-type=\"container\" data-settings=\"{&quot;background_background&quot;:&quot;classic&quot;}\">\n\t\t\t\t\t<div class=\"e-con-inner\">\n\t\t\t\t<div class=\"elementor-element elementor-element-46eabea elementor-widget elementor-widget-spacer\" data-id=\"46eabea\" data-element_type=\"widget\" data-e-type=\"widget\" data-widget_type=\"spacer.default\">\n\t\t\t\t<div class=\"elementor-widget-container\">\n\t\t\t\t\t\t\t<div class=\"elementor-spacer\">\n\t\t\t<div class=\"elementor-spacer-inner\"><\/div>\n\t\t<\/div>\n\t\t\t\t\t\t<\/div>\n\t\t\t\t<\/div>\n\t\t\t\t<div class=\"elementor-element elementor-element-c8c596e elementor-widget elementor-widget-heading\" data-id=\"c8c596e\" data-element_type=\"widget\" data-e-type=\"widget\" data-widget_type=\"heading.default\">\n\t\t\t\t<div class=\"elementor-widget-container\">\n\t\t\t\t\t<h1 class=\"elementor-heading-title elementor-size-default\">Klimabonus 151<\/h1>\t\t\t\t<\/div>\n\t\t\t\t<\/div>\n\t\t\t\t<div class=\"elementor-element elementor-element-cb4b688 elementor-widget elementor-widget-spacer\" data-id=\"cb4b688\" data-element_type=\"widget\" data-e-type=\"widget\" data-widget_type=\"spacer.default\">\n\t\t\t\t<div class=\"elementor-widget-container\">\n\t\t\t\t\t\t\t<div class=\"elementor-spacer\">\n\t\t\t<div class=\"elementor-spacer-inner\"><\/div>\n\t\t<\/div>\n\t\t\t\t\t\t<\/div>\n\t\t\t\t<\/div>\n\t\t\t\t\t<\/div>\n\t\t\t\t<\/div>\n\t\t<div class=\"elementor-element elementor-element-0f4d621 e-flex e-con-boxed e-con e-parent\" data-id=\"0f4d621\" data-element_type=\"container\" data-e-type=\"container\">\n\t\t\t\t\t<div class=\"e-con-inner\">\n\t\t\t\t<div class=\"elementor-element elementor-element-8dfa0cd elementor-widget elementor-widget-text-editor\" data-id=\"8dfa0cd\" data-element_type=\"widget\" data-e-type=\"widget\" data-widget_type=\"text-editor.default\">\n\t\t\t\t<div class=\"elementor-widget-container\">\n\t\t\t\t\t\t\t\t\t<p>Le programme \"KLIMABONUS 151\" est une initiative du gouvernement luxembourgeois qui offre des incitations financi\u00e8res pour l'installation de chargeurs de v\u00e9hicules \u00e9lectriques. Le programme offre une subvention de 151 \u20ac par kilowatt (kW) de capacit\u00e9 install\u00e9e, jusqu'\u00e0 un maximum de 22 kW. Cette subvention s'adresse aussi bien aux particuliers qu'aux entreprises.<\/p><h2 class=\"heading xl\">Borne de recharge intelligente\u00a0\u2013 Recharger \u00e0 domicile en toute simplicit\u00e9.<\/h2><h3>Quelles sont les conditions pour b\u00e9n\u00e9ficier des subventions Klimabonus ?<\/h3><ul><li>Cette subvention est r\u00e9serv\u00e9e aux personnes physiques et morales \u00e9ligibles.<\/li><li>Peuvent \u00eatre admises \u00e0 la copropri\u00e9t\u00e9 les personnes morales \u00e9ligibles, une ASBL, une fondation ou une soci\u00e9t\u00e9 civile n'exer\u00e7ant pas d'activit\u00e9 \u00e9conomique ainsi qu'un repr\u00e9sentant de la copropri\u00e9t\u00e9 pouvant agir pour au moins la moiti\u00e9 des parts des parties communes d\u00e9tenues par des personnes physiques ou morales \u00e9ligibles.<\/li><li>La personne doit \u00eatre propri\u00e9taire ou locataire de l\u2019espace de stationnement sur lequel la borne de recharge est install\u00e9e.<\/li><li>La borne de recharge doit \u00eatre neuve.<\/li><li>Le lieu doit \u00eatre situ\u00e9 sur le territoire luxembourgeois.<\/li><li>Une seule subvention peut \u00eatre accord\u00e9e \u00e0 un m\u00eame demandeur pour un m\u00eame b\u00e2timent.<\/li><li>Si le demandeur est propri\u00e9taire ou locataire de plusieurs places de stationnement attribu\u00e9es au m\u00eame immeuble, ou s\u2019il est le syndicat de copropri\u00e9taires, il peut demander une aide pour :<ul><li>1 borne de recharge par unit\u00e9 r\u00e9sidentielle;<\/li><li>1 borne de recharge par emplacement professionnel plus une borne de recharge suppl\u00e9mentaire pour chaque deuxi\u00e8me place de stationnement suppl\u00e9mentaire (max. 15 bornes de recharge par b\u00e2timent sur les emplacements de stationnement affect\u00e9s aux emplacements professionnels) ;<\/li><li>1 borne de recharge par place de parking commune ainsi qu'une borne de recharge suppl\u00e9mentaire pour chaque deuxi\u00e8me place de parking appartenant aux parties communes (max. 25 bornes de recharge par b\u00e2timent install\u00e9es sur les places de parking communes).<\/li><\/ul><\/li><li>La subvention n'est pas accord\u00e9e pour les bornes de recharge destin\u00e9es \u00e0 un usage commercial ou \u00e0 la revente.<\/li><\/ul><p class=\"translation-block\">Pour en savoir plus, vous pouvez consulter\u00a0<a href=\"https:\/\/legilux.public.lu\/eli\/etat\/leg\/rgd\/2020\/08\/19\/a702\/jo#paragraph_7\" target=\"_blank\" rel=\"nofollow noopener\" aria-label=\"le r\u00e8glement correspondant, ouvre une nouvelle fen\u00eatre\" data-nww-processed=\"true\">le r\u00e8glement correspondant<\/a>.<\/p><h2>Comment demander les subventions Klimabonus ?<\/h2><ul><li><div class=\"text\"><ul><li>La demande de subvention doit \u00eatre d\u00e9pos\u00e9e au plus tard 12 mois apr\u00e8s la derni\u00e8re facture \u00e9mise dans le cadre de l'investissement.<\/li><li>Dans le cas d'un immeuble comportant au moins quatre places de stationnement, une subvention de 450 \u20ac peut \u00eatre demand\u00e9e pour les travaux pr\u00e9paratoires. Ce montant sera d\u00e9duit des montants et plafonds de subvention pour l'installation de la borne de recharge.<\/li><\/ul><p class=\"translation-block\">Pour d\u00e9poser ma demande, je remplis\u00a0<a href=\"https:\/\/guichet.public.lu\/fr\/citoyens\/aides\/transport\/transports-individuels\/installation-bornes-charges-privees.html\" target=\"_blank\" rel=\"nofollow noopener\" aria-label=\"les formulaires suivants, ouvre une nouvelle fen\u00eatre\" data-nww-processed=\"true\">les formulaires suivants<\/a>\u00a0:<\/p><ul><li>\u201cFormulaire de demande de subvention pour une borne de charge priv\u00e9e \u2013 partie \u00e0 remplir par le demandeur de l\u2019aide\u201d<\/li><li>\u201cFormulaire de demande de subvention pour une borne de charge priv\u00e9e \u2013 partie \u00e0 remplir par l\u2019entreprise charg\u00e9e de l\u2019ex\u00e9cution des travaux d\u2019installation de la borne\u201d<\/li><\/ul><p class=\"translation-block\">Pour plus d'informations, je peux consulter\u00a0<a href=\"https:\/\/legilux.public.lu\/eli\/etat\/leg\/rgd\/2022\/04\/07\/a180\/jo#paragraph_34\" target=\"_blank\" rel=\"nofollow noopener\" aria-label=\"le r\u00e8glement correspondant, ouvre une nouvelle fen\u00eatre\" data-nww-processed=\"true\">le r\u00e8glement correspondant<\/a>.<\/p><\/div><div class=\"text\"><p><b>Valable pour les factures dat\u00e9es du 01\/07\/2020 au 31\/12\/2024<\/b><\/p><\/div><\/li><\/ul><h2>Quelles sont les exigences techniques pour les subventions Klimabonus ?<\/h2><ul><li>La borne de recharge doit \u00eatre raccord\u00e9e au r\u00e9seau de distribution basse tension.<\/li><li>La puissance de charge maximale de la borne est limit\u00e9e \u00e0 11 kW et install\u00e9e par un \u00e9lectricien professionnel.<\/li><li>\u00c0 partir de 7 kW, le raccordement au Smart Meter est une exigence du gestionnaire de r\u00e9seau.<\/li><li>Dans le cas d'un immeuble comportant au moins quatre places de stationnement, seules les bornes de recharge OCPP version 1.6 ou ult\u00e9rieure sont \u00e9ligibles.<\/li><\/ul><ul><li>Gr\u00e2ce \u00e0 ma borne de recharge intelligente OCPP (Open Charge Point Protocol), la communication entre la borne et un syst\u00e8me de gestion centralis\u00e9 est possible. Cela permet d'int\u00e9grer tout type ou mod\u00e8le de borne de recharge \u00e0 un syst\u00e8me de gestion de charge intelligent.<\/li><li>Le gestionnaire de r\u00e9seau peut \u00e9galement intervenir en cas d'urgence pour g\u00e9rer la puissance et la r\u00e9duire temporairement ou d\u00e9sactiver la borne de recharge afin d'\u00e9viter des pannes g\u00e9n\u00e9rales dues \u00e0 une surcharge du r\u00e9seau et ainsi \u00e9viter des dommages (ex : panne d'infrastructures sensibles comme les cong\u00e9lateurs).<\/li><\/ul><h3>MISE \u00c0 JOUR<\/h3><p>L'abattement d'aide financi\u00e8re de 25 % pour les installations photovolta\u00efques fonctionnant en mode autoconsommation ou au sein d'une communaut\u00e9 \u00e9nerg\u00e9tique est prolong\u00e9 pour une p\u00e9riode transitoire de 3 mois (commandes pass\u00e9es au plus tard le 30 septembre 2024), Actuellement, le niveau d'aide est de 62,5 % des co\u00fbts r\u00e9els, avec un plafond de 1 562,5 EUR par kW-cr\u00eate.<\/p><p>A partir du 1er octobre 2024, le r\u00e9gime actuel concernant les mesures d'assainissement \u00e9nerg\u00e9tique et les pompes \u00e0 chaleur et chaudi\u00e8res \u00e0 bois sera maintenu, tandis qu'au niveau des modules photovolta\u00efques, l'aide financi\u00e8re sera r\u00e9duite \u00e0 50% des co\u00fbts r\u00e9els des installations command\u00e9es \u00e0 partir du 1er octobre 2024, avec un plafond de 1.250 EUR par kW.<\/p>\t\t\t\t\t\t\t\t<\/div>\n\t\t\t\t<\/div>\n\t\t\t\t\t<\/div>\n\t\t\t\t<\/div>\n\t\t<div class=\"elementor-element elementor-element-81b97cc e-flex e-con-boxed e-con e-parent\" data-id=\"81b97cc\" data-element_type=\"container\" data-e-type=\"container\">\n\t\t\t\t\t<div class=\"e-con-inner\">\n\t\t\t\t<div class=\"elementor-element elementor-element-79d20f6 elementor-widget elementor-widget-heading\" data-id=\"79d20f6\" data-element_type=\"widget\" data-e-type=\"widget\" data-widget_type=\"heading.default\">\n\t\t\t\t<div class=\"elementor-widget-container\">\n\t\t\t\t\t<h3 class=\"elementor-heading-title elementor-size-default\">All information comes from Klima Agence and you will always get the latest and most up-to-date information about available subsidies from them. Contact their representative at: https:\/\/www.klima-agence.lu<\/h3>\t\t\t\t<\/div>\n\t\t\t\t<\/div>\n\t\t\t\t\t<\/div>\n\t\t\t\t<\/div>\n\t\t\t\t<\/div>","protected":false},"excerpt":{"rendered":"<p>Klimabonus 151 The \u201cKLIMABONUS 151\u201d program is a Luxembourgish government initiative that provides financial incentives for the installation of electric vehicle chargers. The program offers a subsidy of \u20ac151 per kilowatt (kW) of installed capacity, up to a maximum of 22 kW. The subsidy is available to both individuals and businesses. Smart charging station\u00a0\u2013 Charging [&hellip;]<\/p>\n","protected":false},"author":1,"featured_media":0,"parent":0,"menu_order":0,"comment_status":"closed","ping_status":"closed","template":"elementor_header_footer","meta":{"inline_featured_image":false,"footnotes":""},"class_list":["post-11029","page","type-page","status-publish","hentry"],"_links":{"self":[{"href":"https:\/\/voltmax.lu\/fr\/wp-json\/wp\/v2\/pages\/11029","targetHints":{"allow":["GET"]}}],"collection":[{"href":"https:\/\/voltmax.lu\/fr\/wp-json\/wp\/v2\/pages"}],"about":[{"href":"https:\/\/voltmax.lu\/fr\/wp-json\/wp\/v2\/types\/page"}],"author":[{"embeddable":true,"href":"https:\/\/voltmax.lu\/fr\/wp-json\/wp\/v2\/users\/1"}],"replies":[{"embeddable":true,"href":"https:\/\/voltmax.lu\/fr\/wp-json\/wp\/v2\/comments?post=11029"}],"version-history":[{"count":0,"href":"https:\/\/voltmax.lu\/fr\/wp-json\/wp\/v2\/pages\/11029\/revisions"}],"wp:attachment":[{"href":"https:\/\/voltmax.lu\/fr\/wp-json\/wp\/v2\/media?parent=11029"}],"curies":[{"name":"wp","href":"https:\/\/api.w.org\/{rel}","templated":true}]}}