{"id":10217,"date":"2024-12-20T00:02:22","date_gmt":"2024-12-19T23:02:22","guid":{"rendered":"https:\/\/voltmax.lu\/?page_id=10217"},"modified":"2025-02-18T14:38:07","modified_gmt":"2025-02-18T13:38:07","slug":"impressum","status":"publish","type":"page","link":"https:\/\/voltmax.lu\/fr\/impressum\/","title":{"rendered":"Impressum"},"content":{"rendered":"<div data-elementor-type=\"wp-page\" data-elementor-id=\"10217\" class=\"elementor elementor-10217\">\n\t\t\t\t<div class=\"elementor-element elementor-element-fb85ee4 e-flex e-con-boxed e-con e-parent\" data-id=\"fb85ee4\" data-element_type=\"container\" data-e-type=\"container\" data-settings=\"{&quot;background_background&quot;:&quot;classic&quot;}\">\n\t\t\t\t\t<div class=\"e-con-inner\">\n\t\t\t\t<div class=\"elementor-element elementor-element-7fae390 elementor-widget elementor-widget-spacer\" data-id=\"7fae390\" data-element_type=\"widget\" data-e-type=\"widget\" data-widget_type=\"spacer.default\">\n\t\t\t\t<div class=\"elementor-widget-container\">\n\t\t\t\t\t\t\t<div class=\"elementor-spacer\">\n\t\t\t<div class=\"elementor-spacer-inner\"><\/div>\n\t\t<\/div>\n\t\t\t\t\t\t<\/div>\n\t\t\t\t<\/div>\n\t\t\t\t<div class=\"elementor-element elementor-element-7ee2cdf elementor-widget-divider--view-line elementor-widget elementor-widget-divider\" data-id=\"7ee2cdf\" data-element_type=\"widget\" data-e-type=\"widget\" data-widget_type=\"divider.default\">\n\t\t\t\t<div class=\"elementor-widget-container\">\n\t\t\t\t\t\t\t<div class=\"elementor-divider\">\n\t\t\t<div class=\"elementor-divider-separator\">\n\t\t\t\t\t\t<\/div>\n\t\t<\/div>\n\t\t\t\t\t\t<\/div>\n\t\t\t\t<\/div>\n\t\t\t\t<div class=\"elementor-element elementor-element-5fdddcb elementor-widget elementor-widget-heading\" data-id=\"5fdddcb\" data-element_type=\"widget\" data-e-type=\"widget\" data-widget_type=\"heading.default\">\n\t\t\t\t<div class=\"elementor-widget-container\">\n\t\t\t\t\t<h1 class=\"elementor-heading-title elementor-size-default\">Impressum<\/h1>\t\t\t\t<\/div>\n\t\t\t\t<\/div>\n\t\t\t\t<div class=\"elementor-element elementor-element-35f5fa2 elementor-widget elementor-widget-spacer\" data-id=\"35f5fa2\" data-element_type=\"widget\" data-e-type=\"widget\" data-widget_type=\"spacer.default\">\n\t\t\t\t<div class=\"elementor-widget-container\">\n\t\t\t\t\t\t\t<div class=\"elementor-spacer\">\n\t\t\t<div class=\"elementor-spacer-inner\"><\/div>\n\t\t<\/div>\n\t\t\t\t\t\t<\/div>\n\t\t\t\t<\/div>\n\t\t\t\t\t<\/div>\n\t\t\t\t<\/div>\n\t\t<div class=\"elementor-element elementor-element-3ca69ca e-flex e-con-boxed e-con e-parent\" data-id=\"3ca69ca\" data-element_type=\"container\" data-e-type=\"container\">\n\t\t\t\t\t<div class=\"e-con-inner\">\n\t\t\t\t<div class=\"elementor-element elementor-element-f5d6137 elementor-widget elementor-widget-text-editor\" data-id=\"f5d6137\" data-element_type=\"widget\" data-e-type=\"widget\" data-widget_type=\"text-editor.default\">\n\t\t\t\t<div class=\"elementor-widget-container\">\n\t\t\t\t\t\t\t\t\t<h3>Voltmax SARL<\/h3><h5>47 Rue Mathias Tresch,<br \/>L-2626 Luxembourg<\/h5><p>info@voltmax.lu<\/p><p>T\u00e9l. : +352 691 986 312<br \/>T\u00e9l. : +352 661 444 833<br \/><a href=\"mailto:info@voltmax.lu\">info@voltmax.lu<\/a><br \/><a href=\"https:\/\/voltmax.lu\/fr\/\" target=\"_blank\" rel=\"noopener\">https:\/\/www.voltmax.lu\/<\/a><\/p><p><strong>Si\u00e8ge social de l'entreprise :<\/strong><br \/>Luxembourg<\/p><p><strong>S'inscrire :<\/strong><br \/>B270450,<\/p><p><strong>Num\u00e9ro d'identification :<\/strong><br \/>2022 24 59185,<\/p><p><strong>Num\u00e9ro de permis d'exploitation :<\/strong><br \/>10153228\/2<\/p><p><strong>Num\u00e9ro de permis d'exploitation :<\/strong><br \/>10153228\/3<\/p><p><strong>Num\u00e9ro de TVA :<\/strong><br \/>LU34874947<\/p><p><strong>Avis de non-responsabilit\u00e9\/Exclusion de responsabilit\u00e9<\/strong><br \/>Responsabilit\u00e9 du contenu<br \/>Le contenu de ce site a \u00e9t\u00e9 \u00e9labor\u00e9 avec le plus grand soin. Cependant, nous ne pouvons garantir que le contenu soit correct, complet ou \u00e0 jour.<\/p><p>Conform\u00e9ment \u00e0 la loi sur les services de t\u00e9l\u00e9m\u00e9dias dans sa version du 1er mars 2007, le prestataire de services\/auteur est responsable de ses propres contenus sur ses sites Internet conform\u00e9ment aux lois g\u00e9n\u00e9rales. Les prestataires de services ne sont toutefois pas tenus de surveiller les informations de tiers qu'ils transmettent ou stockent ni d'enqu\u00eater sur les circonstances qui indiquent une activit\u00e9 ill\u00e9gale. Les obligations de supprimer ou de bloquer l'utilisation des informations conform\u00e9ment aux lois g\u00e9n\u00e9rales restent inchang\u00e9es. La responsabilit\u00e9 \u00e0 cet \u00e9gard n'est toutefois possible qu'\u00e0 partir du moment o\u00f9 une violation concr\u00e8te de la loi est connue. Si des violations de la loi pertinentes sont port\u00e9es \u00e0 notre connaissance, le contenu sera imm\u00e9diatement supprim\u00e9.<\/p><p><strong>Responsabilit\u00e9 pour les liens<\/strong><br \/>En cas de renvois directs ou indirects \u00e0 des sites Internet externes (\u00ab liens \u00bb) qui ne rel\u00e8vent pas de la responsabilit\u00e9 de l\u2019auteur, ce dernier n\u2019est responsable que s\u2019il a connaissance du contenu et s\u2019il lui est techniquement possible et raisonnable de l\u2019utiliser en cas de contenu ill\u00e9gal. L\u2019auteur d\u00e9clare express\u00e9ment par la pr\u00e9sente qu\u2019au moment de la cr\u00e9ation des liens, les pages li\u00e9es \u00e9taient exemptes de contenu ill\u00e9gal. L\u2019auteur d\u00e9clare en outre qu\u2019il n\u2019a aucune influence sur la conception actuelle et future ou sur le contenu des pages li\u00e9es\/reli\u00e9es. Il se distancie donc express\u00e9ment par la pr\u00e9sente de tous les contenus de toutes les pages li\u00e9es\/reli\u00e9es qui ont \u00e9t\u00e9 modifi\u00e9s apr\u00e8s la cr\u00e9ation du lien. Cette d\u00e9claration s\u2019applique \u00e0 tous les liens et renvois cr\u00e9\u00e9s sur notre propre site Internet ainsi qu\u2019aux entr\u00e9es de tiers dans les livres d\u2019or, les forums de discussion et les listes de diffusion cr\u00e9\u00e9s par l\u2019auteur. Seul le fournisseur de la page \u00e0 laquelle il est fait r\u00e9f\u00e9rence est responsable des contenus ill\u00e9gaux, erron\u00e9s ou incomplets et en particulier des dommages r\u00e9sultant de l\u2019utilisation ou de la non-utilisation de ces informations, et non la personne qui renvoie simplement \u00e0 la publication concern\u00e9e par le biais de liens.<\/p><p><strong>Droits de propri\u00e9t\u00e9 intellectuelle<\/strong><br \/>L'auteur s'efforce de respecter les droits d'auteur des graphiques, textes ou autres contenus utilis\u00e9s dans toutes les publications, d'utiliser des graphiques, textes ou autres contenus qu'il a lui-m\u00eame cr\u00e9\u00e9s ou d'utiliser des graphiques, textes ou autres contenus libres de droits. Le droit d'auteur sur les objets publi\u00e9s cr\u00e9\u00e9s par l'auteur reste la propri\u00e9t\u00e9 exclusive de l'auteur des pages. La reproduction ou l'utilisation de tels graphiques, textes ou autres contenus dans d'autres publications \u00e9lectroniques ou imprim\u00e9es n'est pas autoris\u00e9e sans le consentement expr\u00e8s de l'auteur.<\/p><p><strong>Validit\u00e9 juridique de cette clause de non-responsabilit\u00e9<\/strong><br \/>Cette clause de non-responsabilit\u00e9 doit \u00eatre consid\u00e9r\u00e9e comme faisant partie de l'offre Internet \u00e0 partir de laquelle il a \u00e9t\u00e9 renvoy\u00e9 \u00e0 cette page. Si des parties ou des formulations individuelles de ce texte ne correspondaient pas, plus ou pas compl\u00e8tement \u00e0 la situation juridique en vigueur, les autres parties du document n'en seraient pas affect\u00e9es dans leur contenu et leur validit\u00e9.<\/p>\t\t\t\t\t\t\t\t<\/div>\n\t\t\t\t<\/div>\n\t\t\t\t\t<\/div>\n\t\t\t\t<\/div>\n\t\t\t\t<\/div>","protected":false},"excerpt":{"rendered":"<p>Impressum Voltmax SARL 47 Rue Mathias Tresch,L-2626 Luxembourg info@voltmax.lu Tel.: +352 691 986 312Tel: +352 661 444 833info@voltmax.luhttps:\/\/www.voltmax.lu\/ Office of the company:Luxembourg Register:B270450, Identifical number:2022 24 59185, Business permit No.:10153228\/2 Business permit No.:10153228\/3 VAT number:LU34874947 Disclaimer\/Exclusion of LiabilityLiability for contentThe content of this site was made with the highest care. However, we cannot guarantee that [&hellip;]<\/p>\n","protected":false},"author":1,"featured_media":0,"parent":0,"menu_order":0,"comment_status":"closed","ping_status":"closed","template":"elementor_header_footer","meta":{"inline_featured_image":false,"footnotes":""},"class_list":["post-10217","page","type-page","status-publish","hentry"],"_links":{"self":[{"href":"https:\/\/voltmax.lu\/fr\/wp-json\/wp\/v2\/pages\/10217","targetHints":{"allow":["GET"]}}],"collection":[{"href":"https:\/\/voltmax.lu\/fr\/wp-json\/wp\/v2\/pages"}],"about":[{"href":"https:\/\/voltmax.lu\/fr\/wp-json\/wp\/v2\/types\/page"}],"author":[{"embeddable":true,"href":"https:\/\/voltmax.lu\/fr\/wp-json\/wp\/v2\/users\/1"}],"replies":[{"embeddable":true,"href":"https:\/\/voltmax.lu\/fr\/wp-json\/wp\/v2\/comments?post=10217"}],"version-history":[{"count":0,"href":"https:\/\/voltmax.lu\/fr\/wp-json\/wp\/v2\/pages\/10217\/revisions"}],"wp:attachment":[{"href":"https:\/\/voltmax.lu\/fr\/wp-json\/wp\/v2\/media?parent=10217"}],"curies":[{"name":"wp","href":"https:\/\/api.w.org\/{rel}","templated":true}]}}