{"id":7706,"date":"2024-12-09T14:57:06","date_gmt":"2024-12-09T13:57:06","guid":{"rendered":"https:\/\/voltmax.lu\/?page_id=7706"},"modified":"2026-02-18T14:12:15","modified_gmt":"2026-02-18T13:12:15","slug":"nachrichten-und-updates","status":"publish","type":"page","link":"https:\/\/voltmax.lu\/de\/news-and-updates\/","title":{"rendered":"News und updates"},"content":{"rendered":"\t\t<div data-elementor-type=\"wp-page\" data-elementor-id=\"7706\" class=\"elementor elementor-7706\">\n\t\t\t\t<div class=\"elementor-element elementor-element-4681bf7 e-flex e-con-boxed e-con e-parent\" data-id=\"4681bf7\" data-element_type=\"container\" data-settings=\"{&quot;background_background&quot;:&quot;classic&quot;}\">\n\t\t\t\t\t<div class=\"e-con-inner\">\n\t\t\t\t<div class=\"elementor-element elementor-element-110cb35 elementor-widget elementor-widget-spacer\" data-id=\"110cb35\" data-element_type=\"widget\" data-widget_type=\"spacer.default\">\n\t\t\t\t<div class=\"elementor-widget-container\">\n\t\t\t\t\t<div class=\"elementor-spacer\">\n\t\t\t<div class=\"elementor-spacer-inner\"><\/div>\n\t\t<\/div>\n\t\t\t\t<\/div>\n\t\t\t\t<\/div>\n\t\t\t\t<div class=\"elementor-element elementor-element-c16c092 elementor-widget elementor-widget-heading\" data-id=\"c16c092\" data-element_type=\"widget\" data-widget_type=\"heading.default\">\n\t\t\t\t<div class=\"elementor-widget-container\">\n\t\t\t<div class=\"elementor-heading-title elementor-size-default\">News<\/div>\t\t<\/div>\n\t\t\t\t<\/div>\n\t\t\t\t<div class=\"elementor-element elementor-element-84cfc0a elementor-widget-divider--view-line elementor-widget elementor-widget-divider\" data-id=\"84cfc0a\" data-element_type=\"widget\" data-widget_type=\"divider.default\">\n\t\t\t\t<div class=\"elementor-widget-container\">\n\t\t\t\t\t<div class=\"elementor-divider\">\n\t\t\t<div class=\"elementor-divider-separator\">\n\t\t\t\t\t\t<\/div>\n\t\t<\/div>\n\t\t\t\t<\/div>\n\t\t\t\t<\/div>\n\t\t\t\t<div class=\"elementor-element elementor-element-7746b26 elementor-widget elementor-widget-heading\" data-id=\"7746b26\" data-element_type=\"widget\" data-widget_type=\"heading.default\">\n\t\t\t\t<div class=\"elementor-widget-container\">\n\t\t\t<h1 class=\"elementor-heading-title elementor-size-default\">News and updates<\/h1>\t\t<\/div>\n\t\t\t\t<\/div>\n\t\t\t\t<div class=\"elementor-element elementor-element-00c9d3e elementor-widget elementor-widget-spacer\" data-id=\"00c9d3e\" data-element_type=\"widget\" data-widget_type=\"spacer.default\">\n\t\t\t\t<div class=\"elementor-widget-container\">\n\t\t\t\t\t<div class=\"elementor-spacer\">\n\t\t\t<div class=\"elementor-spacer-inner\"><\/div>\n\t\t<\/div>\n\t\t\t\t<\/div>\n\t\t\t\t<\/div>\n\t\t\t\t\t<\/div>\n\t\t\t\t<\/div>\n\t\t<div class=\"elementor-element elementor-element-006f30e e-flex e-con-boxed e-con e-parent\" data-id=\"006f30e\" data-element_type=\"container\">\n\t\t\t\t\t<div class=\"e-con-inner\">\n\t\t\t\t\t<\/div>\n\t\t\t\t<\/div>\n\t\t<div class=\"elementor-element elementor-element-34d285a e-flex e-con-boxed e-con e-parent\" data-id=\"34d285a\" data-element_type=\"container\">\n\t\t\t\t\t<div class=\"e-con-inner\">\n\t\t\t\t<div class=\"elementor-element elementor-element-e7c0ced elementor-widget elementor-widget-toggle\" data-id=\"e7c0ced\" data-element_type=\"widget\" data-widget_type=\"toggle.default\">\n\t\t\t\t<div class=\"elementor-widget-container\">\n\t\t\t\t\t<div class=\"elementor-toggle\">\n\t\t\t\t\t\t\t<div class=\"elementor-toggle-item\">\n\t\t\t\t\t<div id=\"elementor-tab-title-2431\" class=\"elementor-tab-title\" data-tab=\"1\" role=\"button\" aria-controls=\"elementor-tab-content-2431\" aria-expanded=\"false\">\n\t\t\t\t\t\t\t\t\t\t\t\t<span class=\"elementor-toggle-icon elementor-toggle-icon-left\" aria-hidden=\"true\">\n\t\t\t\t\t\t\t\t\t\t\t\t\t\t\t<span class=\"elementor-toggle-icon-closed\"><i class=\"fas fa-caret-right\"><\/i><\/span>\n\t\t\t\t\t\t\t\t<span class=\"elementor-toggle-icon-opened\"><i class=\"elementor-toggle-icon-opened fas fa-caret-up\"><\/i><\/span>\n\t\t\t\t\t\t\t\t\t\t\t\t\t<\/span>\n\t\t\t\t\t\t\t\t\t\t\t\t<a class=\"elementor-toggle-title\" tabindex=\"0\">30.01.2026 - Update of Terms and Conditions<\/a>\n\t\t\t\t\t<\/div>\n\n\t\t\t\t\t<div id=\"elementor-tab-content-2431\" class=\"elementor-tab-content elementor-clearfix\" data-tab=\"1\" role=\"region\" aria-labelledby=\"elementor-tab-title-2431\"><p>New Subsidies Rules &#8211; Pre-financing from 2026-01-05\u200b<\/p><p><a href=\"https:\/\/voltmax.lu\/wp-content\/uploads\/2026\/02\/PV-General-Terms-and-Conditions-GTC-EN.pdf\">PV &#8211; General Terms and Conditions &#8211; GTC [EN]<\/a><\/p><\/div>\n\t\t\t\t<\/div>\n\t\t\t\t\t\t\t<div class=\"elementor-toggle-item\">\n\t\t\t\t\t<div id=\"elementor-tab-title-2432\" class=\"elementor-tab-title\" data-tab=\"2\" role=\"button\" aria-controls=\"elementor-tab-content-2432\" aria-expanded=\"false\">\n\t\t\t\t\t\t\t\t\t\t\t\t<span class=\"elementor-toggle-icon elementor-toggle-icon-left\" aria-hidden=\"true\">\n\t\t\t\t\t\t\t\t\t\t\t\t\t\t\t<span class=\"elementor-toggle-icon-closed\"><i class=\"fas fa-caret-right\"><\/i><\/span>\n\t\t\t\t\t\t\t\t<span class=\"elementor-toggle-icon-opened\"><i class=\"elementor-toggle-icon-opened fas fa-caret-up\"><\/i><\/span>\n\t\t\t\t\t\t\t\t\t\t\t\t\t<\/span>\n\t\t\t\t\t\t\t\t\t\t\t\t<a class=\"elementor-toggle-title\" tabindex=\"0\">26.01.2026 - Officially opened its second showroom in Soleuvre<\/a>\n\t\t\t\t\t<\/div>\n\n\t\t\t\t\t<div id=\"elementor-tab-content-2432\" class=\"elementor-tab-content elementor-clearfix\" data-tab=\"2\" role=\"region\" aria-labelledby=\"elementor-tab-title-2432\"><p class=\" trp-highlight\" data-trp-translate-id=\"28934\">Voltmax, a solar and energy efficiency company,\u00a0<strong>officially opened its second showroom in Soleuvre<\/strong>, Luxembourg on\u00a0<strong>26 January 2026<\/strong>, bringing together local partners, customers and its international team for the launch. The event, which included remarks by co-owner Krystian Gajda and a ribbon-cutting ceremony, was described as a\u00a0<strong>key step in the company\u2019s expansion<\/strong>\u00a0and commitment to the country\u2019s energy transition. Voltmax says the new space will make its solutions more accessible to customers in the south of Luxembourg and reflects growing interest in solar energy since it began operations there in 2022.<\/p><p><a href=\"https:\/\/chronicle.lu\/category\/energy\/59201-voltmax-expands-luxembourg-presence-with-new-soleuvre-showroom\" target=\"_self\" rel=\"nofollow noopener\" data-trp-translate-id-href=\"27163\" data-trp-node-group-href=\"String List\" data-trp-unpreviewable=\"trp-unpreviewable\" data-trp-original-target=\"_blank\">https:\/\/chronicle.lu\/category\/energy\/59201-voltmax-expands-luxembourg-presence-with-new-soleuvre-showroom<\/a><\/p><\/div>\n\t\t\t\t<\/div>\n\t\t\t\t\t\t\t<div class=\"elementor-toggle-item\">\n\t\t\t\t\t<div id=\"elementor-tab-title-2433\" class=\"elementor-tab-title\" data-tab=\"3\" role=\"button\" aria-controls=\"elementor-tab-content-2433\" aria-expanded=\"false\">\n\t\t\t\t\t\t\t\t\t\t\t\t<span class=\"elementor-toggle-icon elementor-toggle-icon-left\" aria-hidden=\"true\">\n\t\t\t\t\t\t\t\t\t\t\t\t\t\t\t<span class=\"elementor-toggle-icon-closed\"><i class=\"fas fa-caret-right\"><\/i><\/span>\n\t\t\t\t\t\t\t\t<span class=\"elementor-toggle-icon-opened\"><i class=\"elementor-toggle-icon-opened fas fa-caret-up\"><\/i><\/span>\n\t\t\t\t\t\t\t\t\t\t\t\t\t<\/span>\n\t\t\t\t\t\t\t\t\t\t\t\t<a class=\"elementor-toggle-title\" tabindex=\"0\">18.12.2025 - Voltmax initiated an art competition for students at St George's School<\/a>\n\t\t\t\t\t<\/div>\n\n\t\t\t\t\t<div id=\"elementor-tab-content-2433\" class=\"elementor-tab-content elementor-clearfix\" data-tab=\"3\" role=\"region\" aria-labelledby=\"elementor-tab-title-2433\"><p>Voltmax initiated an art competition for students at the school, the themes of which revolved around renewable energy, photovoltaics, environmental protection, and ecology. Students were encouraged to create artwork depicting their favorite energy sources or a solar-powered dream home.<\/p><p>\ud83d\udd39 These activities are part of Voltmax&#8217;s broader commitment to supporting environmental education and energy awareness among young people, encouraging them to reflect on the future of energy and sustainable development.<\/p><p>\ud83d\udd39 St George&#8217;s School itself actively promotes sustainability and environmental education as part of its mission, which aligns well with Voltmax&#8217;s initiatives.<\/p><\/div>\n\t\t\t\t<\/div>\n\t\t\t\t\t\t\t<div class=\"elementor-toggle-item\">\n\t\t\t\t\t<div id=\"elementor-tab-title-2434\" class=\"elementor-tab-title\" data-tab=\"4\" role=\"button\" aria-controls=\"elementor-tab-content-2434\" aria-expanded=\"false\">\n\t\t\t\t\t\t\t\t\t\t\t\t<span class=\"elementor-toggle-icon elementor-toggle-icon-left\" aria-hidden=\"true\">\n\t\t\t\t\t\t\t\t\t\t\t\t\t\t\t<span class=\"elementor-toggle-icon-closed\"><i class=\"fas fa-caret-right\"><\/i><\/span>\n\t\t\t\t\t\t\t\t<span class=\"elementor-toggle-icon-opened\"><i class=\"elementor-toggle-icon-opened fas fa-caret-up\"><\/i><\/span>\n\t\t\t\t\t\t\t\t\t\t\t\t\t<\/span>\n\t\t\t\t\t\t\t\t\t\t\t\t<a class=\"elementor-toggle-title\" tabindex=\"0\">17.10.2025 - Received a\u00a0Special Mention\u00a0at the Luxembourg Solar Prize 2025<\/a>\n\t\t\t\t\t<\/div>\n\n\t\t\t\t\t<div id=\"elementor-tab-content-2434\" class=\"elementor-tab-content elementor-clearfix\" data-tab=\"4\" role=\"region\" aria-labelledby=\"elementor-tab-title-2434\"><p class=\" trp-highlight\" data-trp-translate-id=\"28933\">Voltmax received a\u00a0<strong data-start=\"148\" data-end=\"167\">Special Mention<\/strong>\u00a0at the Luxembourg Solar Prize 2025 for its\u00a0<strong>photovoltaic project in Vianden<\/strong>, which was recognised for demonstrating how solar technology can be attractively integrated into architecturally sensitive environments. The award highlights Voltmax\u2019s commitment to sustainable innovation and aesthetic design in renewable energy installations. Additionally, a\u00a0<strong>school project in collaboration with Voltmax<\/strong>\u00a0also received a special mention for using its solar installation as an educational tool for students.<\/p><p><a href=\"https:\/\/en.paperjam.lu\/article\/here-are-the-winners-of-the-luxembourg-solar-prize-2025\" target=\"_self\" rel=\"nofollow noopener\" data-trp-translate-id-href=\"27156\" data-trp-node-group-href=\"String List\" data-trp-unpreviewable=\"trp-unpreviewable\" data-trp-original-target=\"_blank\">https:\/\/en.paperjam.lu\/article\/here-are-the-winners-of-the-luxembourg-solar-prize-2025<\/a><\/p><\/div>\n\t\t\t\t<\/div>\n\t\t\t\t\t\t\t<div class=\"elementor-toggle-item\">\n\t\t\t\t\t<div id=\"elementor-tab-title-2435\" class=\"elementor-tab-title\" data-tab=\"5\" role=\"button\" aria-controls=\"elementor-tab-content-2435\" aria-expanded=\"false\">\n\t\t\t\t\t\t\t\t\t\t\t\t<span class=\"elementor-toggle-icon elementor-toggle-icon-left\" aria-hidden=\"true\">\n\t\t\t\t\t\t\t\t\t\t\t\t\t\t\t<span class=\"elementor-toggle-icon-closed\"><i class=\"fas fa-caret-right\"><\/i><\/span>\n\t\t\t\t\t\t\t\t<span class=\"elementor-toggle-icon-opened\"><i class=\"elementor-toggle-icon-opened fas fa-caret-up\"><\/i><\/span>\n\t\t\t\t\t\t\t\t\t\t\t\t\t<\/span>\n\t\t\t\t\t\t\t\t\t\t\t\t<a class=\"elementor-toggle-title\" tabindex=\"0\">14.10.2025 - Officially opened its first showroom in Munsbach<\/a>\n\t\t\t\t\t<\/div>\n\n\t\t\t\t\t<div id=\"elementor-tab-content-2435\" class=\"elementor-tab-content elementor-clearfix\" data-tab=\"5\" role=\"region\" aria-labelledby=\"elementor-tab-title-2435\"><p class=\" trp-highlight\" data-trp-translate-id=\"28932\">On\u00a0<strong>14 October 2025<\/strong>, solar and energy efficiency company Voltmax\u00a0<strong>officially opened its first showroom in Munsbach<\/strong>, Luxembourg, marking its first physical presence in the country\u2019s market. The opening event featured a ribbon-cutting ceremony, speeches, and showcased a wide range of renewable energy solutions, including solar panels, energy storage, EV chargers, and thermal modernization products. Voltmax, active in Luxembourg since 2022, said the new space will help introduce its offerings to local partners, customers and support its planned growth.<\/p><p><a href=\"https:\/\/chronicle.lu\/category\/energy\/57359-voltmax-opens-1st-showroom-in-luxembourg\" target=\"_self\" rel=\"nofollow noopener\" data-trp-translate-id-href=\"27148\" data-trp-node-group-href=\"String List\" data-trp-unpreviewable=\"trp-unpreviewable\" data-trp-original-target=\"_blank\">https:\/\/chronicle.lu\/category\/energy\/57359-voltmax-opens-1st-showroom-in-luxembourg<\/a><\/p><\/div>\n\t\t\t\t<\/div>\n\t\t\t\t\t\t\t<div class=\"elementor-toggle-item\">\n\t\t\t\t\t<div id=\"elementor-tab-title-2436\" class=\"elementor-tab-title\" data-tab=\"6\" role=\"button\" aria-controls=\"elementor-tab-content-2436\" aria-expanded=\"false\">\n\t\t\t\t\t\t\t\t\t\t\t\t<span class=\"elementor-toggle-icon elementor-toggle-icon-left\" aria-hidden=\"true\">\n\t\t\t\t\t\t\t\t\t\t\t\t\t\t\t<span class=\"elementor-toggle-icon-closed\"><i class=\"fas fa-caret-right\"><\/i><\/span>\n\t\t\t\t\t\t\t\t<span class=\"elementor-toggle-icon-opened\"><i class=\"elementor-toggle-icon-opened fas fa-caret-up\"><\/i><\/span>\n\t\t\t\t\t\t\t\t\t\t\t\t\t<\/span>\n\t\t\t\t\t\t\t\t\t\t\t\t<a class=\"elementor-toggle-title\" tabindex=\"0\">From 9th to 12th October 2025 - HOME EXPO Stand<\/a>\n\t\t\t\t\t<\/div>\n\n\t\t\t\t\t<div id=\"elementor-tab-content-2436\" class=\"elementor-tab-content elementor-clearfix\" data-tab=\"6\" role=\"region\" aria-labelledby=\"elementor-tab-title-2436\"><p>Voltmax once again participated in the Home Expo trade fair in Luxembourg, showcasing modern photovoltaic and energy storage solutions. At the Voltmax booth, visitors could learn about photovoltaic systems for homes and businesses, EV charging stations, and power backup solutions. Voltmax experts answered questions, analyzed customers&#8217; energy needs, and proposed customized installation designs. Participation in the trade fair strengthened brand recognition and allowed for direct contact with potential customers interested in renewable energy.<\/p><\/div>\n\t\t\t\t<\/div>\n\t\t\t\t\t\t\t<div class=\"elementor-toggle-item\">\n\t\t\t\t\t<div id=\"elementor-tab-title-2437\" class=\"elementor-tab-title\" data-tab=\"7\" role=\"button\" aria-controls=\"elementor-tab-content-2437\" aria-expanded=\"false\">\n\t\t\t\t\t\t\t\t\t\t\t\t<span class=\"elementor-toggle-icon elementor-toggle-icon-left\" aria-hidden=\"true\">\n\t\t\t\t\t\t\t\t\t\t\t\t\t\t\t<span class=\"elementor-toggle-icon-closed\"><i class=\"fas fa-caret-right\"><\/i><\/span>\n\t\t\t\t\t\t\t\t<span class=\"elementor-toggle-icon-opened\"><i class=\"elementor-toggle-icon-opened fas fa-caret-up\"><\/i><\/span>\n\t\t\t\t\t\t\t\t\t\t\t\t\t<\/span>\n\t\t\t\t\t\t\t\t\t\t\t\t<a class=\"elementor-toggle-title\" tabindex=\"0\">24.07.2025 - The Green Energy Padel Cup<\/a>\n\t\t\t\t\t<\/div>\n\n\t\t\t\t\t<div id=\"elementor-tab-content-2437\" class=\"elementor-tab-content elementor-clearfix\" data-tab=\"7\" role=\"region\" aria-labelledby=\"elementor-tab-title-2437\"><p><a href=\"https:\/\/voltmax.lu\/padel-energy-cup\/\">https:\/\/voltmax.lu\/padel-energy-cup\/<\/a><\/p><\/div>\n\t\t\t\t<\/div>\n\t\t\t\t\t\t\t<div class=\"elementor-toggle-item\">\n\t\t\t\t\t<div id=\"elementor-tab-title-2438\" class=\"elementor-tab-title\" data-tab=\"8\" role=\"button\" aria-controls=\"elementor-tab-content-2438\" aria-expanded=\"false\">\n\t\t\t\t\t\t\t\t\t\t\t\t<span class=\"elementor-toggle-icon elementor-toggle-icon-left\" aria-hidden=\"true\">\n\t\t\t\t\t\t\t\t\t\t\t\t\t\t\t<span class=\"elementor-toggle-icon-closed\"><i class=\"fas fa-caret-right\"><\/i><\/span>\n\t\t\t\t\t\t\t\t<span class=\"elementor-toggle-icon-opened\"><i class=\"elementor-toggle-icon-opened fas fa-caret-up\"><\/i><\/span>\n\t\t\t\t\t\t\t\t\t\t\t\t\t<\/span>\n\t\t\t\t\t\t\t\t\t\t\t\t<a class=\"elementor-toggle-title\" tabindex=\"0\">22.04.2025 - CONCOURS D'ART Saint Sophie School<\/a>\n\t\t\t\t\t<\/div>\n\n\t\t\t\t\t<div id=\"elementor-tab-content-2438\" class=\"elementor-tab-content elementor-clearfix\" data-tab=\"8\" role=\"region\" aria-labelledby=\"elementor-tab-title-2438\"><p>Voltmax actively engaged in its collaboration with \u00c9cole Priv\u00e9e Notre\u2011Dame Sainte\u2011Sophie, organizing educational activities and an art competition for students on renewable energy, photovoltaics, environmental protection, and ecology.<\/p><p>\ud83d\udd39 During the visit, Voltmax representatives spoke with students about caring for the planet and how renewable energy works, answering their questions and encouraging ecological thinking.<br \/>\ud83d\udd39 An art competition was announced, in which students of various age groups could create posters and artwork related to solar energy \u2013 from their favorite renewable energy sources to solar superheroes.<\/p><p><a href=\"https:\/\/voltmax.lu\/school\/\">https:\/\/voltmax.lu\/school\/<\/a><\/p><\/div>\n\t\t\t\t<\/div>\n\t\t\t\t\t\t\t<div class=\"elementor-toggle-item\">\n\t\t\t\t\t<div id=\"elementor-tab-title-2439\" class=\"elementor-tab-title\" data-tab=\"9\" role=\"button\" aria-controls=\"elementor-tab-content-2439\" aria-expanded=\"false\">\n\t\t\t\t\t\t\t\t\t\t\t\t<span class=\"elementor-toggle-icon elementor-toggle-icon-left\" aria-hidden=\"true\">\n\t\t\t\t\t\t\t\t\t\t\t\t\t\t\t<span class=\"elementor-toggle-icon-closed\"><i class=\"fas fa-caret-right\"><\/i><\/span>\n\t\t\t\t\t\t\t\t<span class=\"elementor-toggle-icon-opened\"><i class=\"elementor-toggle-icon-opened fas fa-caret-up\"><\/i><\/span>\n\t\t\t\t\t\t\t\t\t\t\t\t\t<\/span>\n\t\t\t\t\t\t\t\t\t\t\t\t<a class=\"elementor-toggle-title\" tabindex=\"0\">10.10.2024 - Winning The\u00a0Prix \u00c9l\u00e9gance \u00e9nerg\u00e9tique<\/a>\n\t\t\t\t\t<\/div>\n\n\t\t\t\t\t<div id=\"elementor-tab-content-2439\" class=\"elementor-tab-content elementor-clearfix\" data-tab=\"9\" role=\"region\" aria-labelledby=\"elementor-tab-title-2439\"><p class=\" trp-highlight\" data-trp-translate-id=\"28931\">The\u00a0<strong data-start=\"108\" data-end=\"137\">Prix \u00c9l\u00e9gance \u00e9nerg\u00e9tique<\/strong>\u00a0is an award organised by\u00a0<strong data-start=\"163\" data-end=\"179\">Klima-Agence<\/strong>\u00a0in collaboration with the\u00a0<strong data-start=\"206\" data-end=\"258\">Ordre des Architectes et des Ing\u00e9nieurs-Conseils<\/strong>\u00a0to recognise outstanding architectural projects that integrate energy-transition technologies such as solar panels, heat pumps and EV chargers with strong aesthetic design and harmony. The prize aims to demonstrate that sustainable technologies can be seamlessly and attractively incorporated into building design, promoting both functionality and visual quality in projects across Luxembourg. Among past winners is\u00a0<strong data-start=\"675\" data-end=\"691\">Voltmax SARL<\/strong>, recognised for an elegantly integrated photovoltaic installation on an existing building.<\/p><p><a href=\"https:\/\/www.klima-agence.lu\/en\/elegance-energetique2024\" target=\"_self\" rel=\"nofollow noopener\" data-trp-translate-id-href=\"27143\" data-trp-node-group-href=\"String List\" data-trp-unpreviewable=\"trp-unpreviewable\" data-trp-original-target=\"_blank\">https:\/\/www.klima-agence.lu\/en\/elegance-energetique2024<\/a><\/p><\/div>\n\t\t\t\t<\/div>\n\t\t\t\t\t\t\t<div class=\"elementor-toggle-item\">\n\t\t\t\t\t<div id=\"elementor-tab-title-24310\" class=\"elementor-tab-title\" data-tab=\"10\" role=\"button\" aria-controls=\"elementor-tab-content-24310\" aria-expanded=\"false\">\n\t\t\t\t\t\t\t\t\t\t\t\t<span class=\"elementor-toggle-icon elementor-toggle-icon-left\" aria-hidden=\"true\">\n\t\t\t\t\t\t\t\t\t\t\t\t\t\t\t<span class=\"elementor-toggle-icon-closed\"><i class=\"fas fa-caret-right\"><\/i><\/span>\n\t\t\t\t\t\t\t\t<span class=\"elementor-toggle-icon-opened\"><i class=\"elementor-toggle-icon-opened fas fa-caret-up\"><\/i><\/span>\n\t\t\t\t\t\t\t\t\t\t\t\t\t<\/span>\n\t\t\t\t\t\t\t\t\t\t\t\t<a class=\"elementor-toggle-title\" tabindex=\"0\">21.03.2024 - Update of Terms and Conditions<\/a>\n\t\t\t\t\t<\/div>\n\n\t\t\t\t\t<div id=\"elementor-tab-content-24310\" class=\"elementor-tab-content elementor-clearfix\" data-tab=\"10\" role=\"region\" aria-labelledby=\"elementor-tab-title-24310\"><p style=\"font-size: 20px; line-height: 32px; color: #292f33; font-family: halyard-display;\"><strong>Update od Terms and Conditions with date 21.03.2024<\/strong><\/p><p style=\"font-size: 20px; line-height: 32px; color: #292f33; font-family: halyard-display;\">New:\u00a0<a style=\"word-break: break-all; color: #004169; cursor: pointer;\" href=\"http:\/\/voltmax.lu\/wp-content\/uploads\/2025\/02\/VOLTMAX-SARL-Terms-and-Conditions-1-1.pdf\" target=\"_blank\" rel=\"noopener\">VOLTMAX SARL \u2013 Terms and Conditions<\/a><\/p><\/div>\n\t\t\t\t<\/div>\n\t\t\t\t\t\t\t\t<\/div>\n\t\t\t\t<\/div>\n\t\t\t\t<\/div>\n\t\t\t\t\t<\/div>\n\t\t\t\t<\/div>\n\t\t\t\t<\/div>\n\t\t","protected":false},"excerpt":{"rendered":"<p>News News and updates 30.01.2026 &#8211; Update of Terms and Conditions New Subsidies Rules &#8211; Pre-financing from 2026-01-05\u200b PV &#8211; General Terms and Conditions &#8211; GTC [EN] 26.01.2026 &#8211; Officially opened its second showroom in Soleuvre Voltmax, a solar and energy efficiency company,\u00a0officially opened its second showroom in Soleuvre, Luxembourg on\u00a026 January 2026, bringing together [&hellip;]<\/p>\n","protected":false},"author":1,"featured_media":0,"parent":0,"menu_order":0,"comment_status":"closed","ping_status":"closed","template":"elementor_header_footer","meta":{"inline_featured_image":false,"footnotes":""},"class_list":["post-7706","page","type-page","status-publish","hentry"],"_links":{"self":[{"href":"https:\/\/voltmax.lu\/de\/wp-json\/wp\/v2\/pages\/7706","targetHints":{"allow":["GET"]}}],"collection":[{"href":"https:\/\/voltmax.lu\/de\/wp-json\/wp\/v2\/pages"}],"about":[{"href":"https:\/\/voltmax.lu\/de\/wp-json\/wp\/v2\/types\/page"}],"author":[{"embeddable":true,"href":"https:\/\/voltmax.lu\/de\/wp-json\/wp\/v2\/users\/1"}],"replies":[{"embeddable":true,"href":"https:\/\/voltmax.lu\/de\/wp-json\/wp\/v2\/comments?post=7706"}],"version-history":[{"count":21,"href":"https:\/\/voltmax.lu\/de\/wp-json\/wp\/v2\/pages\/7706\/revisions"}],"predecessor-version":[{"id":18670,"href":"https:\/\/voltmax.lu\/de\/wp-json\/wp\/v2\/pages\/7706\/revisions\/18670"}],"wp:attachment":[{"href":"https:\/\/voltmax.lu\/de\/wp-json\/wp\/v2\/media?parent=7706"}],"curies":[{"name":"wp","href":"https:\/\/api.w.org\/{rel}","templated":true}]}}