{"id":7682,"date":"2024-12-09T14:07:23","date_gmt":"2024-12-09T13:07:23","guid":{"rendered":"https:\/\/voltmax.lu\/?page_id=7682"},"modified":"2026-02-16T14:13:51","modified_gmt":"2026-02-16T13:13:51","slug":"subventionen","status":"publish","type":"page","link":"https:\/\/voltmax.lu\/de\/subsidies\/","title":{"rendered":"Subventionen"},"content":{"rendered":"<div data-elementor-type=\"wp-page\" data-elementor-id=\"7682\" class=\"elementor elementor-7682\">\n\t\t\t\t<div class=\"elementor-element elementor-element-c7c685f e-flex e-con-boxed e-con e-parent\" data-id=\"c7c685f\" data-element_type=\"container\" data-e-type=\"container\" data-settings=\"{&quot;background_background&quot;:&quot;classic&quot;}\">\n\t\t\t\t\t<div class=\"e-con-inner\">\n\t\t\t\t<div class=\"elementor-element elementor-element-b23ad93 elementor-widget elementor-widget-spacer\" data-id=\"b23ad93\" data-element_type=\"widget\" data-e-type=\"widget\" data-widget_type=\"spacer.default\">\n\t\t\t\t<div class=\"elementor-widget-container\">\n\t\t\t\t\t\t\t<div class=\"elementor-spacer\">\n\t\t\t<div class=\"elementor-spacer-inner\"><\/div>\n\t\t<\/div>\n\t\t\t\t\t\t<\/div>\n\t\t\t\t<\/div>\n\t\t\t\t<div class=\"elementor-element elementor-element-007588e elementor-widget elementor-widget-heading\" data-id=\"007588e\" data-element_type=\"widget\" data-e-type=\"widget\" data-widget_type=\"heading.default\">\n\t\t\t\t<div class=\"elementor-widget-container\">\n\t\t\t\t\t<div class=\"elementor-heading-title elementor-size-default\">Subventionen<\/div>\t\t\t\t<\/div>\n\t\t\t\t<\/div>\n\t\t\t\t<div class=\"elementor-element elementor-element-0b34857 elementor-widget-divider--view-line elementor-widget elementor-widget-divider\" data-id=\"0b34857\" data-element_type=\"widget\" data-e-type=\"widget\" data-widget_type=\"divider.default\">\n\t\t\t\t<div class=\"elementor-widget-container\">\n\t\t\t\t\t\t\t<div class=\"elementor-divider\">\n\t\t\t<div class=\"elementor-divider-separator\">\n\t\t\t\t\t\t<\/div>\n\t\t<\/div>\n\t\t\t\t\t\t<\/div>\n\t\t\t\t<\/div>\n\t\t\t\t<div class=\"elementor-element elementor-element-8fabf50 elementor-widget elementor-widget-heading\" data-id=\"8fabf50\" data-element_type=\"widget\" data-e-type=\"widget\" data-widget_type=\"heading.default\">\n\t\t\t\t<div class=\"elementor-widget-container\">\n\t\t\t\t\t<h1 class=\"elementor-heading-title elementor-size-default\">Subsidies in Luxembourg<\/h1>\t\t\t\t<\/div>\n\t\t\t\t<\/div>\n\t\t\t\t<div class=\"elementor-element elementor-element-6ff539d elementor-widget elementor-widget-spacer\" data-id=\"6ff539d\" data-element_type=\"widget\" data-e-type=\"widget\" data-widget_type=\"spacer.default\">\n\t\t\t\t<div class=\"elementor-widget-container\">\n\t\t\t\t\t\t\t<div class=\"elementor-spacer\">\n\t\t\t<div class=\"elementor-spacer-inner\"><\/div>\n\t\t<\/div>\n\t\t\t\t\t\t<\/div>\n\t\t\t\t<\/div>\n\t\t\t\t\t<\/div>\n\t\t\t\t<\/div>\n\t\t<div class=\"elementor-element elementor-element-0546d7c e-flex e-con-boxed e-con e-parent\" data-id=\"0546d7c\" data-element_type=\"container\" data-e-type=\"container\">\n\t\t\t\t\t<div class=\"e-con-inner\">\n\t\t\t\t<div class=\"elementor-element elementor-element-d381091 elementor-widget elementor-widget-heading\" data-id=\"d381091\" data-element_type=\"widget\" data-e-type=\"widget\" data-widget_type=\"heading.default\">\n\t\t\t\t<div class=\"elementor-widget-container\">\n\t\t\t\t\t<h2 class=\"elementor-heading-title elementor-size-default\">In Luxemburg gibt es F\u00f6rdermittel f\u00fcr Photovoltaikanlagen.<\/h2>\t\t\t\t<\/div>\n\t\t\t\t<\/div>\n\t\t\t\t<div class=\"elementor-element elementor-element-347f0ee elementor-widget elementor-widget-text-editor\" data-id=\"347f0ee\" data-element_type=\"widget\" data-e-type=\"widget\" data-widget_type=\"text-editor.default\">\n\t\t\t\t<div class=\"elementor-widget-container\">\n\t\t\t\t\t\t\t\t\t<p class=\"translation-block\">Ab dem 5. Januar \u00e4ndern sich die staatlichen Klimabonus-Subventionen mit der Umsetzung der neuen Gesetzgebung (vorbehaltlich der endg\u00fcltigen Verabschiedung des Gesetzes).<\/p><p class=\"translation-block\">Dies verl\u00e4ngert das aktuelle Programm um ein Jahr und f\u00fchrt neue Subventionen f\u00fcr Photovoltaikanlagen und Heimspeicher ein, wobei der Gr\u00f6\u00dfe und Leistung der Anlagen mehr Bedeutung beigemessen wird.<\/p>\t\t\t\t\t\t\t\t<\/div>\n\t\t\t\t<\/div>\n\t\t\t\t<div class=\"elementor-element elementor-element-0fbbb9d elementor-widget elementor-widget-text-editor\" data-id=\"0fbbb9d\" data-element_type=\"widget\" data-e-type=\"widget\" data-widget_type=\"text-editor.default\">\n\t\t\t\t<div class=\"elementor-widget-container\">\n\t\t\t\t\t\t\t\t\t<p class=\"translation-block\">F\u00fcr Angebote, die zwischen dem 1. Oktober 2024 und dem 4. M\u00e4rz 2026 unterzeichnet wurden und f\u00fcr die die Schlussrechnung sp\u00e4testens am 31. Dezember 2026 ausgestellt werden muss, gilt eine \u00dcbergangsphase, in der zwei Optionen zur Verf\u00fcgung stehen:<\/p><ul><li class=\"translation-block\">das fr\u00fchere Subventionssystem mit einer <strong>Subvention von 50%<\/strong> und einem H\u00f6chstbetrag von 1.250 \u20ac\/kWc (Eigenverbrauch\/Energiegemeinschaft).<\/li><\/ul><p>ODER<\/p><ul><li class=\"translation-block\">Das <strong>neue Klimabonus-Subventionsprogramm<\/strong>, dessen vollst\u00e4ndige Anwendung im folgenden Abschnitt \u201eAb dem 5. Januar 2026\u201c detailliert beschrieben wird.<\/li><\/ul><p>Dieses System verwendet eine neue Berechnungsformel, die auf der installierten Leistung und gegebenenfalls der Kapazit\u00e4t der installierten Batterie basiert, und bietet Ihnen folgende Optionen:<\/p><ul><li>Einreichung des Antrags auf Unterst\u00fctzung auf dem herk\u00f6mmlichen Weg bei der Umweltverwaltung<\/li><li>Vorfinanzierung unter Verwendung der gleichen neuen Berechnungsformel, vorbehaltlich der Einhaltung der Vorfinanzierungsbedingungen.<\/li><\/ul><p><em>Es ist zu beachten, dass ab diesem Zeitpunkt Anlagen, die mit einer garantierten Einspeiseverg\u00fctung verbunden sind, nicht mehr f\u00fcr eine Subvention in Frage kommen.<\/em><\/p><p>Schlie\u00dflich sieht dieses Programm auch einen Zuschuss f\u00fcr die Installation einer Batterie nach der Installation einer Photovoltaikanlage vor.<\/p>\t\t\t\t\t\t\t\t<\/div>\n\t\t\t\t<\/div>\n\t\t\t\t<div class=\"elementor-element elementor-element-c4b7f34 elementor-widget elementor-widget-heading\" data-id=\"c4b7f34\" data-element_type=\"widget\" data-e-type=\"widget\" data-widget_type=\"heading.default\">\n\t\t\t\t<div class=\"elementor-widget-container\">\n\t\t\t\t\t<h2 class=\"elementor-heading-title elementor-size-default\">Finanzielle F\u00f6rderprogramme f\u00fcr nachhaltiges Wohnen und Mobilit\u00e4t<\/h2>\t\t\t\t<\/div>\n\t\t\t\t<\/div>\n\t\t\t\t<div class=\"elementor-element elementor-element-6bd00e9 elementor-widget elementor-widget-text-editor\" data-id=\"6bd00e9\" data-element_type=\"widget\" data-e-type=\"widget\" data-widget_type=\"text-editor.default\">\n\t\t\t\t<div class=\"elementor-widget-container\">\n\t\t\t\t\t\t\t\t\t<h3>Photovoltaics<\/h3><h3><a href=\"https:\/\/voltmax.lu\/de\/klimabonus-522\/\">KLIMABONUS 522<\/a><\/h3><p>Das Programm \"KLIMABONUS 522\" in Luxemburg bietet einen Zuschuss von 500 \u20ac pro kWp f\u00fcr PV-Solaranlagen bis zu 50 kWp. Das Programm ist f\u00fcr Privatpersonen und Unternehmen verf\u00fcgbar.<\/p><p>Erfahren Sie mehr:\u00a0<a href=\"https:\/\/voltmax.lu\/de\/klimabonus-522\/\">https:\/\/voltmax.lu\/klimabonus-522\/<\/a><\/p><hr \/><h3>Luft-Wasser-W\u00e4rmepumpe<\/h3><h3 class=\"mb-none mt-base\"><a href=\"https:\/\/voltmax.lu\/de\/klimabonus-511\/\">KLIMABONUS 511<\/a><\/h3><p>Das Programm \"KLIMABONUS 511\" ist eine Initiative der luxemburgischen Regierung, die finanzielle Anreize f\u00fcr die Installation von W\u00e4rmepumpen bietet. Das Programm bietet einen Zuschuss in H\u00f6he von 511 \u20ac pro Kilowatt (kW) installierter Leistung, bis zu einem Maximum von 10 kW. Der Zuschuss kann sowohl von Privatpersonen als auch von Unternehmen in Anspruch genommen werden.<\/p><p>Erfahren Sie mehr:\u00a0<a href=\"https:\/\/voltmax.lu\/de\/klimabonus-511\/\">https:\/\/voltmax.lu\/klimabonus-511\/<\/a><\/p><hr \/><h3>Intelligente Ladestation<\/h3><h3><a href=\"https:\/\/voltmax.lu\/de\/klimabonus-151\/\">KLIMABONUS 151<\/a><\/h3><p>Das Programm \"KLIMABONUS 151\" ist eine Initiative der luxemburgischen Regierung, die finanzielle Anreize f\u00fcr die Installation von Ladeger\u00e4ten f\u00fcr Elektrofahrzeuge bietet. Das Programm bietet einen Zuschuss von 151 \u20ac pro Kilowatt (kW) installierter Leistung, bis zu einem Maximum von 22 kW. Der Zuschuss kann sowohl von Privatpersonen als auch von Unternehmen in Anspruch genommen werden.<\/p><p>Erfahren Sie mehr:\u00a0<a href=\"https:\/\/voltmax.lu\/de\/klimabonus-151\/\">https:\/\/voltmax.lu\/klimabonus-151\/<\/a><\/p>\t\t\t\t\t\t\t\t<\/div>\n\t\t\t\t<\/div>\n\t\t\t\t\t<\/div>\n\t\t\t\t<\/div>\n\t\t\t\t<\/div>","protected":false},"excerpt":{"rendered":"<p>Subsidies Subsidies in Luxembourg In Luxembourg, there are subsidies available for solar photovoltaic systems. From the 5th of January, the Klimabonus state subsidies will change with the implementation of the new legislation (subject to final adoption of the law).\u00a0 This extends the current scheme by one year and introduces new subsidies for photovoltaic installations and [&hellip;]<\/p>\n","protected":false},"author":1,"featured_media":0,"parent":0,"menu_order":0,"comment_status":"closed","ping_status":"closed","template":"elementor_header_footer","meta":{"inline_featured_image":false,"footnotes":""},"class_list":["post-7682","page","type-page","status-publish","hentry"],"_links":{"self":[{"href":"https:\/\/voltmax.lu\/de\/wp-json\/wp\/v2\/pages\/7682","targetHints":{"allow":["GET"]}}],"collection":[{"href":"https:\/\/voltmax.lu\/de\/wp-json\/wp\/v2\/pages"}],"about":[{"href":"https:\/\/voltmax.lu\/de\/wp-json\/wp\/v2\/types\/page"}],"author":[{"embeddable":true,"href":"https:\/\/voltmax.lu\/de\/wp-json\/wp\/v2\/users\/1"}],"replies":[{"embeddable":true,"href":"https:\/\/voltmax.lu\/de\/wp-json\/wp\/v2\/comments?post=7682"}],"version-history":[{"count":0,"href":"https:\/\/voltmax.lu\/de\/wp-json\/wp\/v2\/pages\/7682\/revisions"}],"wp:attachment":[{"href":"https:\/\/voltmax.lu\/de\/wp-json\/wp\/v2\/media?parent=7682"}],"curies":[{"name":"wp","href":"https:\/\/api.w.org\/{rel}","templated":true}]}}