{"id":14885,"date":"2025-07-04T14:08:49","date_gmt":"2025-07-04T12:08:49","guid":{"rendered":"https:\/\/voltmax.lu\/?page_id=14885"},"modified":"2025-09-16T11:24:24","modified_gmt":"2025-09-16T09:24:24","slug":"club-voltmax","status":"publish","type":"page","link":"https:\/\/voltmax.lu\/de\/club-voltmax\/","title":{"rendered":"Club Voltmax"},"content":{"rendered":"<div data-elementor-type=\"wp-page\" data-elementor-id=\"14885\" class=\"elementor elementor-14885\">\n\t\t\t\t<div class=\"elementor-element elementor-element-396fa87 e-flex e-con-boxed e-con e-parent\" data-id=\"396fa87\" data-element_type=\"container\" data-settings=\"{&quot;background_background&quot;:&quot;classic&quot;}\">\n\t\t\t\t\t<div class=\"e-con-inner\">\n\t\t\t\t<div class=\"elementor-element elementor-element-adb4b8d elementor-widget elementor-widget-spacer\" data-id=\"adb4b8d\" data-element_type=\"widget\" data-widget_type=\"spacer.default\">\n\t\t\t\t<div class=\"elementor-widget-container\">\n\t\t\t\t\t<div class=\"elementor-spacer\">\n\t\t\t<div class=\"elementor-spacer-inner\"><\/div>\n\t\t<\/div>\n\t\t\t\t<\/div>\n\t\t\t\t<\/div>\n\t\t\t\t<div class=\"elementor-element elementor-element-763f3fc elementor-widget elementor-widget-heading\" data-id=\"763f3fc\" data-element_type=\"widget\" data-widget_type=\"heading.default\">\n\t\t\t\t<div class=\"elementor-widget-container\">\n\t\t\t<h2 class=\"elementor-heading-title elementor-size-default\">Die Sonne scheint \u2013 Sie verdienen Geld!<\/h2>\t\t<\/div>\n\t\t\t\t<\/div>\n\t\t\t\t<div class=\"elementor-element elementor-element-ddb3aa0 elementor-widget-divider--view-line elementor-widget elementor-widget-divider\" data-id=\"ddb3aa0\" data-element_type=\"widget\" data-widget_type=\"divider.default\">\n\t\t\t\t<div class=\"elementor-widget-container\">\n\t\t\t\t\t<div class=\"elementor-divider\">\n\t\t\t<div class=\"elementor-divider-separator\">\n\t\t\t\t\t\t<\/div>\n\t\t<\/div>\n\t\t\t\t<\/div>\n\t\t\t\t<\/div>\n\t\t\t\t<div class=\"elementor-element elementor-element-f22c5eb elementor-widget elementor-widget-heading\" data-id=\"f22c5eb\" data-element_type=\"widget\" data-widget_type=\"heading.default\">\n\t\t\t\t<div class=\"elementor-widget-container\">\n\t\t\t<h1 class=\"elementor-heading-title elementor-size-default\">Club Voltmax\u200b<\/h1>\t\t<\/div>\n\t\t\t\t<\/div>\n\t\t\t\t<div class=\"elementor-element elementor-element-cf6025c elementor-widget elementor-widget-spacer\" data-id=\"cf6025c\" data-element_type=\"widget\" data-widget_type=\"spacer.default\">\n\t\t\t\t<div class=\"elementor-widget-container\">\n\t\t\t\t\t<div class=\"elementor-spacer\">\n\t\t\t<div class=\"elementor-spacer-inner\"><\/div>\n\t\t<\/div>\n\t\t\t\t<\/div>\n\t\t\t\t<\/div>\n\t\t\t\t\t<\/div>\n\t\t\t\t<\/div>\n\t\t<div class=\"elementor-element elementor-element-278360e e-flex e-con-boxed e-con e-parent\" data-id=\"278360e\" data-element_type=\"container\">\n\t\t\t\t\t<div class=\"e-con-inner\">\n\t\t<div class=\"elementor-element elementor-element-2ce9b9e e-con-full e-flex e-con e-child\" data-id=\"2ce9b9e\" data-element_type=\"container\">\n\t\t\t\t<div class=\"elementor-element elementor-element-d88d7f6 elementor-widget elementor-widget-heading\" data-id=\"d88d7f6\" data-element_type=\"widget\" data-widget_type=\"heading.default\">\n\t\t\t\t<div class=\"elementor-widget-container\">\n\t\t\t<h2 class=\"elementor-heading-title elementor-size-default\">Werden Sie Mitglied im CLUB VOLTMAX \u2013 empfehlen Sie, helfen Sie und verdienen Sie!<\/h2>\t\t<\/div>\n\t\t\t\t<\/div>\n\t\t\t\t<div class=\"elementor-element elementor-element-07f56e4 elementor-widget elementor-widget-text-editor\" data-id=\"07f56e4\" data-element_type=\"widget\" data-widget_type=\"text-editor.default\">\n\t\t\t\t<div class=\"elementor-widget-container\">\n\t\t\t\t\t\t\t<p data-start=\"315\" data-end=\"599\">Photovoltaik- und W\u00e4rmepumpenl\u00f6sungen von Voltmax weiterempfehlen? Jetzt einfach und g\u00fcnstig \u2013 mit dem CLUB VOLTMAX!<\/p><p data-start=\"315\" data-end=\"599\"><br \/>Dies ist ein Partnerprogramm f\u00fcr unsere Kunden und Unterst\u00fctzer, die an die Qualit\u00e4t unserer Dienstleistungen glauben und diesen Wert mit anderen teilen m\u00f6chten.<\/p>\t\t\t\t\t\t<\/div>\n\t\t\t\t<\/div>\n\t\t\t\t<\/div>\n\t\t<div class=\"elementor-element elementor-element-1722983 e-con-full e-flex e-con e-child\" data-id=\"1722983\" data-element_type=\"container\">\n\t\t\t\t<div class=\"elementor-element elementor-element-bc00796 elementor-widget elementor-widget-image\" data-id=\"bc00796\" data-element_type=\"widget\" data-widget_type=\"image.default\">\n\t\t\t\t<div class=\"elementor-widget-container\">\n\t\t\t\t\t\t\t\t\t\t\t\t\t<img fetchpriority=\"high\" decoding=\"async\" width=\"640\" height=\"440\" src=\"https:\/\/voltmax.lu\/wp-content\/uploads\/2025\/09\/Voltmax-Club.webp\" class=\"attachment-large size-large wp-image-16722\" alt=\"Voltmax Club\" srcset=\"https:\/\/voltmax.lu\/wp-content\/uploads\/2025\/09\/Voltmax-Club.webp 768w, https:\/\/voltmax.lu\/wp-content\/uploads\/2025\/09\/Voltmax-Club-300x206.webp 300w, https:\/\/voltmax.lu\/wp-content\/uploads\/2025\/09\/Voltmax-Club-18x12.webp 18w\" sizes=\"(max-width: 640px) 100vw, 640px\" title=\"\">\t\t\t\t\t\t\t\t\t\t\t\t\t<\/div>\n\t\t\t\t<\/div>\n\t\t\t\t<\/div>\n\t\t\t\t\t<\/div>\n\t\t\t\t<\/div>\n\t\t<div class=\"elementor-element elementor-element-82c9920 e-flex e-con-boxed e-con e-parent\" data-id=\"82c9920\" data-element_type=\"container\">\n\t\t\t\t\t<div class=\"e-con-inner\">\n\t\t\t\t<div class=\"elementor-element elementor-element-085b02b elementor-widget elementor-widget-heading\" data-id=\"085b02b\" data-element_type=\"widget\" data-widget_type=\"heading.default\">\n\t\t\t\t<div class=\"elementor-widget-container\">\n\t\t\t<h2 class=\"elementor-heading-title elementor-size-default\">Was bringt Ihnen die Mitgliedschaft im VOLTMAX CLUB?<\/h2>\t\t<\/div>\n\t\t\t\t<\/div>\n\t\t\t\t\t<\/div>\n\t\t\t\t<\/div>\n\t\t<div class=\"elementor-element elementor-element-918ab24 e-flex e-con-boxed e-con e-parent\" data-id=\"918ab24\" data-element_type=\"container\">\n\t\t\t\t\t<div class=\"e-con-inner\">\n\t\t\t\t<div class=\"elementor-element elementor-element-6b3c46d elementor-widget elementor-widget-text-editor\" data-id=\"6b3c46d\" data-element_type=\"widget\" data-widget_type=\"text-editor.default\">\n\t\t\t\t<div class=\"elementor-widget-container\">\n\t\t\t\t\t\t\t<p>Jede erfolgreiche Empfehlung = <strong>300 \u20ac f\u00fcr Sie!<\/strong><\/p><p>Alles was Sie tun m\u00fcssen, ist, dass die Person, die Sie einladen:<\/p><ol><li>Die empfohlene Person schlie\u00dft einen Vertrag f\u00fcr eine PV- oder W\u00e4rmepumpenanlage ab,<\/li><li>Bezahlt die Rechnung<\/li><\/ol><p>Und Sie erhalten 300 \u20ac auf Ihr Konto!<\/p>\t\t\t\t\t\t<\/div>\n\t\t\t\t<\/div>\n\t\t\t\t<div class=\"elementor-element elementor-element-7dcc0c4 elementor-widget-divider--view-line elementor-widget elementor-widget-divider\" data-id=\"7dcc0c4\" data-element_type=\"widget\" data-widget_type=\"divider.default\">\n\t\t\t\t<div class=\"elementor-widget-container\">\n\t\t\t\t\t<div class=\"elementor-divider\">\n\t\t\t<div class=\"elementor-divider-separator\">\n\t\t\t\t\t\t<\/div>\n\t\t<\/div>\n\t\t\t\t<\/div>\n\t\t\t\t<\/div>\n\t\t\t\t\t<\/div>\n\t\t\t\t<\/div>\n\t\t<div class=\"elementor-element elementor-element-ff0da8e e-flex e-con-boxed e-con e-parent\" data-id=\"ff0da8e\" data-element_type=\"container\">\n\t\t\t\t\t<div class=\"e-con-inner\">\n\t\t<div class=\"elementor-element elementor-element-a3f970b e-con-full e-flex e-con e-child\" data-id=\"a3f970b\" data-element_type=\"container\">\n\t\t\t\t<div class=\"elementor-element elementor-element-e3c2c76 elementor-widget elementor-widget-heading\" data-id=\"e3c2c76\" data-element_type=\"widget\" data-widget_type=\"heading.default\">\n\t\t\t\t<div class=\"elementor-widget-container\">\n\t\t\t<h2 class=\"elementor-heading-title elementor-size-default\">Wie kann ich am Programm teilnehmen?<\/h2>\t\t<\/div>\n\t\t\t\t<\/div>\n\t\t\t\t<div class=\"elementor-element elementor-element-811a6ee elementor-widget elementor-widget-text-editor\" data-id=\"811a6ee\" data-element_type=\"widget\" data-widget_type=\"text-editor.default\">\n\t\t\t\t<div class=\"elementor-widget-container\">\n\t\t\t\t\t\t\t<p>Sie haben bis zu 3 einfache Optionen:<\/p><ol><li class=\"translation-block\">Wurden Sie von einem Voltmax-Berater eingeladen?<br>Klicken Sie auf den <a href=\"http:\/\/www.club.voltmax.lu\" target=\"_self\">Link<\/a> in der Nachricht und erstellen Sie ein Konto.<\/li><li class=\"translation-block\">Haben Sie von einem Freund oder Familienmitglied einen <a href=\"http:\/\/www.club.voltmax.lu\" target=\"_self\">Link<\/a> zur Teilnahme an einem Empfehlungsprogramm erhalten? <br>Klicken Sie auf den <a href=\"http:\/\/www.club.voltmax.lu\" target=\"_self\">Link<\/a> in der Nachricht und erstellen Sie ein Konto, um ebenfalls von Empfehlungen zu profitieren.<\/li><li class=\"translation-block\">M\u00f6chten Sie selbst mitmachen?<br>F\u00fcllen Sie das Formular unter <a href=\"http:\/\/www.club.voltmax.lu\" target=\"_self\">www.club.voltmax.lu<\/a> aus \u2013 es dauert weniger als 2 Minuten!<\/li><\/ol>\t\t\t\t\t\t<\/div>\n\t\t\t\t<\/div>\n\t\t\t\t<div class=\"elementor-element elementor-element-bc93409 elementor-widget__width-initial elementor-align-center elementor-widget elementor-widget-elementskit-button\" data-id=\"bc93409\" data-element_type=\"widget\" data-widget_type=\"elementskit-button.default\">\n\t\t\t\t<div class=\"elementor-widget-container\">\n\t\t\t<div class=\"ekit-wid-con\" >\t\t<div class=\"ekit-btn-wraper\">\n\t\t\t\t\t\t\t<a href=\"https:\/\/club.voltmax.lu\" class=\"elementskit-btn  whitespace--normal\" id=\"\">\n\t\t\t\t\tRegistrieren\t\t\t\t<\/a>\n\t\t\t\t\t<\/div>\n        <\/div>\t\t<\/div>\n\t\t\t\t<\/div>\n\t\t\t\t<\/div>\n\t\t<div class=\"elementor-element elementor-element-50da464 e-con-full e-flex e-con e-child\" data-id=\"50da464\" data-element_type=\"container\">\n\t\t\t\t<div class=\"elementor-element elementor-element-1b27e79 elementor-widget elementor-widget-heading\" data-id=\"1b27e79\" data-element_type=\"widget\" data-widget_type=\"heading.default\">\n\t\t\t\t<div class=\"elementor-widget-container\">\n\t\t\t<h2 class=\"elementor-heading-title elementor-size-default\">Wie funktioniert eine Empfehlung?<\/h2>\t\t<\/div>\n\t\t\t\t<\/div>\n\t\t\t\t<div class=\"elementor-element elementor-element-171bc10 elementor-widget elementor-widget-text-editor\" data-id=\"171bc10\" data-element_type=\"widget\" data-widget_type=\"text-editor.default\">\n\t\t\t\t<div class=\"elementor-widget-container\">\n\t\t\t\t\t\t\t<p class=\"translation-block\">Als <strong>CLUB-BENUTZER<\/strong> k\u00f6nnen Sie:<\/p><p class=\"translation-block\">\u2705 Senden Sie Ihrem Freund einen speziellen Empfehlungslink.<br>\u2705 Geben Sie die Daten Ihres Freundes in das System ein (Name, E-Mail, Telefon).<br>\u2705 Laden Sie andere zum CLUB VOLTMAX ein, die unsere Dienste ebenfalls empfehlen k\u00f6nnen!<\/p><p><strong>\ud83d\udca1 So bauen Sie Ihr Empfehlungsnetzwerk auf \u2013 und gewinnen noch mehr!<\/strong><\/p>\t\t\t\t\t\t<\/div>\n\t\t\t\t<\/div>\n\t\t\t\t<\/div>\n\t\t\t\t\t<\/div>\n\t\t\t\t<\/div>\n\t\t<div class=\"elementor-element elementor-element-1a805aa e-flex e-con-boxed e-con e-parent\" data-id=\"1a805aa\" data-element_type=\"container\">\n\t\t\t\t\t<div class=\"e-con-inner\">\n\t\t\t\t<div class=\"elementor-element elementor-element-c70bdcc elementor-widget-divider--view-line elementor-widget elementor-widget-divider\" data-id=\"c70bdcc\" data-element_type=\"widget\" data-widget_type=\"divider.default\">\n\t\t\t\t<div class=\"elementor-widget-container\">\n\t\t\t\t\t<div class=\"elementor-divider\">\n\t\t\t<div class=\"elementor-divider-separator\">\n\t\t\t\t\t\t<\/div>\n\t\t<\/div>\n\t\t\t\t<\/div>\n\t\t\t\t<\/div>\n\t\t\t\t<div class=\"elementor-element elementor-element-1cbd3e2 elementor-widget elementor-widget-heading\" data-id=\"1cbd3e2\" data-element_type=\"widget\" data-widget_type=\"heading.default\">\n\t\t\t\t<div class=\"elementor-widget-container\">\n\t\t\t<h2 class=\"elementor-heading-title elementor-size-default\">Warum machen wir das?<\/h2>\t\t<\/div>\n\t\t\t\t<\/div>\n\t\t\t\t<div class=\"elementor-element elementor-element-64acedd elementor-widget elementor-widget-text-editor\" data-id=\"64acedd\" data-element_type=\"widget\" data-widget_type=\"text-editor.default\">\n\t\t\t\t<div class=\"elementor-widget-container\">\n\t\t\t\t\t\t\t<p data-start=\"2211\" data-end=\"2421\" class=\"translation-block\">\ud83d\udc49 Weil die <strong>besten<\/strong> <strong>Empfehlungen<\/strong> von <strong>zufriedenen<\/strong> <strong>Kunden<\/strong> kommen.<br>\ud83d\udc49 Weil wir Ihr <strong>Vertrauen<\/strong> und <strong>Engagement<\/strong> belohnen m\u00f6chten.<br>\ud83d\udc49 Weil wir gemeinsam die <strong>Energiewende<\/strong> in Luxemburg beschleunigen k\u00f6nnen.<\/p>\t\t\t\t\t\t<\/div>\n\t\t\t\t<\/div>\n\t\t\t\t\t<\/div>\n\t\t\t\t<\/div>\n\t\t\t\t<\/div>","protected":false},"excerpt":{"rendered":"<p>The sun shines \u2013 you earn money! Club Voltmax\u200b Join CLUB VOLTMAX \u2013 recommend, help and earn! Want to recommend photovoltaic and heat pump solutions from Voltmax? Now you can do so easily and cost-effectively \u2013 thanks to CLUB VOLTMAX! This is an affiliate program for our customers and supporters who believe in the quality [&hellip;]<\/p>\n","protected":false},"author":5,"featured_media":0,"parent":0,"menu_order":0,"comment_status":"closed","ping_status":"closed","template":"elementor_header_footer","meta":{"inline_featured_image":false,"footnotes":""},"class_list":["post-14885","page","type-page","status-publish","hentry"],"_links":{"self":[{"href":"https:\/\/voltmax.lu\/de\/wp-json\/wp\/v2\/pages\/14885","targetHints":{"allow":["GET"]}}],"collection":[{"href":"https:\/\/voltmax.lu\/de\/wp-json\/wp\/v2\/pages"}],"about":[{"href":"https:\/\/voltmax.lu\/de\/wp-json\/wp\/v2\/types\/page"}],"author":[{"embeddable":true,"href":"https:\/\/voltmax.lu\/de\/wp-json\/wp\/v2\/users\/5"}],"replies":[{"embeddable":true,"href":"https:\/\/voltmax.lu\/de\/wp-json\/wp\/v2\/comments?post=14885"}],"version-history":[{"count":43,"href":"https:\/\/voltmax.lu\/de\/wp-json\/wp\/v2\/pages\/14885\/revisions"}],"predecessor-version":[{"id":16732,"href":"https:\/\/voltmax.lu\/de\/wp-json\/wp\/v2\/pages\/14885\/revisions\/16732"}],"wp:attachment":[{"href":"https:\/\/voltmax.lu\/de\/wp-json\/wp\/v2\/media?parent=14885"}],"curies":[{"name":"wp","href":"https:\/\/api.w.org\/{rel}","templated":true}]}}