{"id":12638,"date":"2025-02-14T09:40:18","date_gmt":"2025-02-14T08:40:18","guid":{"rendered":"https:\/\/voltmax.lu\/?page_id=12638"},"modified":"2025-09-16T11:36:13","modified_gmt":"2025-09-16T09:36:13","slug":"technischer-verkaufsberater","status":"publish","type":"page","link":"https:\/\/voltmax.lu\/de\/technical-sales-advisor\/","title":{"rendered":"Job &#8211; Technical Sales Advisor"},"content":{"rendered":"<div data-elementor-type=\"wp-page\" data-elementor-id=\"12638\" class=\"elementor elementor-12638\">\n\t\t\t\t<div class=\"elementor-element elementor-element-2dae31c e-flex e-con-boxed e-con e-parent\" data-id=\"2dae31c\" data-element_type=\"container\" data-e-type=\"container\" data-settings=\"{&quot;background_background&quot;:&quot;classic&quot;}\">\n\t\t\t\t\t<div class=\"e-con-inner\">\n\t\t\t\t<div class=\"elementor-element elementor-element-6ed4fac elementor-widget elementor-widget-spacer\" data-id=\"6ed4fac\" data-element_type=\"widget\" data-e-type=\"widget\" data-widget_type=\"spacer.default\">\n\t\t\t\t<div class=\"elementor-widget-container\">\n\t\t\t\t\t\t\t<div class=\"elementor-spacer\">\n\t\t\t<div class=\"elementor-spacer-inner\"><\/div>\n\t\t<\/div>\n\t\t\t\t\t\t<\/div>\n\t\t\t\t<\/div>\n\t\t\t\t<div class=\"elementor-element elementor-element-ed4b1f5 elementor-widget elementor-widget-heading\" data-id=\"ed4b1f5\" data-element_type=\"widget\" data-e-type=\"widget\" data-widget_type=\"heading.default\">\n\t\t\t\t<div class=\"elementor-widget-container\">\n\t\t\t\t\t<h2 class=\"elementor-heading-title elementor-size-default\">Arbeiten &amp; Kooperieren mit Voltmax<\/h2>\t\t\t\t<\/div>\n\t\t\t\t<\/div>\n\t\t\t\t<div class=\"elementor-element elementor-element-b63f3e6 elementor-widget-divider--view-line elementor-widget elementor-widget-divider\" data-id=\"b63f3e6\" data-element_type=\"widget\" data-e-type=\"widget\" data-widget_type=\"divider.default\">\n\t\t\t\t<div class=\"elementor-widget-container\">\n\t\t\t\t\t\t\t<div class=\"elementor-divider\">\n\t\t\t<div class=\"elementor-divider-separator\">\n\t\t\t\t\t\t<\/div>\n\t\t<\/div>\n\t\t\t\t\t\t<\/div>\n\t\t\t\t<\/div>\n\t\t\t\t<div class=\"elementor-element elementor-element-01cd6cb elementor-widget elementor-widget-heading\" data-id=\"01cd6cb\" data-element_type=\"widget\" data-e-type=\"widget\" data-widget_type=\"heading.default\">\n\t\t\t\t<div class=\"elementor-widget-container\">\n\t\t\t\t\t<h3 class=\"elementor-heading-title elementor-size-default\">Karrierem\u00f6glichkeiten und Gesch\u00e4ftspartnerschaften<\/h3>\t\t\t\t<\/div>\n\t\t\t\t<\/div>\n\t\t\t\t<div class=\"elementor-element elementor-element-0ee6977 elementor-widget elementor-widget-spacer\" data-id=\"0ee6977\" data-element_type=\"widget\" data-e-type=\"widget\" data-widget_type=\"spacer.default\">\n\t\t\t\t<div class=\"elementor-widget-container\">\n\t\t\t\t\t\t\t<div class=\"elementor-spacer\">\n\t\t\t<div class=\"elementor-spacer-inner\"><\/div>\n\t\t<\/div>\n\t\t\t\t\t\t<\/div>\n\t\t\t\t<\/div>\n\t\t\t\t\t<\/div>\n\t\t\t\t<\/div>\n\t\t<div class=\"elementor-element elementor-element-133c0ab e-flex e-con-boxed e-con e-parent\" data-id=\"133c0ab\" data-element_type=\"container\" data-e-type=\"container\">\n\t\t\t\t\t<div class=\"e-con-inner\">\n\t\t\t\t<div class=\"elementor-element elementor-element-0b582b7 elementor-widget elementor-widget-heading\" data-id=\"0b582b7\" data-element_type=\"widget\" data-e-type=\"widget\" data-widget_type=\"heading.default\">\n\t\t\t\t<div class=\"elementor-widget-container\">\n\t\t\t\t\t<h1 class=\"elementor-heading-title elementor-size-default\">Position: Vertrieb \/ Technischer Verkaufsberater<\/h1>\t\t\t\t<\/div>\n\t\t\t\t<\/div>\n\t\t\t\t\t<\/div>\n\t\t\t\t<\/div>\n\t\t<div class=\"elementor-element elementor-element-5d8ef05d e-flex e-con-boxed e-con e-parent\" data-id=\"5d8ef05d\" data-element_type=\"container\" data-e-type=\"container\">\n\t\t\t\t\t<div class=\"e-con-inner\">\n\t\t\t\t<div class=\"elementor-element elementor-element-6c71556f elementor-widget elementor-widget-text-editor\" data-id=\"6c71556f\" data-element_type=\"widget\" data-e-type=\"widget\" data-widget_type=\"text-editor.default\">\n\t\t\t\t<div class=\"elementor-widget-container\">\n\t\t\t\t\t\t\t\t\t<p class=\"translation-block\">Position: Position: Vertrieb \/ Technischer Vertriebsberater\u200b<br>Arbeitsort: <strong>Gro\u00dfherzogtum Luxemburg<\/strong> sowie <strong>Home-Office<\/strong>&gt;<br>Beginnzeitraum: (wird noch festgelegt)<br>Anzahl der Arbeitsstunden pro Woche: <strong>40<\/strong><br>Vertrag: <strong>Festanstellung<\/strong> oder <strong>Freelance<\/strong> (wird noch festgelegt)<br>Sprachen: Gute Kenntnisse in <strong>Franz\u00f6sisch<\/strong>, <strong>Englisch<\/strong> (Luxemburgisch, Deutsch &amp; Polnisch sind von Vorteil)<\/p>\n<p><!-- \/wp:paragraph --><!-- wp:paragraph --><\/p>\n<p>Voltmax ist ein etabliertes Unternehmen im Markt f\u00fcr erneuerbare Energien und investiert kontinuierlich in die Weiterentwicklung. Wir bauen derzeit ein Vertriebsnetz in Westeuropa auf und suchen daher Vertriebsmitarbeiter f\u00fcr die Zusammenarbeit im B2B-Bereich, die bereit sind, den Vertriebsausbau unserer Dienstleistungen in Luxemburg zu unterst\u00fctzen.<\/p>\n<p><!-- \/wp:paragraph --><!-- wp:heading {\"level\":3} --><\/p>\n<h3 class=\"wp-block-heading\"><strong>Aufgaben:<\/strong><\/h3>\n<p><!-- \/wp:heading --><!-- wp:paragraph --><\/p>\n<p class=\"translation-block\">\u2013 Direkte und telefonische Betreuung von Privat- und Firmenkunden<br>\u2013 Beratung zu Photovoltaik- und W\u00e4rmepumpenanlagen nach spezifischer Schulung<br>\u2013 Aktive Kundensuche f\u00fcr Photovoltaikanlagen, W\u00e4rmepumpen, Ladestationen f\u00fcr Elektroautos und Klimaanlagen<br>\u2013 Pflege des guten Firmenimages und Aufbau von Kundenbeziehungen<\/p>\n<p><!-- \/wp:paragraph --><!-- wp:heading {\"level\":3} --><\/p>\n<h3 class=\"wp-block-heading\"><strong>Unsere Anforderungen:<\/strong><\/h3>\n<p><!-- \/wp:heading --><!-- wp:paragraph --><\/p>\n<p class=\"translation-block\">\u2013 Gute Kenntnisse: Franz\u00f6sisch, Englisch (Luxemburgisch, Deutsch &amp; Polnisch von Vorteil)<br>\u2013 Mindestens 3 Jahre Erfahrung als Verk\u00e4ufer<br>\u2013 G\u00fcltiger F\u00fchrerschein Kat. B<br>\u2013 Erfahrung in der individuellen Kundenakquise<br>\u2013 Geschickte Nutzung bestehender oder eigener Kundenst\u00e4mme<br>\u2013 Sehr gute EDV-Kenntnisse<br>\u2013 Reisebereitschaft ins Ausland<br>\u2013 Kenntnisse der Photovoltaikbranche von Vorteil (aber keine Voraussetzung)<\/p>\n<p><!-- \/wp:paragraph --><!-- wp:heading {\"level\":3} --><\/p>\n<h3 class=\"wp-block-heading\"><strong>Wir bieten:<\/strong><\/h3>\n<p><!-- \/wp:heading --><!-- wp:paragraph --><\/p>\n<p class=\"translation-block\">\u2013 Attraktive Verg\u00fctung<br>\u2013 Aus- und Weiterbildung<br>\u2013 Unterst\u00fctzung bei der Implementierung in jeder Phase<br>\u2013 Wir stellen den Kontakt zu neuen potenziellen Kunden her<br>\u2013 Eine engagierte Person, die eng mit Ihnen zusammenarbeitet \u2013 CC, Supervisor, Verkaufsberater<br>\u2013 Zusammenarbeit mit einem kreativen und erfahrenen Team<br>\u2013 Arbeit in einer sich dynamisch entwickelnden Branche<br>\u2013 Leistungspaket: Firmentelefon, medizinische Versorgung, Gruppenversicherung,<\/p>\n<p><!-- \/wp:paragraph --><!-- wp:paragraph --><\/p>\n<p>Wenn die obige Beschreibung des Verkaufsberaters auf Sie zutrifft, senden Sie Ihren Lebenslauf bitte an die folgende Adresse: <strong><a href=\"mailto:hr@voltmax.lu\">hr@voltmax.lu<\/a><\/strong><\/p>\n<p><!-- \/wp:paragraph --><!-- wp:paragraph --><\/p>\n<p>Wir m\u00f6chten Sie dar\u00fcber informieren, dass wir nur diejenigen kontaktieren, die die in der Anzeige beschriebenen Kriterien erf\u00fcllen.<\/p>\n<p><!-- \/wp:paragraph --><\/p>\t\t\t\t\t\t\t\t<\/div>\n\t\t\t\t<\/div>\n\t\t\t\t\t<\/div>\n\t\t\t\t<\/div>\n\t\t<div class=\"elementor-element elementor-element-76c782b e-flex e-con-boxed e-con e-parent\" data-id=\"76c782b\" data-element_type=\"container\" data-e-type=\"container\">\n\t\t\t\t\t<div class=\"e-con-inner\">\n\t\t\t\t<div class=\"elementor-element elementor-element-d47e78b elementor-widget elementor-widget-image\" data-id=\"d47e78b\" data-element_type=\"widget\" data-e-type=\"widget\" data-widget_type=\"image.default\">\n\t\t\t\t<div class=\"elementor-widget-container\">\n\t\t\t\t\t\t\t\t\t\t\t\t\t\t\t<img fetchpriority=\"high\" decoding=\"async\" width=\"1400\" height=\"500\" src=\"https:\/\/voltmax.lu\/wp-content\/uploads\/2025\/03\/job.webp\" class=\"attachment-full size-full wp-image-13588\" alt=\"job\" srcset=\"https:\/\/voltmax.lu\/wp-content\/uploads\/2025\/03\/job.webp 1400w, https:\/\/voltmax.lu\/wp-content\/uploads\/2025\/03\/job-300x107.webp 300w, https:\/\/voltmax.lu\/wp-content\/uploads\/2025\/03\/job-1024x366.webp 1024w, https:\/\/voltmax.lu\/wp-content\/uploads\/2025\/03\/job-768x274.webp 768w, https:\/\/voltmax.lu\/wp-content\/uploads\/2025\/03\/job-18x6.webp 18w\" sizes=\"(max-width: 1400px) 100vw, 1400px\" title=\"\">\t\t\t\t\t\t\t\t\t\t\t\t\t\t\t<\/div>\n\t\t\t\t<\/div>\n\t\t\t\t<div class=\"elementor-element elementor-element-e7b3984 elementor-widget elementor-widget-heading\" data-id=\"e7b3984\" data-element_type=\"widget\" data-e-type=\"widget\" data-widget_type=\"heading.default\">\n\t\t\t\t<div class=\"elementor-widget-container\">\n\t\t\t\t\t<h2 class=\"elementor-heading-title elementor-size-default\">Warum als technischer Verkaufsberater bei Voltmax arbeiten?<\/h2>\t\t\t\t<\/div>\n\t\t\t\t<\/div>\n\t\t\t\t<div class=\"elementor-element elementor-element-b3203b1 elementor-widget elementor-widget-text-editor\" data-id=\"b3203b1\" data-element_type=\"widget\" data-e-type=\"widget\" data-widget_type=\"text-editor.default\">\n\t\t\t\t<div class=\"elementor-widget-container\">\n\t\t\t\t\t\t\t\t\t<p data-start=\"64\" data-end=\"411\" class=\"translation-block\">Bei <a href=\"https:\/\/voltmax.lu\/de\/\" target=\"_self\"><strong data-start=\"67\" data-end=\"78\">Voltmax<\/strong><\/a> geht es als <strong data-start=\"88\" data-end=\"118\">Technischer Verkaufsberater<\/strong> nicht nur ums Verkaufen \u2013 es geht darum, Kunden auf dem Weg zu <strong data-start=\"181\" data-end=\"204\">Energieunabh\u00e4ngigkeit<\/strong> und einer <strong data-start=\"216\" data-end=\"238\">nachhaltigeren Zukunft<\/strong> zu begleiten. Als Teil unseres Verkaufsteams unterst\u00fctzen Sie Hausbesitzer und Unternehmen bei der Umstellung auf <strong data-start=\"315\" data-end=\"359\">Solarstrom- und Energiespeicherl\u00f6sungen<\/strong> und bieten ihnen fachkundige, auf ihre Bed\u00fcrfnisse zugeschnittene Beratung.<\/p>\n<p data-start=\"413\" data-end=\"780\" class=\"translation-block\">Diese Rolle ist ideal f\u00fcr jemanden, der gerne <strong data-start=\"457\" data-end=\"556\">mit Menschen arbeitet, Beziehungen aufbaut und echte L\u00f6sungen anbietet, die etwas bewirken<\/strong>. Sie haben die M\u00f6glichkeit, Kunden dar\u00fcber zu informieren, wie <strong data-start=\"614\" data-end=\"682\">Photovoltaikanlagen, Batteriespeicher und Ladel\u00f6sungen f\u00fcr Elektrofahrzeuge<\/strong> ihre Energiekosten senken und ihnen mehr Kontrolle \u00fcber ihren Stromverbrauch erm\u00f6glichen k\u00f6nnen.<\/p>\n<p data-start=\"782\" data-end=\"1105\">We offer <strong data-start=\"791\" data-end=\"817\">comprehensive training<\/strong>, so even if you\u2019re new to the renewable energy sector, you\u2019ll quickly gain expertise in <strong data-start=\"906\" data-end=\"998\">photovoltaic technology, financing options, and subsidy programs available in Luxembourg<\/strong>. Our support ensures that you can confidently advise customers and present them with the best solutions.<\/p>\n<p data-start=\"1107\" data-end=\"1374\" class=\"translation-block\">Bei <a href=\"https:\/\/g.co\/kgs\/tY3gXko\" target=\"_blank\" rel=\"noopener\">Voltmax<\/a> glauben wir, dass Erfolg auf <strong data-start=\"1154\" data-end=\"1199\">Wissen, Engagement und Kundenvertrauen<\/strong> beruht. Deshalb bieten wir nicht nur ein <strong data-start=\"1234\" data-end=\"1256\">wettbewerbsf\u00e4higes Gehalt<\/strong>, sondern auch eine <strong data-start=\"1268\" data-end=\"1302\">lohnende Provisionsstruktur<\/strong>, die sicherstellt, dass Ihr Einkommen Ihre harte Arbeit und Ihre Erfolge widerspiegelt.<\/p>\n<p data-start=\"1376\" data-end=\"1635\" data-is-last-node=\"\" data-is-only-node=\"\" class=\"translation-block\">Wenn Sie auf der Suche nach einer <strong data-start=\"1400\" data-end=\"1448\">sinnvollen Karriere in einer schnell wachsenden Branche<\/strong> sind, in der Sie <strong data-start=\"1472\" data-end=\"1528\">technisches Fachwissen mit kundenorientierter Beratung<\/strong> verbinden k\u00f6nnen, dann sind Sie bei Voltmax genau richtig. <strong data-start=\"1565\" data-end=\"1628\">Kommen Sie zu uns und werden Sie Teil der Energiewende!<\/strong><\/p>\t\t\t\t\t\t\t\t<\/div>\n\t\t\t\t<\/div>\n\t\t\t\t\t<\/div>\n\t\t\t\t<\/div>\n\t\t\t\t<\/div>","protected":false},"excerpt":{"rendered":"<p>Work &amp; Cooperate with Voltmax Career Opportunities and Business Partnerships Position: Sales \/ Technical Sales Advisor Position: Position: Sales \/ Technical Sales Advisor\u200bPlace of work: Grand-Duchy of Luxembourg as well as home-officeStarting period: (to be defined)Number of working hours per week: 40Contract: Permanent or Freelance (to be defined)Languages: Good knowledge of French, English (Luxemburgish, German [&hellip;]<\/p>\n","protected":false},"author":5,"featured_media":0,"parent":0,"menu_order":0,"comment_status":"closed","ping_status":"closed","template":"elementor_header_footer","meta":{"inline_featured_image":false,"footnotes":""},"class_list":["post-12638","page","type-page","status-publish","hentry"],"_links":{"self":[{"href":"https:\/\/voltmax.lu\/de\/wp-json\/wp\/v2\/pages\/12638","targetHints":{"allow":["GET"]}}],"collection":[{"href":"https:\/\/voltmax.lu\/de\/wp-json\/wp\/v2\/pages"}],"about":[{"href":"https:\/\/voltmax.lu\/de\/wp-json\/wp\/v2\/types\/page"}],"author":[{"embeddable":true,"href":"https:\/\/voltmax.lu\/de\/wp-json\/wp\/v2\/users\/5"}],"replies":[{"embeddable":true,"href":"https:\/\/voltmax.lu\/de\/wp-json\/wp\/v2\/comments?post=12638"}],"version-history":[{"count":4,"href":"https:\/\/voltmax.lu\/de\/wp-json\/wp\/v2\/pages\/12638\/revisions"}],"predecessor-version":[{"id":16739,"href":"https:\/\/voltmax.lu\/de\/wp-json\/wp\/v2\/pages\/12638\/revisions\/16739"}],"wp:attachment":[{"href":"https:\/\/voltmax.lu\/de\/wp-json\/wp\/v2\/media?parent=12638"}],"curies":[{"name":"wp","href":"https:\/\/api.w.org\/{rel}","templated":true}]}}