{"id":12625,"date":"2025-02-14T09:28:46","date_gmt":"2025-02-14T08:28:46","guid":{"rendered":"https:\/\/voltmax.lu\/?page_id=12625"},"modified":"2025-02-18T14:27:59","modified_gmt":"2025-02-18T13:27:59","slug":"klimabonus-522","status":"publish","type":"page","link":"https:\/\/voltmax.lu\/de\/klimabonus-522\/","title":{"rendered":"Klimabonus 522"},"content":{"rendered":"<div data-elementor-type=\"wp-page\" data-elementor-id=\"12625\" class=\"elementor elementor-12625\">\n\t\t\t\t<div class=\"elementor-element elementor-element-fdfee49 e-flex e-con-boxed e-con e-parent\" data-id=\"fdfee49\" data-element_type=\"container\" data-e-type=\"container\" data-settings=\"{&quot;background_background&quot;:&quot;classic&quot;}\">\n\t\t\t\t\t<div class=\"e-con-inner\">\n\t\t\t\t<div class=\"elementor-element elementor-element-46eabea elementor-widget elementor-widget-spacer\" data-id=\"46eabea\" data-element_type=\"widget\" data-e-type=\"widget\" data-widget_type=\"spacer.default\">\n\t\t\t\t<div class=\"elementor-widget-container\">\n\t\t\t\t\t\t\t<div class=\"elementor-spacer\">\n\t\t\t<div class=\"elementor-spacer-inner\"><\/div>\n\t\t<\/div>\n\t\t\t\t\t\t<\/div>\n\t\t\t\t<\/div>\n\t\t\t\t<div class=\"elementor-element elementor-element-c8c596e elementor-widget elementor-widget-heading\" data-id=\"c8c596e\" data-element_type=\"widget\" data-e-type=\"widget\" data-widget_type=\"heading.default\">\n\t\t\t\t<div class=\"elementor-widget-container\">\n\t\t\t\t\t<h1 class=\"elementor-heading-title elementor-size-default\">Klimabonus 522<\/h1>\t\t\t\t<\/div>\n\t\t\t\t<\/div>\n\t\t\t\t<div class=\"elementor-element elementor-element-cb4b688 elementor-widget elementor-widget-spacer\" data-id=\"cb4b688\" data-element_type=\"widget\" data-e-type=\"widget\" data-widget_type=\"spacer.default\">\n\t\t\t\t<div class=\"elementor-widget-container\">\n\t\t\t\t\t\t\t<div class=\"elementor-spacer\">\n\t\t\t<div class=\"elementor-spacer-inner\"><\/div>\n\t\t<\/div>\n\t\t\t\t\t\t<\/div>\n\t\t\t\t<\/div>\n\t\t\t\t\t<\/div>\n\t\t\t\t<\/div>\n\t\t<div class=\"elementor-element elementor-element-6bdfa63 e-flex e-con-boxed e-con e-parent\" data-id=\"6bdfa63\" data-element_type=\"container\" data-e-type=\"container\">\n\t\t\t\t\t<div class=\"e-con-inner\">\n\t\t\t\t<div class=\"elementor-element elementor-element-3863aaa elementor-widget elementor-widget-spacer\" data-id=\"3863aaa\" data-element_type=\"widget\" data-e-type=\"widget\" data-widget_type=\"spacer.default\">\n\t\t\t\t<div class=\"elementor-widget-container\">\n\t\t\t\t\t\t\t<div class=\"elementor-spacer\">\n\t\t\t<div class=\"elementor-spacer-inner\"><\/div>\n\t\t<\/div>\n\t\t\t\t\t\t<\/div>\n\t\t\t\t<\/div>\n\t\t\t\t\t<\/div>\n\t\t\t\t<\/div>\n\t\t<div class=\"elementor-element elementor-element-0e8567a e-flex e-con-boxed e-con e-parent\" data-id=\"0e8567a\" data-element_type=\"container\" data-e-type=\"container\">\n\t\t\t\t\t<div class=\"e-con-inner\">\n\t\t\t\t<div class=\"elementor-element elementor-element-f772fad elementor-widget elementor-widget-heading\" data-id=\"f772fad\" data-element_type=\"widget\" data-e-type=\"widget\" data-widget_type=\"heading.default\">\n\t\t\t\t<div class=\"elementor-widget-container\">\n\t\t\t\t\t<h2 class=\"elementor-heading-title elementor-size-default\">The \"KLIMABONUS 522\" program is a Luxembourgish government initiative that provides financial incentives for the installation of solar photovoltaic (PV) systems. The program offers a flat-rate subsidy of \u20ac500 per kilowatt-peak (kWp) of installed capacity, up to a maximum of 50 kWp. The subsidy is available to both individuals and businesses.<\/h2>\t\t\t\t<\/div>\n\t\t\t\t<\/div>\n\t\t\t\t\t<\/div>\n\t\t\t\t<\/div>\n\t\t<div class=\"elementor-element elementor-element-0f4d621 e-flex e-con-boxed e-con e-parent\" data-id=\"0f4d621\" data-element_type=\"container\" data-e-type=\"container\">\n\t\t\t\t\t<div class=\"e-con-inner\">\n\t\t\t\t<div class=\"elementor-element elementor-element-8dfa0cd elementor-widget elementor-widget-text-editor\" data-id=\"8dfa0cd\" data-element_type=\"widget\" data-e-type=\"widget\" data-widget_type=\"text-editor.default\">\n\t\t\t\t<div class=\"elementor-widget-container\">\n\t\t\t\t\t\t\t\t\t<h4><strong>Photovoltaics &#8211; Producing electricity with solar energy and taking climate action.<\/strong><\/h4>\n<h2>Welche Voraussetzungen gelten f\u00fcr die Klimabonus-F\u00f6rderung?<\/h2>\n<p>F\u00fcr die Klimabonus-F\u00f6rderung stehen Ihnen zwei M\u00f6glichkeiten zur Verf\u00fcgung.<\/p>\n<ul>\n<li style=\"list-style-type: none;\">\n<ul>\n<li>Investitionszuschuss von 20 % f\u00fcr die Installation von Photovoltaikanlagen im Einspeisebetrieb mit garantierter Einspeiseverg\u00fctung. Eigenverbrauch ist bei dieser Option m\u00f6glich.\n<ul>\n<li>Diese F\u00f6rderung ist auf 500 \u20ac\/kW begrenzt\u00a0<sub>p<\/sub>.<\/li>\n<li>G\u00fcltig f\u00fcr Rechnungen vom 01.01.2022 bis 31.12.2025.<\/li>\n<li>Ich erhalte eine vom Staat garantierte Einspeiseverg\u00fctung f\u00fcr die Dauer von 15 Jahren.<\/li>\n<li>Meine Einspeiseverg\u00fctung richtet sich nach dem Anschlussdatum der Anlage, n\u00e4here Informationen finden Sie auf der Seite \u201eFinanzielle F\u00f6rderprogramme f\u00fcr nachhaltiges Wohnen und Mobilit\u00e4t\u201c im Abschnitt \u201eEinspeiseverg\u00fctungen\u201c.\u00a0<a href=\"https:\/\/www.klima-agence.lu\/en\/financial-aid-programmes\" target=\"_blank\" rel=\"noopener\">der Seite \u00ab F\u00f6rderprogramme f\u00fcr nachhaltiges Wohnen und Mobilit\u00e4t \u00bb<\/a>.<\/li>\n<\/ul>\n<\/li>\n<li>Investitionsbeihilfe von 50 % f\u00fcr die Installation von Photovoltaikanlagen im Eigenverbrauchsbetrieb und Verzicht auf die garantierte Einspeiseverg\u00fctung.\n<ul>\n<li>Diese F\u00f6rderung ist auf 1.250 \u20ac\/kW begrenzt<sub>p<\/sub>.<\/li>\n<li>G\u00fcltig f\u00fcr Bestellungen vom 01.01.2022 bis 31.12.2025.<\/li>\n<li>Mein Stromspeicher (Nettokapazit\u00e4t) wird gef\u00f6rdert, wenn:<\/li>\n<\/ul>\n<\/li>\n<\/ul>\n<\/li>\n<\/ul>\n<p>f\u00fcr ein Einfamilienhaus<\/p>\n<ul>\n<li style=\"list-style-type: none;\">\n<ul>\n<li style=\"list-style-type: none;\">\n<ul>\n<li style=\"list-style-type: none;\">\n<ul>\n<li class=\"translation-block\">die Leistung meiner Anlage betr\u00e4gt &gt; 4 kW<sub>p<\/sub>\u00a0und<\/li>\n<li class=\"translation-block\">meine Speicherkapazit\u00e4t betr\u00e4gt \u2264 1,5 kWh\/kW<sub>p<\/sub>\u00a0bei einem Maximum von 12 kWh.<\/li>\n<\/ul>\n<\/li>\n<\/ul>\n<\/li>\n<\/ul>\n<\/li>\n<\/ul>\n<p>f\u00fcr ein Mehrfamilienhaus<\/p>\n<ul>\n<li style=\"list-style-type: none;\">\n<ul>\n<li style=\"list-style-type: none;\">\n<ul>\n<li style=\"list-style-type: none;\">\n<ul>\n<li class=\"translation-block\">die Leistung meiner Anlage betr\u00e4gt &gt; 1,5 kW<sub>p<\/sub>\u00a0pro Wohneinheit und<\/li>\n<li class=\"translation-block\">meine Speicherkapazit\u00e4t betr\u00e4gt \u2264 1,5 kWh\/kW<sub>p<\/sub>\u00a0bei einem Maximum von 9 kWh pro Wohneinheit.<\/li>\n<\/ul>\n<\/li>\n<\/ul>\n<\/li>\n<\/ul>\n<\/li>\n<\/ul>\n<p>f\u00fcr ein Geb\u00e4ude, das nicht zu Wohnzwecken genutzt wird<\/p>\n<ul>\n<li style=\"list-style-type: none;\">\n<ul>\n<li style=\"list-style-type: none;\">\n<ul>\n<li>meine Speicherkapazit\u00e4t ist \u2264 1 kWh\/kW<sub>p<\/sub>.<\/li>\n<\/ul>\n<\/li>\n<li>Ich verzichte auf die garantierte Einspeiseverg\u00fctung f\u00fcr die Lebensdauer der Anlage. Diese Option stellt eine feste und unwiderrufliche Verpflichtung dar.<\/li>\n<li>F\u00fcr den \u00fcbersch\u00fcssigen Strom muss ich einen R\u00fcckkaufvertrag mit einem Lieferanten abschlie\u00dfen. In den meisten F\u00e4llen wird eine individuelle\/kollektive Eigenverbrauchs- oder Energiegemeinschaft gegr\u00fcndet.<\/li>\n<li class=\"translation-block\">F\u00fcr eine Photovoltaikanlage, deren Bestelldatum zwischen dem 01.01.2023 und dem 30.09.2024 liegt und deren Rechnung bis zum 31.12.2025 ausgestellt wurde, wird f\u00fcr die Installation der Solaranlage ein erh\u00f6hter Investitionszuschuss von 62,5 % gew\u00e4hrt, sofern der Antragsteller auf die Einspeiseverg\u00fctungsgarantie verzichtet. Dieser Zuschuss ist auf maximal 1.562,5 \u20ac\/kW<sub>p<\/sub> begrenzt.<\/li>\n<\/ul>\n<\/li>\n<li class=\"translation-block\">F\u00fcr das Steuerjahr 2022 sind die Eink\u00fcnfte aus Anlagen &gt; 10 kW<sub>p<\/sub>\u00a0zu versteuern.<\/li>\n<li class=\"translation-block\">F\u00fcr das Steuerjahr 2023 sind die Eink\u00fcnfte aus Anlagen &gt; 30 kW<sub>p<\/sub>\u00a0zu versteuern.<\/li>\n<li>Eine zus\u00e4tzliche Photovoltaikanlage (auf demselben Dach, an der Fassade oder in die Geb\u00e4udeh\u00fclle integriert) ist f\u00f6rderf\u00e4hig, wenn ihre Einspeisung ins Netz mindestens 2 Jahre nach der ersten Einspeisung der vorherigen Anlage erfolgt.<\/li>\n<\/ul>\n<p class=\"translation-block\">Um mehr zu erfahren, kann ich\u00a0<a href=\"https:\/\/legilux.public.lu\/eli\/etat\/leg\/rgd\/2022\/04\/07\/a180\/jo#paragraph_8\" target=\"_blank\" rel=\"nofollow noopener\" aria-label=\"die entsprechende Verordnung, \u00f6ffnet ein neues Fenster\" data-nww-processed=\"true\">die entsprechende Verordnung<\/a> einsehen.<\/p>\n<h2>Wie beantrage ich die Klimabonus-F\u00f6rderung?<\/h2>\n<ul>\n<li>\n<div class=\"text\">\n<p>So beantragen Sie die Klimabonus-F\u00f6rderung:<\/p>\n<ul>\n<li>Der F\u00f6rderantrag kann nach Abschluss der Installation gestellt werden.<\/li>\n<\/ul>\n<p>So beantragen Sie die Topup-Sozialf\u00f6rderung Klimabonus:<\/p>\n<ul>\n<li>Der Antrag muss nach Erhalt des Bescheids \u00fcber die Gew\u00e4hrung der Klimabonus-F\u00f6rderung bei der Einheitlichen Anlaufstelle f\u00fcr Wohnbeihilfen eingereicht werden.<\/li>\n<\/ul>\n<p><b>Ansprechpartner f\u00fcr die Klimabonus-F\u00f6rderung und die Topup-Sozial-Klimabonus-F\u00f6rderung<\/b><\/p>\n<p>Zentrale Anlaufstelle f\u00fcr Wohnbeihilfen<br \/>11, rue de Hollerich<br \/>L-1741 Luxemburg<br \/>Gro\u00dfherzogtum Luxemburg<br \/>Mail: guichet@ml.etat.lu<br \/>Tel: (+352) 8002 10 10<\/p>\n<p class=\"translation-block\">Um meinen Klimabonus-Antrag einzureichen, f\u00fclle ich\u00a0<a href=\"https:\/\/guichet.public.lu\/en\/citoyens\/aides\/logement-construction\/klimabonus\/aide-installations-techniques-regime-2022.html\" target=\"_blank\" rel=\"nofollow noopener\" aria-label=\"the following forms, opens a new window\" data-nww-processed=\"true\">die folgenden Formulare<\/a> aus:<\/p>\n<ul>\n<li>&#8220;Demande d\u2019une aide dans le cadre du PAQUET BANQUE CLIMATIQUE ET LOGEMENT DURABLE &#8211; DEPA-2022 &#8211; Personne physique&#8221; or the form for &#8220;Personnes morales&#8221;<\/li>\n<li>&#8220;Installation photovolta\u00efque &#8211; Fiche annexe : PHOT-2022&#8221;.<\/li>\n<\/ul>\n<p class=\"translation-block\">Weitere Informationen kann ich\u00a0<a href=\"https:\/\/legilux.public.lu\/eli\/etat\/leg\/rgd\/2022\/04\/07\/a180\/jo#paragraph_34\" target=\"_blank\" rel=\"nofollow noopener\" aria-label=\"die entsprechende Verordnung, \u00f6ffnet ein neues Fenster\" data-nww-processed=\"true\">die entsprechende Verordnung<\/a> einsehen.<\/p>\n<p class=\"translation-block\">Um meinen Topup Social Klimabonus-Antrag einzureichen, f\u00fclle ich\u00a0<a href=\"https:\/\/logement.public.lu\/fr\/proprietaire\/renovation-amenagements-speciaux\/topup-klimabonus.html\" target=\"_blank\" rel=\"nofollow noopener\" aria-label=\"the following forms, opens a new window\" data-nww-processed=\"true\">die folgenden Formulare<\/a> aus:<\/p>\n<ul>\n<li>\u00ab Demande en obtention d\u2019une aide \u00e0 l\u2019assainissement \u00e9nerg\u00e9tique (F3) \u00bb<\/li>\n<li>\u00ab D\u00e9claration relative \u00e0 la composition de la communaut\u00e9 domestique L\/A21 \u00bb<\/li>\n<li>\u00ab D\u00e9claration sur l\u2019honneur \u2013 Aquisition A92 \u00bb<\/li>\n<\/ul>\n<p>F\u00fcr weitere Informationen stehe ich Ihnen gerne zur Verf\u00fcgung\u00a0<a href=\"https:\/\/legilux.public.lu\/eli\/etat\/leg\/loi\/2023\/08\/07\/a554\/jo#subsection_4\" target=\"_blank\" rel=\"noopener\">das entsprechende Gesetz<\/a>.<\/p>\n<\/div>\n<div class=\"text\">\n<p><b>Die Erh\u00f6hung der simulierten F\u00f6rderung ohne garantierte Einspeiseverg\u00fctung wird bis zum 30.09.2024* verl\u00e4ngert. Die Klimabonus-Basisf\u00f6rderung ist g\u00fcltig f\u00fcr Rechnungen vom 01.01.2022 bis zum 31.12.2025.<\/b><\/p>\n<\/div>\n<div class=\"text translation-block\">* Vorbehaltlich des Abschlusses der Gesetzgebungs- und Regulierungsverfahren. Ein Entwurf f\u00fcr eine gro\u00dfherzogliche Verordnung wird derzeit gepr\u00fcft. Weitere Informationen finden Sie unter\u00a0<a href=\"https:\/\/www.klima-agence.lu\/en\/new-use-klimabonus-subsidy-programme-your-renovation-project-heat-pump-or-photovoltaic-system\" target=\"_blank\" rel=\"nofollow noopener\" aria-label=\"die Neuigkeiten der Klima-Agence, \u00f6ffnet ein neues Fenster\" data-nww-processed=\"true\">die Neuigkeiten der Klima-Agence<\/a>.<\/div>\n<\/li>\n<\/ul>\n<h2>Welche technischen Voraussetzungen m\u00fcssen f\u00fcr die Klimabonus-F\u00f6rderung erf\u00fcllt sein?<\/h2>\n<ul>\n<li>Die Spitzenleistung muss \u2264 30 kWp sein.<\/li>\n<li>Photovoltaikmodule k\u00f6nnen auf dem Dach, an der Fassade oder in der Geb\u00e4udeh\u00fclle integriert montiert werden.<\/li>\n<li>Photovoltaikanlagen k\u00f6nnen auf Wohngeb\u00e4uden und Geb\u00e4uden, die nicht zu Wohnzwecken genutzt werden, montiert werden.<\/li>\n<li>Auch hybride Solarkollektoren zur Warmwasser- und Stromerzeugung sind f\u00f6rderf\u00e4hig.<\/li>\n<\/ul>\n<p><strong><em>Antr\u00e4ge auf die F\u00f6rderung sind beim luxemburgischen Umweltministerium einzureichen. Die Frist f\u00fcr die Einreichung der Antr\u00e4ge endet am 31. Dezember 2023.<\/em><\/strong><\/p>\n<p>The &#8220;KLIMABONUS 522&#8221; program is designed to promote the use of renewable energy in Luxembourg and to help reduce the country&#8217;s reliance on fossil fuels. The program is expected to generate approximately 100 megawatts of new solar capacity in Luxembourg.<\/p>\n<h3>UPDATE<\/h3>\n<p>Der Zuschuss von 25 % f\u00fcr Photovoltaikanlagen im Eigenverbrauchsbetrieb oder im Rahmen einer Energiegemeinschaft wird f\u00fcr eine \u00dcbergangszeit von 3 Monaten verl\u00e4ngert (Bestellung bis sp\u00e4testens 30. September 2024). Aktuell betr\u00e4gt die F\u00f6rderh\u00f6he 62,5 % der tats\u00e4chlichen Kosten, mit einer Obergrenze von 1.562,5 EUR pro Peak-kW.<\/p>\n<p>Ab dem 1. Oktober 2024 wird die derzeitige Regelung f\u00fcr energetische Sanierungsma\u00dfnahmen sowie f\u00fcr W\u00e4rmepumpen und Holzkessel beibehalten, w\u00e4hrend die finanzielle Unterst\u00fctzung f\u00fcr Photovoltaikmodule auf 50% der tats\u00e4chlichen Kosten der ab dem 1. Oktober 2024 bestellten Anlagen gesenkt wird, mit einer Obergrenze von 1.250 EUR pro kW<\/p>\n<p>\u00a0<\/p>\t\t\t\t\t\t\t\t<\/div>\n\t\t\t\t<\/div>\n\t\t\t\t\t<\/div>\n\t\t\t\t<\/div>\n\t\t<div class=\"elementor-element elementor-element-abffaca e-flex e-con-boxed e-con e-parent\" data-id=\"abffaca\" data-element_type=\"container\" data-e-type=\"container\">\n\t\t\t\t\t<div class=\"e-con-inner\">\n\t\t\t\t<div class=\"elementor-element elementor-element-d9b74df elementor-widget elementor-widget-text-editor\" data-id=\"d9b74df\" data-element_type=\"widget\" data-e-type=\"widget\" data-widget_type=\"text-editor.default\">\n\t\t\t\t<div class=\"elementor-widget-container\">\n\t\t\t\t\t\t\t\t\t<p style=\"text-align: center;\"><strong>Alle Informationen stammen von <a href=\"https:\/\/www.klima-agence.lu\/\" target=\"_blank\" rel=\"noopener\">Klima Agence<\/a> and you will always get the latest and most up-to-date information about available subsidies from them. Contact their representative at: <a href=\"https:\/\/www.klima-agence.lu\" target=\"_blank\" rel=\"noopener\">https:\/\/www.klima-agence.lu<\/a><\/strong><\/p>\t\t\t\t\t\t\t\t<\/div>\n\t\t\t\t<\/div>\n\t\t\t\t\t<\/div>\n\t\t\t\t<\/div>\n\t\t\t\t<\/div>","protected":false},"excerpt":{"rendered":"<p>Klimabonus 522 The &#8220;KLIMABONUS 522&#8221; program is a Luxembourgish government initiative that provides financial incentives for the installation of solar photovoltaic (PV) systems. The program offers a flat-rate subsidy of \u20ac500 per kilowatt-peak (kWp) of installed capacity, up to a maximum of 50 kWp. The subsidy is available to both individuals and businesses. Photovoltaics &#8211; [&hellip;]<\/p>\n","protected":false},"author":5,"featured_media":0,"parent":0,"menu_order":0,"comment_status":"closed","ping_status":"closed","template":"elementor_header_footer","meta":{"inline_featured_image":false,"footnotes":""},"class_list":["post-12625","page","type-page","status-publish","hentry"],"_links":{"self":[{"href":"https:\/\/voltmax.lu\/de\/wp-json\/wp\/v2\/pages\/12625","targetHints":{"allow":["GET"]}}],"collection":[{"href":"https:\/\/voltmax.lu\/de\/wp-json\/wp\/v2\/pages"}],"about":[{"href":"https:\/\/voltmax.lu\/de\/wp-json\/wp\/v2\/types\/page"}],"author":[{"embeddable":true,"href":"https:\/\/voltmax.lu\/de\/wp-json\/wp\/v2\/users\/5"}],"replies":[{"embeddable":true,"href":"https:\/\/voltmax.lu\/de\/wp-json\/wp\/v2\/comments?post=12625"}],"version-history":[{"count":0,"href":"https:\/\/voltmax.lu\/de\/wp-json\/wp\/v2\/pages\/12625\/revisions"}],"wp:attachment":[{"href":"https:\/\/voltmax.lu\/de\/wp-json\/wp\/v2\/media?parent=12625"}],"curies":[{"name":"wp","href":"https:\/\/api.w.org\/{rel}","templated":true}]}}