{"id":12620,"date":"2025-02-14T09:19:23","date_gmt":"2025-02-14T08:19:23","guid":{"rendered":"https:\/\/voltmax.lu\/?page_id=12620"},"modified":"2025-02-18T14:29:01","modified_gmt":"2025-02-18T13:29:01","slug":"klimabonus-511","status":"publish","type":"page","link":"https:\/\/voltmax.lu\/de\/klimabonus-511\/","title":{"rendered":"Klimabonus 511"},"content":{"rendered":"<div data-elementor-type=\"wp-page\" data-elementor-id=\"12620\" class=\"elementor elementor-12620\">\n\t\t\t\t<div class=\"elementor-element elementor-element-fdfee49 e-flex e-con-boxed e-con e-parent\" data-id=\"fdfee49\" data-element_type=\"container\" data-e-type=\"container\" data-settings=\"{&quot;background_background&quot;:&quot;classic&quot;}\">\n\t\t\t\t\t<div class=\"e-con-inner\">\n\t\t\t\t<div class=\"elementor-element elementor-element-46eabea elementor-widget elementor-widget-spacer\" data-id=\"46eabea\" data-element_type=\"widget\" data-e-type=\"widget\" data-widget_type=\"spacer.default\">\n\t\t\t\t<div class=\"elementor-widget-container\">\n\t\t\t\t\t\t\t<div class=\"elementor-spacer\">\n\t\t\t<div class=\"elementor-spacer-inner\"><\/div>\n\t\t<\/div>\n\t\t\t\t\t\t<\/div>\n\t\t\t\t<\/div>\n\t\t\t\t<div class=\"elementor-element elementor-element-c8c596e elementor-widget elementor-widget-heading\" data-id=\"c8c596e\" data-element_type=\"widget\" data-e-type=\"widget\" data-widget_type=\"heading.default\">\n\t\t\t\t<div class=\"elementor-widget-container\">\n\t\t\t\t\t<h1 class=\"elementor-heading-title elementor-size-default\">Klimabonus 511<\/h1>\t\t\t\t<\/div>\n\t\t\t\t<\/div>\n\t\t\t\t<div class=\"elementor-element elementor-element-cb4b688 elementor-widget elementor-widget-spacer\" data-id=\"cb4b688\" data-element_type=\"widget\" data-e-type=\"widget\" data-widget_type=\"spacer.default\">\n\t\t\t\t<div class=\"elementor-widget-container\">\n\t\t\t\t\t\t\t<div class=\"elementor-spacer\">\n\t\t\t<div class=\"elementor-spacer-inner\"><\/div>\n\t\t<\/div>\n\t\t\t\t\t\t<\/div>\n\t\t\t\t<\/div>\n\t\t\t\t\t<\/div>\n\t\t\t\t<\/div>\n\t\t<div class=\"elementor-element elementor-element-f4edebd e-flex e-con-boxed e-con e-parent\" data-id=\"f4edebd\" data-element_type=\"container\" data-e-type=\"container\">\n\t\t\t\t\t<div class=\"e-con-inner\">\n\t\t<div class=\"elementor-element elementor-element-45bd06c e-con-full e-flex e-con e-child\" data-id=\"45bd06c\" data-element_type=\"container\" data-e-type=\"container\">\n\t\t\t\t<div class=\"elementor-element elementor-element-fcf3aed elementor-widget elementor-widget-heading\" data-id=\"fcf3aed\" data-element_type=\"widget\" data-e-type=\"widget\" data-widget_type=\"heading.default\">\n\t\t\t\t<div class=\"elementor-widget-container\">\n\t\t\t\t\t<h2 class=\"elementor-heading-title elementor-size-default\"><p style=\"font-family: Roboto;font-size: 16px;font-weight: 400\"><span style=\"font-family: Inter;font-size: 25px;font-weight: 700;letter-spacing: 0px;text-align: var(--text-align)\">The \"KLIMABONUS 511\" program is a Luxembourgish government initiative that provides financial incentives for the installation of heat pumps. The program offers a subsidy of \u20ac511 per kilowatt (kW) of installed capacity, up to a maximum of 10 kW. The subsidy is available to both individuals and businesses.<\/span><span style=\"font-family: Inter;font-size: 25px;font-weight: 700;letter-spacing: 0px;text-align: var(--text-align)\"><\/span><span style=\"font-family: Inter;font-size: 25px;font-weight: 700;letter-spacing: 0px;text-align: var(--text-align)\"><\/span><\/p><\/h2>\t\t\t\t<\/div>\n\t\t\t\t<\/div>\n\t\t\t\t<\/div>\n\t\t\t\t\t<\/div>\n\t\t\t\t<\/div>\n\t\t<div class=\"elementor-element elementor-element-0f4d621 e-flex e-con-boxed e-con e-parent\" data-id=\"0f4d621\" data-element_type=\"container\" data-e-type=\"container\">\n\t\t\t\t\t<div class=\"e-con-inner\">\n\t\t\t\t<div class=\"elementor-element elementor-element-8dfa0cd elementor-widget elementor-widget-text-editor\" data-id=\"8dfa0cd\" data-element_type=\"widget\" data-e-type=\"widget\" data-widget_type=\"text-editor.default\">\n\t\t\t\t<div class=\"elementor-widget-container\">\n\t\t\t\t\t\t\t\t\t<p class=\"translation-block\">Luft-Wasser-W\u00e4rmepumpe \u2013 <b>Heizen mit erneuerbaren Energien und Klimaschutz leisten.<\/b><\/p><h2>Welche Voraussetzungen gelten f\u00fcr die Klimabonus-F\u00f6rderung?<\/h2><ul><li>Die Klimabonus-F\u00f6rderung gibt es nur f\u00fcr Heizungsanlagen in Wohngeb\u00e4uden.<\/li><li>Pro Wohngeb\u00e4ude kann nur eines der folgenden Heizsysteme gef\u00f6rdert werden: W\u00e4rmepumpe, Holzheizung oder Anschluss an Fernw\u00e4rme.<\/li><li>F\u00fcr eine technische Anlage darf keine staatliche F\u00f6rderung im Rahmen des F\u00f6rderprogramms 2012 oder 2016 beantragt worden sein.<\/li><li>G\u00fcltig f\u00fcr Rechnungen mit Datum bis 31.12.2025.<\/li><li>Bei einem Hybridsystem m\u00fcssen mindestens 70 % des j\u00e4hrlichen W\u00e4rmebedarfs durch die W\u00e4rmepumpe gedeckt werden.<\/li><\/ul><p class=\"translation-block\">Um mehr zu erfahren, k\u00f6nnen Sie <a href=\"https:\/\/legilux.public.lu\/eli\/etat\/leg\/rgd\/2022\/04\/07\/a180\/jo#paragraph_12\" target=\"_blank\" rel=\"nofollow noopener\" aria-label=\"die entsprechende Verordnung, \u00f6ffnet ein neues Fenster\" data-nww-processed=\"true\">die entsprechende Verordnung<\/a> konsultieren.<\/p><h2>Wie beantrage ich die Klimabonus-F\u00f6rderung?<\/h2><ul><li><div><p>So beantragen Sie die Klimabonus-F\u00f6rderung:<\/p><ul><li>Der F\u00f6rderantrag kann nach Abschluss der Installation gestellt werden.<\/li><\/ul><p>So beantragen Sie die Topup-Sozialf\u00f6rderung Klimabonus:<\/p><ul><li>Der Antrag muss nach Erhalt des Bescheids \u00fcber die Gew\u00e4hrung der Klimabonus-F\u00f6rderung bei der Einheitlichen Anlaufstelle f\u00fcr Wohnbeihilfen eingereicht werden.<\/li><\/ul><p><b>Ansprechpartner f\u00fcr die Klimabonus-F\u00f6rderung und die Topup-Sozial-Klimabonus-F\u00f6rderung<\/b><\/p><p>Zentrale Anlaufstelle f\u00fcr Wohnbeihilfen<br \/>11, rue de Hollerich<br \/>L-1741 Luxemburg<br \/>Gro\u00dfherzogtum Luxemburg<br \/>Mail: guichet@ml.etat.lu<br \/>Tel: (+352) 8002 10 10<\/p><p class=\"translation-block\">Um meinen Klimabonus-Antrag einzureichen, f\u00fclle ich\u00a0<a href=\"https:\/\/guichet.public.lu\/en\/citoyens\/aides\/logement-construction\/klimabonus\/aide-installations-techniques-regime-2022.html\" target=\"_blank\" rel=\"nofollow noopener\" aria-label=\"the follwing forms, opens a new window\" data-nww-processed=\"true\">die folgenden Formulare<\/a> aus:<\/p><ul><li>&#8220;Demande d\u2019une aide dans le cadre du PAQUET BANQUE CLIMATIQUE ET LOGEMENT DURABLE &#8211; DEPA-2022 &#8211; Personne physique&#8221; or the form for &#8220;Personnes morales&#8221;<\/li><li>&#8220;Pompe \u00e0 chaleur &#8211; Fiche annexe : POCH-2022&#8221;<\/li><\/ul><p class=\"translation-block\">Weitere Informationen kann ich\u00a0<a href=\"https:\/\/legilux.public.lu\/eli\/etat\/leg\/rgd\/2022\/04\/07\/a180\/jo#paragraph_34\" target=\"_blank\" rel=\"nofollow noopener\" aria-label=\"die entsprechende Verordnung, \u00f6ffnet ein neues Fenster\" data-nww-processed=\"true\">die entsprechende Verordnung<\/a> einsehen.<\/p><p class=\"translation-block\">Um meinen Topup Social Klimabonus-Antrag einzureichen, f\u00fclle ich\u00a0<a href=\"https:\/\/logement.public.lu\/fr\/proprietaire\/renovation-amenagements-speciaux\/topup-klimabonus.html\" target=\"_blank\" rel=\"nofollow noopener\" aria-label=\"the following forms, opens a new window\" data-nww-processed=\"true\">die folgenden Formulare<\/a> aus:<\/p><ul><li>\u00ab Demande en obtention d\u2019une aide \u00e0 l\u2019assainissement \u00e9nerg\u00e9tique (F3) \u00bb<\/li><li>\u00ab D\u00e9claration relative \u00e0 la composition de la communaut\u00e9 domestique L\/A21 \u00bb<\/li><li>\u00ab D\u00e9claration sur l\u2019honneur \u2013 Aquisition A92 \u00bb<\/li><\/ul><p>F\u00fcr weitere Informationen stehe ich Ihnen gerne zur Verf\u00fcgung\u00a0<a href=\"https:\/\/legilux.public.lu\/eli\/etat\/leg\/loi\/2023\/08\/07\/a554\/jo#subsection_4\" target=\"_blank\" rel=\"noopener\">das entsprechende Gesetz<\/a>.<\/p><\/div><div><p><b>Die Erh\u00f6hung des Wechselbonus von 30% auf 50% der simulierten F\u00f6rderung wird bis zum 31.12.2025* verl\u00e4ngert. Der Klimabonus-Basiszuschuss ist g\u00fcltig f\u00fcr Rechnungen vom 01.01.2022 bis 31.12.2025*<\/b><\/p><\/div><div class=\"translation-block\">* Vorbehaltlich des Abschlusses der Gesetzgebungs- und Regulierungsverfahren. Ein Entwurf f\u00fcr eine gro\u00dfherzogliche Verordnung wird derzeit gepr\u00fcft. Weitere Informationen finden Sie unter\u00a0<a href=\"https:\/\/www.klima-agence.lu\/en\/new-use-klimabonus-subsidy-programme-your-renovation-project-heat-pump-or-photovoltaic-system\" target=\"_blank\" rel=\"nofollow noopener\" aria-label=\"die Neuigkeiten der Klima-Agence, \u00f6ffnet ein neues Fenster\" data-nww-processed=\"true\">die Neuigkeiten der Klima-Agence<\/a>.<\/div><\/li><\/ul><h2>Welche technischen Voraussetzungen m\u00fcssen f\u00fcr die Klimabonus-F\u00f6rderung erf\u00fcllt sein?<\/h2><ul><li>Nach der Installation muss ein hydraulischer Abgleich durchgef\u00fchrt werden.<\/li><li>Einbau eines separaten oder integrierten Stromz\u00e4hlers in die W\u00e4rmepumpe.<\/li><li>W\u00e4rmepumpen, deren Abrechnung ab dem 1. Januar 2024 erfolgt, m\u00fcssen mit einem W\u00e4rmemengenz\u00e4hler ausgestattet sein.<\/li><li class=\"translation-block\">Nur f\u00fcr bestehende Geb\u00e4ude: Einbau eines Pufferspeichers (Kessels) von mindestens 30 l\/W\u00e4rme kW<sub>th<\/sub>. Ausgenommen hiervon sind W\u00e4rmepumpen und Hybrid-W\u00e4rmepumpen, die mit einem Frequenzumrichter (\u201eInverter\u201c) mit Drehzahl-\/Leistungsmodulation ausgestattet sind.<\/li><\/ul><h3>UPDATE<\/h3><p>Der Zuschuss von 25 % f\u00fcr Photovoltaikanlagen im Eigenverbrauchsbetrieb oder im Rahmen einer Energiegemeinschaft wird f\u00fcr eine \u00dcbergangszeit von 3 Monaten verl\u00e4ngert (Bestellung bis sp\u00e4testens 30. September 2024). Derzeit betr\u00e4gt die F\u00f6rderh\u00f6he 62,5 % der tats\u00e4chlichen Kosten, mit einer Obergrenze von 1.562,5 EUR pro Peak-kW.<\/p><p>Ab dem 1. Oktober 2024 wird die derzeitige Regelung f\u00fcr energetische Sanierungsma\u00dfnahmen sowie f\u00fcr W\u00e4rmepumpen und Holzkessel beibehalten, w\u00e4hrend die finanzielle Unterst\u00fctzung f\u00fcr Photovoltaikmodule auf 50% der tats\u00e4chlichen Kosten der ab dem 1. Oktober 2024 bestellten Anlagen gesenkt wird, mit einer Obergrenze von 1.250 EUR pro kW<span style=\"color: var(--text-color); letter-spacing: 0px; text-align: var(--text-align);\">\u00a0<\/span><\/p>\t\t\t\t\t\t\t\t<\/div>\n\t\t\t\t<\/div>\n\t\t\t\t\t<\/div>\n\t\t\t\t<\/div>\n\t\t<div class=\"elementor-element elementor-element-d26166c e-flex e-con-boxed e-con e-parent\" data-id=\"d26166c\" data-element_type=\"container\" data-e-type=\"container\">\n\t\t\t\t\t<div class=\"e-con-inner\">\n\t\t\t\t<div class=\"elementor-element elementor-element-2a2ee85 elementor-widget elementor-widget-text-editor\" data-id=\"2a2ee85\" data-element_type=\"widget\" data-e-type=\"widget\" data-widget_type=\"text-editor.default\">\n\t\t\t\t<div class=\"elementor-widget-container\">\n\t\t\t\t\t\t\t\t\t<p style=\"text-align: center;\"><strong>All information comes from Klima Agence and you will always get the latest and most up-to-date information about available subsidies from them. Contact their representative at: <\/strong><a href=\"https:\/\/www.klima-agence.lu\" target=\"_blank\" rel=\"noopener\"><strong>https:\/\/www.klima-agence.lu<\/strong><\/a><\/p>\t\t\t\t\t\t\t\t<\/div>\n\t\t\t\t<\/div>\n\t\t\t\t\t<\/div>\n\t\t\t\t<\/div>\n\t\t\t\t<\/div>","protected":false},"excerpt":{"rendered":"<p>Klimabonus 511 The &#8220;KLIMABONUS 511&#8221; program is a Luxembourgish government initiative that provides financial incentives for the installation of heat pumps. The program offers a subsidy of \u20ac511 per kilowatt (kW) of installed capacity, up to a maximum of 10 kW. The subsidy is available to both individuals and businesses. Air-to-water heat pump &#8211; Heating [&hellip;]<\/p>\n","protected":false},"author":5,"featured_media":0,"parent":0,"menu_order":0,"comment_status":"closed","ping_status":"closed","template":"elementor_header_footer","meta":{"inline_featured_image":false,"footnotes":""},"class_list":["post-12620","page","type-page","status-publish","hentry"],"_links":{"self":[{"href":"https:\/\/voltmax.lu\/de\/wp-json\/wp\/v2\/pages\/12620","targetHints":{"allow":["GET"]}}],"collection":[{"href":"https:\/\/voltmax.lu\/de\/wp-json\/wp\/v2\/pages"}],"about":[{"href":"https:\/\/voltmax.lu\/de\/wp-json\/wp\/v2\/types\/page"}],"author":[{"embeddable":true,"href":"https:\/\/voltmax.lu\/de\/wp-json\/wp\/v2\/users\/5"}],"replies":[{"embeddable":true,"href":"https:\/\/voltmax.lu\/de\/wp-json\/wp\/v2\/comments?post=12620"}],"version-history":[{"count":0,"href":"https:\/\/voltmax.lu\/de\/wp-json\/wp\/v2\/pages\/12620\/revisions"}],"wp:attachment":[{"href":"https:\/\/voltmax.lu\/de\/wp-json\/wp\/v2\/media?parent=12620"}],"curies":[{"name":"wp","href":"https:\/\/api.w.org\/{rel}","templated":true}]}}