{"id":11029,"date":"2024-12-22T01:16:23","date_gmt":"2024-12-22T00:16:23","guid":{"rendered":"https:\/\/voltmax.lu\/?page_id=11029"},"modified":"2025-02-18T14:30:45","modified_gmt":"2025-02-18T13:30:45","slug":"klimabonus-151","status":"publish","type":"page","link":"https:\/\/voltmax.lu\/de\/klimabonus-151\/","title":{"rendered":"Klimabonus 151"},"content":{"rendered":"<div data-elementor-type=\"wp-page\" data-elementor-id=\"11029\" class=\"elementor elementor-11029\">\n\t\t\t\t<div class=\"elementor-element elementor-element-fdfee49 e-flex e-con-boxed e-con e-parent\" data-id=\"fdfee49\" data-element_type=\"container\" data-settings=\"{&quot;background_background&quot;:&quot;classic&quot;}\">\n\t\t\t\t\t<div class=\"e-con-inner\">\n\t\t\t\t<div class=\"elementor-element elementor-element-46eabea elementor-widget elementor-widget-spacer\" data-id=\"46eabea\" data-element_type=\"widget\" data-widget_type=\"spacer.default\">\n\t\t\t\t<div class=\"elementor-widget-container\">\n\t\t\t\t\t<div class=\"elementor-spacer\">\n\t\t\t<div class=\"elementor-spacer-inner\"><\/div>\n\t\t<\/div>\n\t\t\t\t<\/div>\n\t\t\t\t<\/div>\n\t\t\t\t<div class=\"elementor-element elementor-element-c8c596e elementor-widget elementor-widget-heading\" data-id=\"c8c596e\" data-element_type=\"widget\" data-widget_type=\"heading.default\">\n\t\t\t\t<div class=\"elementor-widget-container\">\n\t\t\t<h1 class=\"elementor-heading-title elementor-size-default\">Klimabonus 151<\/h1>\t\t<\/div>\n\t\t\t\t<\/div>\n\t\t\t\t<div class=\"elementor-element elementor-element-cb4b688 elementor-widget elementor-widget-spacer\" data-id=\"cb4b688\" data-element_type=\"widget\" data-widget_type=\"spacer.default\">\n\t\t\t\t<div class=\"elementor-widget-container\">\n\t\t\t\t\t<div class=\"elementor-spacer\">\n\t\t\t<div class=\"elementor-spacer-inner\"><\/div>\n\t\t<\/div>\n\t\t\t\t<\/div>\n\t\t\t\t<\/div>\n\t\t\t\t\t<\/div>\n\t\t\t\t<\/div>\n\t\t<div class=\"elementor-element elementor-element-0f4d621 e-flex e-con-boxed e-con e-parent\" data-id=\"0f4d621\" data-element_type=\"container\">\n\t\t\t\t\t<div class=\"e-con-inner\">\n\t\t\t\t<div class=\"elementor-element elementor-element-8dfa0cd elementor-widget elementor-widget-text-editor\" data-id=\"8dfa0cd\" data-element_type=\"widget\" data-widget_type=\"text-editor.default\">\n\t\t\t\t<div class=\"elementor-widget-container\">\n\t\t\t\t\t\t\t<p>Das Programm \"KLIMABONUS 151\" ist eine Initiative der luxemburgischen Regierung, die finanzielle Anreize f\u00fcr die Installation von Ladeger\u00e4ten f\u00fcr Elektrofahrzeuge bietet. Das Programm bietet einen Zuschuss von 151 \u20ac pro Kilowatt (kW) installierter Leistung, bis zu einem Maximum von 22 kW. Der Zuschuss kann sowohl von Privatpersonen als auch von Unternehmen in Anspruch genommen werden.<\/p><h2 class=\"heading xl\">Intelligente Ladestation \u2013 Laden zu Hause leicht gemacht.<\/h2><h3>Welche Voraussetzungen gelten f\u00fcr die Klimabonus-F\u00f6rderung?<\/h3><ul><li>Diese F\u00f6rderung ist auf nat\u00fcrliche und juristische Personen beschr\u00e4nkt.<\/li><li>Als juristische Personen kommen eine ASBL, eine Stiftung oder eine Gesellschaft b\u00fcrgerlichen Rechts ohne wirtschaftliche T\u00e4tigkeit in Frage sowie ein Vertreter der Miteigent\u00fcmergemeinschaft, der mindestens die H\u00e4lfte der Anteile an den von nat\u00fcrlichen oder juristischen Personen gehaltenen Gemeinschaftsanteilen vertreten kann.<\/li><li>Die Person muss Eigent\u00fcmer oder Mieter des Parkplatzes sein, auf dem die Ladestation installiert ist.<\/li><li>Die Ladestation muss neu sein.<\/li><li>Der Standort muss auf luxemburgischem Gebiet liegen.<\/li><li>Dem gleichen Antragsteller kann f\u00fcr dasselbe Geb\u00e4ude nur eine F\u00f6rderung gew\u00e4hrt werden.<\/li><li>Ist der Antragsteller Eigent\u00fcmer oder Mieter mehrerer Parkpl\u00e4tze, die demselben Geb\u00e4ude zugeordnet sind, oder ist er die Eigent\u00fcmergemeinschaft, kann er eine Beihilfe f\u00fcr Folgendes beantragen:<ul><li>1 Ladestation pro Wohneinheit;<\/li><li>1 Ladestation pro Gewerbeparkplatz plus eine weitere Ladestation f\u00fcr jeden weiteren zweiten Stellplatz (maximal 15 Ladestationen pro Geb\u00e4ude auf den Gewerbeparkpl\u00e4tzen zugeordneten Stellpl\u00e4tzen);<\/li><li>1 Ladestation pro Gemeinschaftsparkplatz sowie eine zus\u00e4tzliche Ladestation f\u00fcr jeden zweiten zu den Gemeinschaftsfl\u00e4chen geh\u00f6renden Parkplatz (max. 25 Ladestationen pro Geb\u00e4ude auf Gemeinschaftsparkpl\u00e4tzen installiert).<\/li><\/ul><\/li><li>F\u00fcr Ladestationen, die zur gewerblichen Nutzung oder zum Weiterverkauf bestimmt sind, wird die F\u00f6rderung nicht gew\u00e4hrt.<\/li><\/ul><p class=\"translation-block\">Weitere Informationen finden Sie in\u00a0<a href=\"https:\/\/legilux.public.lu\/eli\/etat\/leg\/rgd\/2020\/08\/19\/a702\/jo#paragraph_7\" target=\"_blank\" rel=\"nofollow noopener\" aria-label=\"die entsprechende Verordnung, \u00f6ffnet ein neues Fenster\" data-nww-processed=\"true\">der entsprechenden Verordnung<\/a>.<\/p><h2>Wie beantrage ich die Klimabonus-F\u00f6rderung?<\/h2><ul><li><div class=\"text\"><ul><li>Der Antrag auf F\u00f6rderung muss sp\u00e4testens 12 Monate nach der letzten Rechnungsstellung im Zusammenhang mit der Investition gestellt werden.<\/li><li>Bei einem Geb\u00e4ude mit mindestens vier Stellpl\u00e4tzen kann f\u00fcr die Vorarbeiten ein Zuschuss von 450 \u20ac beantragt werden. Dieser Betrag wird von den F\u00f6rderbetr\u00e4gen und H\u00f6chstgrenzen f\u00fcr die Installation der Ladestation abgezogen.<\/li><\/ul><p class=\"translation-block\">Um meinen Antrag einzureichen, f\u00fclle ich\u00a0<a href=\"https:\/\/guichet.public.lu\/en\/citoyens\/aides\/transport\/transports-individuels\/installation-bornes-charges-privees.html\" target=\"_blank\" rel=\"nofollow noopener\" aria-label=\"the following forms, opens a new window\" data-nww-processed=\"true\">die folgenden Formulare<\/a> aus:<\/p><ul><li>\u201cFormulaire de demande de subvention pour une borne de charge priv\u00e9e \u2013 partie \u00e0 remplir par le demandeur de l\u2019aide\u201d<\/li><li>\u201cFormulaire de demande de subvention pour une borne de charge priv\u00e9e \u2013 partie \u00e0 remplir par l\u2019entreprise charg\u00e9e de l\u2019ex\u00e9cution des travaux d\u2019installation de la borne\u201d<\/li><\/ul><p class=\"translation-block\">Weitere Informationen kann ich\u00a0<a href=\"https:\/\/legilux.public.lu\/eli\/etat\/leg\/rgd\/2022\/04\/07\/a180\/jo#paragraph_34\" target=\"_blank\" rel=\"nofollow noopener\" aria-label=\"die entsprechende Verordnung, \u00f6ffnet ein neues Fenster\" data-nww-processed=\"true\">die entsprechende Verordnung<\/a> einsehen.<\/p><\/div><div class=\"text\"><p><b>G\u00fcltig f\u00fcr Rechnungen vom 01.07.2020 bis 31.12.2024<\/b><\/p><\/div><\/li><\/ul><h2>Welche technischen Voraussetzungen m\u00fcssen f\u00fcr die Klimabonus-F\u00f6rderung erf\u00fcllt sein?<\/h2><ul><li>Die Ladestation muss an das Niederspannungsverteilungsnetz angeschlossen werden.<\/li><li>Die maximale Ladeleistung der Station ist auf 11 kW begrenzt und die Installation erfolgt durch einen professionellen Elektriker.<\/li><li>Ab 7 kW ist der Anschluss an den Smart Meter eine Vorgabe des Netzbetreibers.<\/li><li>Bei einem Geb\u00e4ude mit mindestens vier Stellpl\u00e4tzen sind ausschlie\u00dflich OCPP-Ladestationen ab Version 1.6 f\u00f6rderf\u00e4hig.<\/li><\/ul><ul><li>Mit meiner intelligenten Ladestation OCPP (Open Charge Point Protocol) ist die Kommunikation zwischen der Ladestation und einem zentralen Managementsystem m\u00f6glich. Dadurch kann jede Ladestation in ein intelligentes Lademanagementsystem integriert werden.<\/li><li>Der Netzmanager kann im Notfall auch leistungssteuernd eingreifen und die Leistung vor\u00fcbergehend reduzieren oder die Ladestation deaktivieren, um allgemeine Ausf\u00e4lle durch Netz\u00fcberlastung und damit Sch\u00e4den (z. B. Ausfall sensibler Infrastrukturen wie Gefrierschr\u00e4nke) zu vermeiden.<\/li><\/ul><h3>UPDATE<\/h3><p>Der Zuschuss von 25 % f\u00fcr Photovoltaikanlagen im Eigenverbrauchsbetrieb oder im Rahmen einer Energiegemeinschaft wird f\u00fcr eine \u00dcbergangszeit von 3 Monaten verl\u00e4ngert (Bestellung bis sp\u00e4testens 30. September 2024). Derzeit betr\u00e4gt die F\u00f6rderh\u00f6he 62,5 % der tats\u00e4chlichen Kosten, mit einer Obergrenze von 1.562,5 EUR pro Peak-kW.<\/p><p>Ab dem 1. Oktober 2024 wird die derzeitige Regelung f\u00fcr energetische Sanierungsma\u00dfnahmen sowie f\u00fcr W\u00e4rmepumpen und Holzkessel beibehalten, w\u00e4hrend die finanzielle Unterst\u00fctzung f\u00fcr Photovoltaikmodule auf 50% der tats\u00e4chlichen Kosten der ab dem 1. Oktober 2024 bestellten Anlagen gesenkt wird, mit einer Obergrenze von 1.250 EUR pro kW<\/p>\t\t\t\t\t\t<\/div>\n\t\t\t\t<\/div>\n\t\t\t\t\t<\/div>\n\t\t\t\t<\/div>\n\t\t<div class=\"elementor-element elementor-element-81b97cc e-flex e-con-boxed e-con e-parent\" data-id=\"81b97cc\" data-element_type=\"container\">\n\t\t\t\t\t<div class=\"e-con-inner\">\n\t\t\t\t<div class=\"elementor-element elementor-element-79d20f6 elementor-widget elementor-widget-heading\" data-id=\"79d20f6\" data-element_type=\"widget\" data-widget_type=\"heading.default\">\n\t\t\t\t<div class=\"elementor-widget-container\">\n\t\t\t<h3 class=\"elementor-heading-title elementor-size-default\">All information comes from Klima Agence and you will always get the latest and most up-to-date information about available subsidies from them. Contact their representative at: https:\/\/www.klima-agence.lu<\/h3>\t\t<\/div>\n\t\t\t\t<\/div>\n\t\t\t\t\t<\/div>\n\t\t\t\t<\/div>\n\t\t\t\t<\/div>","protected":false},"excerpt":{"rendered":"<p>Klimabonus 151 The \u201cKLIMABONUS 151\u201d program is a Luxembourgish government initiative that provides financial incentives for the installation of electric vehicle chargers. The program offers a subsidy of \u20ac151 per kilowatt (kW) of installed capacity, up to a maximum of 22 kW. The subsidy is available to both individuals and businesses. Smart charging station\u00a0\u2013 Charging [&hellip;]<\/p>\n","protected":false},"author":1,"featured_media":0,"parent":0,"menu_order":0,"comment_status":"closed","ping_status":"closed","template":"elementor_header_footer","meta":{"inline_featured_image":false,"footnotes":""},"class_list":["post-11029","page","type-page","status-publish","hentry"],"_links":{"self":[{"href":"https:\/\/voltmax.lu\/de\/wp-json\/wp\/v2\/pages\/11029","targetHints":{"allow":["GET"]}}],"collection":[{"href":"https:\/\/voltmax.lu\/de\/wp-json\/wp\/v2\/pages"}],"about":[{"href":"https:\/\/voltmax.lu\/de\/wp-json\/wp\/v2\/types\/page"}],"author":[{"embeddable":true,"href":"https:\/\/voltmax.lu\/de\/wp-json\/wp\/v2\/users\/1"}],"replies":[{"embeddable":true,"href":"https:\/\/voltmax.lu\/de\/wp-json\/wp\/v2\/comments?post=11029"}],"version-history":[{"count":0,"href":"https:\/\/voltmax.lu\/de\/wp-json\/wp\/v2\/pages\/11029\/revisions"}],"wp:attachment":[{"href":"https:\/\/voltmax.lu\/de\/wp-json\/wp\/v2\/media?parent=11029"}],"curies":[{"name":"wp","href":"https:\/\/api.w.org\/{rel}","templated":true}]}}