{"id":10217,"date":"2024-12-20T00:02:22","date_gmt":"2024-12-19T23:02:22","guid":{"rendered":"https:\/\/voltmax.lu\/?page_id=10217"},"modified":"2025-02-18T14:38:07","modified_gmt":"2025-02-18T13:38:07","slug":"impressum","status":"publish","type":"page","link":"https:\/\/voltmax.lu\/de\/impressum\/","title":{"rendered":"Impressum"},"content":{"rendered":"<div data-elementor-type=\"wp-page\" data-elementor-id=\"10217\" class=\"elementor elementor-10217\">\n\t\t\t\t<div class=\"elementor-element elementor-element-fb85ee4 e-flex e-con-boxed e-con e-parent\" data-id=\"fb85ee4\" data-element_type=\"container\" data-e-type=\"container\" data-settings=\"{&quot;background_background&quot;:&quot;classic&quot;}\">\n\t\t\t\t\t<div class=\"e-con-inner\">\n\t\t\t\t<div class=\"elementor-element elementor-element-7fae390 elementor-widget elementor-widget-spacer\" data-id=\"7fae390\" data-element_type=\"widget\" data-e-type=\"widget\" data-widget_type=\"spacer.default\">\n\t\t\t\t<div class=\"elementor-widget-container\">\n\t\t\t\t\t\t\t<div class=\"elementor-spacer\">\n\t\t\t<div class=\"elementor-spacer-inner\"><\/div>\n\t\t<\/div>\n\t\t\t\t\t\t<\/div>\n\t\t\t\t<\/div>\n\t\t\t\t<div class=\"elementor-element elementor-element-7ee2cdf elementor-widget-divider--view-line elementor-widget elementor-widget-divider\" data-id=\"7ee2cdf\" data-element_type=\"widget\" data-e-type=\"widget\" data-widget_type=\"divider.default\">\n\t\t\t\t<div class=\"elementor-widget-container\">\n\t\t\t\t\t\t\t<div class=\"elementor-divider\">\n\t\t\t<div class=\"elementor-divider-separator\">\n\t\t\t\t\t\t<\/div>\n\t\t<\/div>\n\t\t\t\t\t\t<\/div>\n\t\t\t\t<\/div>\n\t\t\t\t<div class=\"elementor-element elementor-element-5fdddcb elementor-widget elementor-widget-heading\" data-id=\"5fdddcb\" data-element_type=\"widget\" data-e-type=\"widget\" data-widget_type=\"heading.default\">\n\t\t\t\t<div class=\"elementor-widget-container\">\n\t\t\t\t\t<h1 class=\"elementor-heading-title elementor-size-default\">Impressum<\/h1>\t\t\t\t<\/div>\n\t\t\t\t<\/div>\n\t\t\t\t<div class=\"elementor-element elementor-element-35f5fa2 elementor-widget elementor-widget-spacer\" data-id=\"35f5fa2\" data-element_type=\"widget\" data-e-type=\"widget\" data-widget_type=\"spacer.default\">\n\t\t\t\t<div class=\"elementor-widget-container\">\n\t\t\t\t\t\t\t<div class=\"elementor-spacer\">\n\t\t\t<div class=\"elementor-spacer-inner\"><\/div>\n\t\t<\/div>\n\t\t\t\t\t\t<\/div>\n\t\t\t\t<\/div>\n\t\t\t\t\t<\/div>\n\t\t\t\t<\/div>\n\t\t<div class=\"elementor-element elementor-element-3ca69ca e-flex e-con-boxed e-con e-parent\" data-id=\"3ca69ca\" data-element_type=\"container\" data-e-type=\"container\">\n\t\t\t\t\t<div class=\"e-con-inner\">\n\t\t\t\t<div class=\"elementor-element elementor-element-f5d6137 elementor-widget elementor-widget-text-editor\" data-id=\"f5d6137\" data-element_type=\"widget\" data-e-type=\"widget\" data-widget_type=\"text-editor.default\">\n\t\t\t\t<div class=\"elementor-widget-container\">\n\t\t\t\t\t\t\t\t\t<h3>Voltmax SARL<\/h3><h5>47 Rue Mathias Tresch,<br \/>L-2626 Luxembourg<\/h5><p>info@voltmax.lu<\/p><p>Tel.: +352 691 986 312<br \/>Tel: +352 661 444 833<br \/><a href=\"mailto:info@voltmax.lu\">info@voltmax.lu<\/a><br \/><a href=\"https:\/\/voltmax.lu\/de\/\" target=\"_blank\" rel=\"noopener\">https:\/\/www.voltmax.lu\/<\/a><\/p><p><strong>Sitz der Firma:<\/strong><br \/>Luxemburg<\/p><p><strong>Registrieren<\/strong><br \/>B270450,<\/p><p><strong>Identifical-Nummer:<\/strong><br \/>2022 24 59185,<\/p><p><strong>Gewerbeerlaubnis-Nr.:<\/strong><br \/>10153228\/2<\/p><p><strong>Gewerbeerlaubnis-Nr.:<\/strong><br \/>10153228\/3<\/p><p><strong>Umsatzsteuer-Identifikationsnummer:<\/strong><br \/>LU34874947<\/p><p><strong>Haftungsausschluss<\/strong><br \/>Haftung f\u00fcr Inhalte<br \/>Die Inhalte dieser Seiten wurden mit gr\u00f6\u00dfter Sorgfalt erstellt. F\u00fcr die Richtigkeit, Vollst\u00e4ndigkeit und Aktualit\u00e4t der Inhalte k\u00f6nnen wir jedoch keine Gew\u00e4hr \u00fcbernehmen.<\/p><p>Nach dem Telemediengesetz in der Fassung vom 1. M\u00e4rz 2007 ist der Diensteanbieter\/Autor f\u00fcr eigene Inhalte auf seinen Webseiten nach den allgemeinen Gesetzen verantwortlich. Diensteanbieter sind jedoch nicht verpflichtet, die von ihnen \u00fcbermittelten oder gespeicherten fremden Informationen zu \u00fcberwachen oder nach Umst\u00e4nden zu forschen, die auf eine rechtswidrige T\u00e4tigkeit hinweisen. Verpflichtungen zur Entfernung oder Sperrung der Nutzung von Informationen nach den allgemeinen Gesetzen bleiben hiervon unber\u00fchrt. Eine diesbez\u00fcgliche Haftung ist jedoch erst ab dem Zeitpunkt der Kenntnis einer konkreten Rechtsverletzung m\u00f6glich. Bei Bekanntwerden von entsprechenden Rechtsverletzungen werden wir diese Inhalte umgehend entfernen.<\/p><p><strong>Haftung f\u00fcr Links<\/strong><br \/>Bei direkten oder indirekten Verweisen auf fremde Internetseiten (\u201eLinks\u201c), die au\u00dferhalb des Verantwortungsbereiches des Autors liegen, haftet dieser nur dann, wenn er von den Inhalten Kenntnis hat und es ihm technisch m\u00f6glich und zumutbar w\u00e4re, die Nutzung im Falle rechtswidriger Inhalte zu verhindern. Der Autor erkl\u00e4rt hiermit ausdr\u00fccklich, dass zum Zeitpunkt der Linksetzung die entsprechenden verlinkten Seiten frei von illegalen Inhalten waren. Der Autor erkl\u00e4rt weiterhin, dass er keinerlei Einfluss auf die aktuelle und zuk\u00fcnftige Gestaltung und auf die Inhalte der gelinkten\/verkn\u00fcpften Seiten hat. Deshalb distanziert er sich hiermit ausdr\u00fccklich von allen Inhalten aller gelinkten\/verkn\u00fcpften Seiten, die nach der Linksetzung ver\u00e4ndert wurden. Diese Feststellung gilt f\u00fcr alle innerhalb des eigenen Internetangebotes gesetzten Links und Verweise sowie f\u00fcr Fremdeintr\u00e4ge in vom Autor eingerichteten G\u00e4steb\u00fcchern, Diskussionsforen und Mailinglisten. F\u00fcr illegale, fehlerhafte oder unvollst\u00e4ndige Inhalte und insbesondere f\u00fcr Sch\u00e4den, die aus der Nutzung oder Nichtnutzung solcherart dargebotener Informationen entstehen, haftet allein der Anbieter der Seite, auf welche verwiesen wurde, nicht derjenige, der \u00fcber Links auf die jeweilige Ver\u00f6ffentlichung lediglich verweist.<\/p><p><strong>Urheberrechte<\/strong><br \/>Der Autor ist bestrebt, in allen Publikationen die Urheberrechte der verwendeten Grafiken, Texte oder sonstigen Inhalte zu beachten, von ihm selbst erstellte Grafiken, Texte oder sonstige Inhalte zu nutzen oder auf lizenzfreie Grafiken, Texte oder sonstige Inhalte zur\u00fcckzugreifen. Das Copyright f\u00fcr ver\u00f6ffentlichte, vom Autor selbst erstellte Objekte bleibt allein beim Autor der Seiten. Eine Vervielf\u00e4ltigung oder Verwendung solcher Grafiken, Texte oder sonstigen Inhalte in anderen elektronischen oder gedruckten Publikationen ist ohne ausdr\u00fcckliche Zustimmung des Autors nicht gestattet.<\/p><p><strong>Rechtswirksamkeit dieses Haftungsausschlusses<\/strong><br \/>Dieser Haftungsausschluss ist als Teil des Internetangebotes zu betrachten, von dem aus auf diese Seite verwiesen wurde. Sofern Teile oder einzelne Formulierungen dieses Textes der geltenden Rechtslage nicht, nicht mehr oder nicht vollst\u00e4ndig entsprechen sollten, bleiben die \u00fcbrigen Teile des Dokumentes in ihrem Inhalt und ihrer G\u00fcltigkeit davon unber\u00fchrt.<\/p>\t\t\t\t\t\t\t\t<\/div>\n\t\t\t\t<\/div>\n\t\t\t\t\t<\/div>\n\t\t\t\t<\/div>\n\t\t\t\t<\/div>","protected":false},"excerpt":{"rendered":"<p>Impressum Voltmax SARL 47 Rue Mathias Tresch,L-2626 Luxembourg info@voltmax.lu Tel.: +352 691 986 312Tel: +352 661 444 833info@voltmax.luhttps:\/\/www.voltmax.lu\/ Office of the company:Luxembourg Register:B270450, Identifical number:2022 24 59185, Business permit No.:10153228\/2 Business permit No.:10153228\/3 VAT number:LU34874947 Disclaimer\/Exclusion of LiabilityLiability for contentThe content of this site was made with the highest care. However, we cannot guarantee that [&hellip;]<\/p>\n","protected":false},"author":1,"featured_media":0,"parent":0,"menu_order":0,"comment_status":"closed","ping_status":"closed","template":"elementor_header_footer","meta":{"inline_featured_image":false,"footnotes":""},"class_list":["post-10217","page","type-page","status-publish","hentry"],"_links":{"self":[{"href":"https:\/\/voltmax.lu\/de\/wp-json\/wp\/v2\/pages\/10217","targetHints":{"allow":["GET"]}}],"collection":[{"href":"https:\/\/voltmax.lu\/de\/wp-json\/wp\/v2\/pages"}],"about":[{"href":"https:\/\/voltmax.lu\/de\/wp-json\/wp\/v2\/types\/page"}],"author":[{"embeddable":true,"href":"https:\/\/voltmax.lu\/de\/wp-json\/wp\/v2\/users\/1"}],"replies":[{"embeddable":true,"href":"https:\/\/voltmax.lu\/de\/wp-json\/wp\/v2\/comments?post=10217"}],"version-history":[{"count":0,"href":"https:\/\/voltmax.lu\/de\/wp-json\/wp\/v2\/pages\/10217\/revisions"}],"wp:attachment":[{"href":"https:\/\/voltmax.lu\/de\/wp-json\/wp\/v2\/media?parent=10217"}],"curies":[{"name":"wp","href":"https:\/\/api.w.org\/{rel}","templated":true}]}}